{"id":117063,"date":"2026-05-05T18:49:05","date_gmt":"2026-05-05T21:49:05","guid":{"rendered":"https:\/\/www.hediyepazar.com\/?product=ovmali-boyun-ve-sirt-masaj-cihazi"},"modified":"2026-05-05T18:49:05","modified_gmt":"2026-05-05T21:49:05","slug":"ovmali-boyun-ve-sirt-masaj-cihazi","status":"publish","type":"product","link":"https:\/\/www.hediyepazar.com\/?product=ovmali-boyun-ve-sirt-masaj-cihazi","title":{"rendered":"Ovmal\u0131 Boyun ve S\u0131rt Masaj Cihaz\u0131"},"content":{"rendered":"<p>Bu masaj cihaz\u0131, y\u00fcksek etkili ovmal\u0131 masaj teknolojisiyle boyun, s\u0131rt, bel ve bacaklara uygulanabilir g\u00fc\u00e7l\u00fc bir terapi sunar. 4D yo\u011furmal\u0131 ba\u015fl\u0131k sistemine sahip cihaz, ancak otomatik y\u00f6n de\u011fi\u015ftiren sarmal etkinli\u011fiyle kaslar\u0131n\u0131za geleneksel masaj hissi ya\u015fat\u0131r. Kas dokular\u0131n\u0131n i\u00e7indeki gerginlikleri derinlemesine hedef al\u0131r, kas esnekli\u011fini art\u0131r\u0131r, ve uzun vadede hareket kabiliyetinizi destekler. S\u0131cakl\u0131k destekli masaj modu; y\u00fcksek s\u0131cakl\u0131k yay\u0131l\u0131m\u0131 sayesinde kas liflerini gev\u015feterek \u0131s\u0131nma ve toparlanma s\u00fcrecini h\u0131zland\u0131r\u0131r. G\u00fcnde yaln\u0131zca 10\u201315 dakikal\u0131k masaj kullan\u0131m\u0131yla yorgunluk hissinden uzakla\u015fabilir, kan dola\u015f\u0131m\u0131n\u0131z\u0131 iyile\u015ftirebilirsiniz. Dayan\u0131kl\u0131 kompozit malzeme ve kaliteli y\u00fczey kaplamalar\u0131 sayesinde cihaz uzun s\u00fcre y\u00fcksek performansla \u00e7al\u0131\u015f\u0131r. Hem evde hem ara\u00e7 i\u00e7inde kullan\u0131labilen \u00fcr\u00fcn, pratik ve ta\u015f\u0131nabilir yap\u0131s\u0131yla \u00f6ne \u00e7\u0131kar.<\/p>\n","protected":false},"excerpt":{"rendered":"<p>Bu masaj cihaz\u0131, y\u00fcksek etkili ovmal\u0131 masaj teknolojisiyle boyun, s\u0131rt, bel ve bacaklara uygulanabilir g\u00fc\u00e7l\u00fc bir terapi sunar. 4D yo\u011furmal\u0131 ba\u015fl\u0131k sistemine sahip cihaz, ancak otomatik y\u00f6n de\u011fi\u015ftiren sarmal etkinli\u011fiyle kaslar\u0131n\u0131za geleneksel masaj hissi ya\u015fat\u0131r. Kas dokular\u0131n\u0131n i\u00e7indeki gerginlikleri derinlemesine hedef al\u0131r, kas esnekli\u011fini art\u0131r\u0131r, ve uzun vadede hareket kabiliyetinizi destekler. S\u0131cakl\u0131k destekli masaj modu;&#8230;<\/p>\n","protected":false},"featured_media":117062,"comment_status":"open","ping_status":"closed","template":"","meta":{"_kad_post_transparent":"","_kad_post_title":"","_kad_post_layout":"","_kad_post_sidebar_id":"","_kad_post_content_style":"","_kad_post_vertical_padding":"","_kad_post_feature":"","_kad_post_feature_position":"","_kad_post_header":false,"_kad_post_footer":false,"_kad_post_classname":""},"product_brand":[],"product_cat":[14939],"product_tag":[],"class_list":{"0":"post-117063","1":"product","2":"type-product","3":"status-publish","4":"has-post-thumbnail","6":"product_cat-masaj-cihazi-masaj-cihazi","8":"first","9":"instock","10":"purchasable","11":"product-type-simple","12":"entry","13":"content-bg","14":"loop-entry"},"_links":{"self":[{"href":"https:\/\/www.hediyepazar.com\/index.php?rest_route=\/wp\/v2\/product\/117063","targetHints":{"allow":["GET"]}}],"collection":[{"href":"https:\/\/www.hediyepazar.com\/index.php?rest_route=\/wp\/v2\/product"}],"about":[{"href":"https:\/\/www.hediyepazar.com\/index.php?rest_route=\/wp\/v2\/types\/product"}],"replies":[{"embeddable":true,"href":"https:\/\/www.hediyepazar.com\/index.php?rest_route=%2Fwp%2Fv2%2Fcomments&post=117063"}],"wp:featuredmedia":[{"embeddable":true,"href":"https:\/\/www.hediyepazar.com\/index.php?rest_route=\/wp\/v2\/media\/117062"}],"wp:attachment":[{"href":"https:\/\/www.hediyepazar.com\/index.php?rest_route=%2Fwp%2Fv2%2Fmedia&parent=117063"}],"wp:term":[{"taxonomy":"product_brand","embeddable":true,"href":"https:\/\/www.hediyepazar.com\/index.php?rest_route=%2Fwp%2Fv2%2Fproduct_brand&post=117063"},{"taxonomy":"product_cat","embeddable":true,"href":"https:\/\/www.hediyepazar.com\/index.php?rest_route=%2Fwp%2Fv2%2Fproduct_cat&post=117063"},{"taxonomy":"product_tag","embeddable":true,"href":"https:\/\/www.hediyepazar.com\/index.php?rest_route=%2Fwp%2Fv2%2Fproduct_tag&post=117063"}],"curies":[{"name":"wp","href":"https:\/\/api.w.org\/{rel}","templated":true}]}}