{"id":117067,"date":"2026-05-05T18:49:15","date_gmt":"2026-05-05T21:49:15","guid":{"rendered":"https:\/\/www.hediyepazar.com\/?product=ayarlanabilir-bas-bandi-ve-yumusak-kulak-yastikli-bluetooth-kulaklik"},"modified":"2026-05-05T18:49:15","modified_gmt":"2026-05-05T21:49:15","slug":"ayarlanabilir-bas-bandi-ve-yumusak-kulak-yastikli-bluetooth-kulaklik","status":"publish","type":"product","link":"https:\/\/www.hediyepazar.com\/?product=ayarlanabilir-bas-bandi-ve-yumusak-kulak-yastikli-bluetooth-kulaklik","title":{"rendered":"Ayarlanabilir Ba\u015f Band\u0131 ve Yumu\u015fak Kulak Yast\u0131kl\u0131 Bluetooth Kulakl\u0131k"},"content":{"rendered":"<p>Ergonomik tasar\u0131m\u0131 ve ayarlanabilir kafa band\u0131yla bu kulakl\u0131k, uzun s\u00fcreli kullan\u0131mlarda bile ba\u015f ve kulak yorgunlu\u011funu minimuma indirir. Yumu\u015fak kulak yast\u0131klar\u0131 konforu art\u0131r\u0131rken, Bluetooth 5.0 teknolojisi kesintisiz ba\u011flant\u0131 sa\u011flar. Kablosuz kullan\u0131m\u0131n yan\u0131nda aux kablo ile alternatif ba\u011flant\u0131 sunar. \u0130ster film izleyin, ister m\u00fczik dinleyin ya da g\u00f6r\u00fc\u015fmeler yap\u0131n; bu kulakl\u0131k her an\u0131n\u0131za konfor ve kalite katmak i\u00e7in tasarland\u0131.<\/p>\n","protected":false},"excerpt":{"rendered":"<p>Ergonomik tasar\u0131m\u0131 ve ayarlanabilir kafa band\u0131yla bu kulakl\u0131k, uzun s\u00fcreli kullan\u0131mlarda bile ba\u015f ve kulak yorgunlu\u011funu minimuma indirir. Yumu\u015fak kulak yast\u0131klar\u0131 konforu art\u0131r\u0131rken, Bluetooth 5.0 teknolojisi kesintisiz ba\u011flant\u0131 sa\u011flar. Kablosuz kullan\u0131m\u0131n yan\u0131nda aux kablo ile alternatif ba\u011flant\u0131 sunar. \u0130ster film izleyin, ister m\u00fczik dinleyin ya da g\u00f6r\u00fc\u015fmeler yap\u0131n; bu kulakl\u0131k her an\u0131n\u0131za konfor ve kalite&#8230;<\/p>\n","protected":false},"featured_media":117066,"comment_status":"open","ping_status":"closed","template":"","meta":{"_kad_post_transparent":"","_kad_post_title":"","_kad_post_layout":"","_kad_post_sidebar_id":"","_kad_post_content_style":"","_kad_post_vertical_padding":"","_kad_post_feature":"","_kad_post_feature_position":"","_kad_post_header":false,"_kad_post_footer":false,"_kad_post_classname":""},"product_brand":[],"product_cat":[14957],"product_tag":[],"class_list":{"0":"post-117067","1":"product","2":"type-product","3":"status-publish","4":"has-post-thumbnail","6":"product_cat-kablosuz-kulaklik-kablosuz-kulaklik","8":"first","9":"instock","10":"purchasable","11":"product-type-simple","12":"entry","13":"content-bg","14":"loop-entry"},"_links":{"self":[{"href":"https:\/\/www.hediyepazar.com\/index.php?rest_route=\/wp\/v2\/product\/117067","targetHints":{"allow":["GET"]}}],"collection":[{"href":"https:\/\/www.hediyepazar.com\/index.php?rest_route=\/wp\/v2\/product"}],"about":[{"href":"https:\/\/www.hediyepazar.com\/index.php?rest_route=\/wp\/v2\/types\/product"}],"replies":[{"embeddable":true,"href":"https:\/\/www.hediyepazar.com\/index.php?rest_route=%2Fwp%2Fv2%2Fcomments&post=117067"}],"wp:featuredmedia":[{"embeddable":true,"href":"https:\/\/www.hediyepazar.com\/index.php?rest_route=\/wp\/v2\/media\/117066"}],"wp:attachment":[{"href":"https:\/\/www.hediyepazar.com\/index.php?rest_route=%2Fwp%2Fv2%2Fmedia&parent=117067"}],"wp:term":[{"taxonomy":"product_brand","embeddable":true,"href":"https:\/\/www.hediyepazar.com\/index.php?rest_route=%2Fwp%2Fv2%2Fproduct_brand&post=117067"},{"taxonomy":"product_cat","embeddable":true,"href":"https:\/\/www.hediyepazar.com\/index.php?rest_route=%2Fwp%2Fv2%2Fproduct_cat&post=117067"},{"taxonomy":"product_tag","embeddable":true,"href":"https:\/\/www.hediyepazar.com\/index.php?rest_route=%2Fwp%2Fv2%2Fproduct_tag&post=117067"}],"curies":[{"name":"wp","href":"https:\/\/api.w.org\/{rel}","templated":true}]}}