{"id":117069,"date":"2026-05-05T18:49:19","date_gmt":"2026-05-05T21:49:19","guid":{"rendered":"https:\/\/www.hediyepazar.com\/?product=mikrofonlu-kablosuz-kulaklik-uzun-pil-omru-ve-stereo-ses-performansi"},"modified":"2026-05-05T18:49:19","modified_gmt":"2026-05-05T21:49:19","slug":"mikrofonlu-kablosuz-kulaklik-uzun-pil-omru-ve-stereo-ses-performansi","status":"publish","type":"product","link":"https:\/\/www.hediyepazar.com\/?product=mikrofonlu-kablosuz-kulaklik-uzun-pil-omru-ve-stereo-ses-performansi","title":{"rendered":"Mikrofonlu Kablosuz Kulakl\u0131k | Uzun Pil \u00d6mr\u00fc ve Stereo Ses Performans\u0131"},"content":{"rendered":"<p>400 mAh batarya kapasitesi ile 4-5 saate kadar m\u00fczik dinleme veya g\u00f6r\u00fc\u015fme s\u00fcresi sunan bu kulakl\u0131k, g\u00fcnl\u00fck kullan\u0131mda kesintisiz bir deneyim sa\u011flar. Dahili mikrofonu sayesinde net sesli \u00e7a\u011fr\u0131lar ger\u00e7ekle\u015ftirebilir, \u00e7oklu fonksiyon tu\u015flar\u0131yla m\u00fczik ge\u00e7i\u015fleri ve ses kontrol\u00fcn\u00fc zahmetsizce yapabilirsiniz. \u015e\u0131k siyah rengi ve katlanabilir tasar\u0131m\u0131 ile hem tarz\u0131n\u0131z\u0131 tamamlar hem de kolay ta\u015f\u0131nabilirlik sunar.<\/p>\n","protected":false},"excerpt":{"rendered":"<p>400 mAh batarya kapasitesi ile 4-5 saate kadar m\u00fczik dinleme veya g\u00f6r\u00fc\u015fme s\u00fcresi sunan bu kulakl\u0131k, g\u00fcnl\u00fck kullan\u0131mda kesintisiz bir deneyim sa\u011flar. Dahili mikrofonu sayesinde net sesli \u00e7a\u011fr\u0131lar ger\u00e7ekle\u015ftirebilir, \u00e7oklu fonksiyon tu\u015flar\u0131yla m\u00fczik ge\u00e7i\u015fleri ve ses kontrol\u00fcn\u00fc zahmetsizce yapabilirsiniz. \u015e\u0131k siyah rengi ve katlanabilir tasar\u0131m\u0131 ile hem tarz\u0131n\u0131z\u0131 tamamlar hem de kolay ta\u015f\u0131nabilirlik sunar.<\/p>\n","protected":false},"featured_media":117068,"comment_status":"open","ping_status":"closed","template":"","meta":{"_kad_post_transparent":"","_kad_post_title":"","_kad_post_layout":"","_kad_post_sidebar_id":"","_kad_post_content_style":"","_kad_post_vertical_padding":"","_kad_post_feature":"","_kad_post_feature_position":"","_kad_post_header":false,"_kad_post_footer":false,"_kad_post_classname":""},"product_brand":[],"product_cat":[14957],"product_tag":[],"class_list":{"0":"post-117069","1":"product","2":"type-product","3":"status-publish","4":"has-post-thumbnail","6":"product_cat-kablosuz-kulaklik-kablosuz-kulaklik","8":"first","9":"instock","10":"purchasable","11":"product-type-simple","12":"entry","13":"content-bg","14":"loop-entry"},"_links":{"self":[{"href":"https:\/\/www.hediyepazar.com\/index.php?rest_route=\/wp\/v2\/product\/117069","targetHints":{"allow":["GET"]}}],"collection":[{"href":"https:\/\/www.hediyepazar.com\/index.php?rest_route=\/wp\/v2\/product"}],"about":[{"href":"https:\/\/www.hediyepazar.com\/index.php?rest_route=\/wp\/v2\/types\/product"}],"replies":[{"embeddable":true,"href":"https:\/\/www.hediyepazar.com\/index.php?rest_route=%2Fwp%2Fv2%2Fcomments&post=117069"}],"wp:featuredmedia":[{"embeddable":true,"href":"https:\/\/www.hediyepazar.com\/index.php?rest_route=\/wp\/v2\/media\/117068"}],"wp:attachment":[{"href":"https:\/\/www.hediyepazar.com\/index.php?rest_route=%2Fwp%2Fv2%2Fmedia&parent=117069"}],"wp:term":[{"taxonomy":"product_brand","embeddable":true,"href":"https:\/\/www.hediyepazar.com\/index.php?rest_route=%2Fwp%2Fv2%2Fproduct_brand&post=117069"},{"taxonomy":"product_cat","embeddable":true,"href":"https:\/\/www.hediyepazar.com\/index.php?rest_route=%2Fwp%2Fv2%2Fproduct_cat&post=117069"},{"taxonomy":"product_tag","embeddable":true,"href":"https:\/\/www.hediyepazar.com\/index.php?rest_route=%2Fwp%2Fv2%2Fproduct_tag&post=117069"}],"curies":[{"name":"wp","href":"https:\/\/api.w.org\/{rel}","templated":true}]}}