{"id":117071,"date":"2026-05-05T18:50:00","date_gmt":"2026-05-05T21:50:00","guid":{"rendered":"https:\/\/www.hediyepazar.com\/?product=suya-dayanikli-bluetooth-kulaklik-spor-ve-gunluk-kullanima-uygun"},"modified":"2026-05-05T18:50:00","modified_gmt":"2026-05-05T21:50:00","slug":"suya-dayanikli-bluetooth-kulaklik-spor-ve-gunluk-kullanima-uygun","status":"publish","type":"product","link":"https:\/\/www.hediyepazar.com\/?product=suya-dayanikli-bluetooth-kulaklik-spor-ve-gunluk-kullanima-uygun","title":{"rendered":"Suya Dayan\u0131kl\u0131 Bluetooth Kulakl\u0131k | Spor ve G\u00fcnl\u00fck Kullan\u0131ma Uygun"},"content":{"rendered":"<p>IPX4 suya ve tere dayan\u0131kl\u0131 bu Bluetooth kulakl\u0131k, spor yaparken veya ya\u011fmurlu havalarda g\u00fcvenli bir kullan\u0131m sunar. Katlanabilir yap\u0131s\u0131 ve hafif tasar\u0131m\u0131yla hareket halindeki ya\u015fam tarz\u0131n\u0131za uyum sa\u011flar. HD mikrofon ile eller serbest g\u00f6r\u00fc\u015fme imkan\u0131 sunarken, stereo ses kalitesi m\u00fczik dinleme deneyimini \u00fcst seviyeye \u00e7\u0131kar\u0131r. \u015e\u0131kl\u0131\u011f\u0131 ve fonksiyonelli\u011fi bir araya getiren bu kulakl\u0131k, spor tutkunlar\u0131n\u0131n vazge\u00e7ilmezi olacak.<\/p>\n","protected":false},"excerpt":{"rendered":"<p>IPX4 suya ve tere dayan\u0131kl\u0131 bu Bluetooth kulakl\u0131k, spor yaparken veya ya\u011fmurlu havalarda g\u00fcvenli bir kullan\u0131m sunar. Katlanabilir yap\u0131s\u0131 ve hafif tasar\u0131m\u0131yla hareket halindeki ya\u015fam tarz\u0131n\u0131za uyum sa\u011flar. HD mikrofon ile eller serbest g\u00f6r\u00fc\u015fme imkan\u0131 sunarken, stereo ses kalitesi m\u00fczik dinleme deneyimini \u00fcst seviyeye \u00e7\u0131kar\u0131r. \u015e\u0131kl\u0131\u011f\u0131 ve fonksiyonelli\u011fi bir araya getiren bu kulakl\u0131k, spor tutkunlar\u0131n\u0131n&#8230;<\/p>\n","protected":false},"featured_media":117070,"comment_status":"open","ping_status":"closed","template":"","meta":{"_kad_post_transparent":"","_kad_post_title":"","_kad_post_layout":"","_kad_post_sidebar_id":"","_kad_post_content_style":"","_kad_post_vertical_padding":"","_kad_post_feature":"","_kad_post_feature_position":"","_kad_post_header":false,"_kad_post_footer":false,"_kad_post_classname":""},"product_brand":[],"product_cat":[14957],"product_tag":[],"class_list":{"0":"post-117071","1":"product","2":"type-product","3":"status-publish","4":"has-post-thumbnail","6":"product_cat-kablosuz-kulaklik-kablosuz-kulaklik","8":"first","9":"instock","10":"purchasable","11":"product-type-simple","12":"entry","13":"content-bg","14":"loop-entry"},"_links":{"self":[{"href":"https:\/\/www.hediyepazar.com\/index.php?rest_route=\/wp\/v2\/product\/117071","targetHints":{"allow":["GET"]}}],"collection":[{"href":"https:\/\/www.hediyepazar.com\/index.php?rest_route=\/wp\/v2\/product"}],"about":[{"href":"https:\/\/www.hediyepazar.com\/index.php?rest_route=\/wp\/v2\/types\/product"}],"replies":[{"embeddable":true,"href":"https:\/\/www.hediyepazar.com\/index.php?rest_route=%2Fwp%2Fv2%2Fcomments&post=117071"}],"wp:featuredmedia":[{"embeddable":true,"href":"https:\/\/www.hediyepazar.com\/index.php?rest_route=\/wp\/v2\/media\/117070"}],"wp:attachment":[{"href":"https:\/\/www.hediyepazar.com\/index.php?rest_route=%2Fwp%2Fv2%2Fmedia&parent=117071"}],"wp:term":[{"taxonomy":"product_brand","embeddable":true,"href":"https:\/\/www.hediyepazar.com\/index.php?rest_route=%2Fwp%2Fv2%2Fproduct_brand&post=117071"},{"taxonomy":"product_cat","embeddable":true,"href":"https:\/\/www.hediyepazar.com\/index.php?rest_route=%2Fwp%2Fv2%2Fproduct_cat&post=117071"},{"taxonomy":"product_tag","embeddable":true,"href":"https:\/\/www.hediyepazar.com\/index.php?rest_route=%2Fwp%2Fv2%2Fproduct_tag&post=117071"}],"curies":[{"name":"wp","href":"https:\/\/api.w.org\/{rel}","templated":true}]}}