{"id":117075,"date":"2026-05-05T18:50:12","date_gmt":"2026-05-05T21:50:12","guid":{"rendered":"https:\/\/www.hediyepazar.com\/?product=kablolu-kablosuz-kullanim-secenegi-sunan-stereo-bluetooth-kulaklik"},"modified":"2026-05-05T18:50:12","modified_gmt":"2026-05-05T21:50:12","slug":"kablolu-kablosuz-kullanim-secenegi-sunan-stereo-bluetooth-kulaklik","status":"publish","type":"product","link":"https:\/\/www.hediyepazar.com\/?product=kablolu-kablosuz-kullanim-secenegi-sunan-stereo-bluetooth-kulaklik","title":{"rendered":"Kablolu &#038; Kablosuz Kullan\u0131m Se\u00e7ene\u011fi Sunan Stereo Bluetooth Kulakl\u0131k"},"content":{"rendered":"<p>Bu hibrit kulakl\u0131k, hem Bluetooth \u00fczerinden kablosuz hem de aux kablo ile kablolu kullan\u0131m imkan\u0131 sunarak kesintisiz e\u011flenceyi garanti eder. \u015earj\u0131n\u0131z bitti\u011finde m\u00fczik keyfiniz yar\u0131m kalmaz. Suni deri kulak yast\u0131klar\u0131 ve ayarlanabilir kafa band\u0131 uzun s\u00fcreli kullan\u0131mda bile konfor sa\u011flar. Dahili mikrofon ile \u00e7a\u011fr\u0131lar\u0131n\u0131z\u0131 net \u015fekilde ger\u00e7ekle\u015ftirin, stereo ses kalitesiyle m\u00fczikte ayr\u0131nt\u0131lar\u0131 yakalay\u0131n.<\/p>\n","protected":false},"excerpt":{"rendered":"<p>Bu hibrit kulakl\u0131k, hem Bluetooth \u00fczerinden kablosuz hem de aux kablo ile kablolu kullan\u0131m imkan\u0131 sunarak kesintisiz e\u011flenceyi garanti eder. \u015earj\u0131n\u0131z bitti\u011finde m\u00fczik keyfiniz yar\u0131m kalmaz. Suni deri kulak yast\u0131klar\u0131 ve ayarlanabilir kafa band\u0131 uzun s\u00fcreli kullan\u0131mda bile konfor sa\u011flar. Dahili mikrofon ile \u00e7a\u011fr\u0131lar\u0131n\u0131z\u0131 net \u015fekilde ger\u00e7ekle\u015ftirin, stereo ses kalitesiyle m\u00fczikte ayr\u0131nt\u0131lar\u0131 yakalay\u0131n.<\/p>\n","protected":false},"featured_media":117074,"comment_status":"open","ping_status":"closed","template":"","meta":{"_kad_post_transparent":"","_kad_post_title":"","_kad_post_layout":"","_kad_post_sidebar_id":"","_kad_post_content_style":"","_kad_post_vertical_padding":"","_kad_post_feature":"","_kad_post_feature_position":"","_kad_post_header":false,"_kad_post_footer":false,"_kad_post_classname":""},"product_brand":[],"product_cat":[14957],"product_tag":[],"class_list":{"0":"post-117075","1":"product","2":"type-product","3":"status-publish","4":"has-post-thumbnail","6":"product_cat-kablosuz-kulaklik-kablosuz-kulaklik","8":"first","9":"instock","10":"purchasable","11":"product-type-simple","12":"entry","13":"content-bg","14":"loop-entry"},"_links":{"self":[{"href":"https:\/\/www.hediyepazar.com\/index.php?rest_route=\/wp\/v2\/product\/117075","targetHints":{"allow":["GET"]}}],"collection":[{"href":"https:\/\/www.hediyepazar.com\/index.php?rest_route=\/wp\/v2\/product"}],"about":[{"href":"https:\/\/www.hediyepazar.com\/index.php?rest_route=\/wp\/v2\/types\/product"}],"replies":[{"embeddable":true,"href":"https:\/\/www.hediyepazar.com\/index.php?rest_route=%2Fwp%2Fv2%2Fcomments&post=117075"}],"wp:featuredmedia":[{"embeddable":true,"href":"https:\/\/www.hediyepazar.com\/index.php?rest_route=\/wp\/v2\/media\/117074"}],"wp:attachment":[{"href":"https:\/\/www.hediyepazar.com\/index.php?rest_route=%2Fwp%2Fv2%2Fmedia&parent=117075"}],"wp:term":[{"taxonomy":"product_brand","embeddable":true,"href":"https:\/\/www.hediyepazar.com\/index.php?rest_route=%2Fwp%2Fv2%2Fproduct_brand&post=117075"},{"taxonomy":"product_cat","embeddable":true,"href":"https:\/\/www.hediyepazar.com\/index.php?rest_route=%2Fwp%2Fv2%2Fproduct_cat&post=117075"},{"taxonomy":"product_tag","embeddable":true,"href":"https:\/\/www.hediyepazar.com\/index.php?rest_route=%2Fwp%2Fv2%2Fproduct_tag&post=117075"}],"curies":[{"name":"wp","href":"https:\/\/api.w.org\/{rel}","templated":true}]}}