{"id":117083,"date":"2026-05-05T18:51:09","date_gmt":"2026-05-05T21:51:09","guid":{"rendered":"https:\/\/www.hediyepazar.com\/?product=p5-retro-oyun-konsolu-ergonomik-tasarim-tasinabilir"},"modified":"2026-05-05T18:51:09","modified_gmt":"2026-05-05T21:51:09","slug":"p5-retro-oyun-konsolu-ergonomik-tasarim-tasinabilir","status":"publish","type":"product","link":"https:\/\/www.hediyepazar.com\/?product=p5-retro-oyun-konsolu-ergonomik-tasarim-tasinabilir","title":{"rendered":"P5 Retro Oyun Konsolu | Ergonomik Tasar\u0131m Ta\u015f\u0131nabilir"},"content":{"rendered":"<p>\u0130ster evde olun ister tatilde, P5 Retro GamePad her ortamda size e\u011flenceli dakikalar sunar. Ergonomik kontrol yap\u0131s\u0131 sayesinde \u00e7ocuklar ve yeti\u015fkinler i\u00e7in konforlu bir kullan\u0131m sa\u011flar. Ta\u015f\u0131nabilirlik \u00f6zelli\u011fi, bu mini konsolu arkada\u015flar\u0131n\u0131zla bulu\u015fmalarda e\u011flenceli bir aktiviteye d\u00f6n\u00fc\u015ft\u00fcr\u00fcr. Ayn\u0131 zamanda, modern konsollara alternatif olarak sade ve h\u0131zl\u0131 bir oyun deneyimi sunar.<\/p>\n","protected":false},"excerpt":{"rendered":"<p>\u0130ster evde olun ister tatilde, P5 Retro GamePad her ortamda size e\u011flenceli dakikalar sunar. Ergonomik kontrol yap\u0131s\u0131 sayesinde \u00e7ocuklar ve yeti\u015fkinler i\u00e7in konforlu bir kullan\u0131m sa\u011flar. Ta\u015f\u0131nabilirlik \u00f6zelli\u011fi, bu mini konsolu arkada\u015flar\u0131n\u0131zla bulu\u015fmalarda e\u011flenceli bir aktiviteye d\u00f6n\u00fc\u015ft\u00fcr\u00fcr. Ayn\u0131 zamanda, modern konsollara alternatif olarak sade ve h\u0131zl\u0131 bir oyun deneyimi sunar.<\/p>\n","protected":false},"featured_media":117082,"comment_status":"open","ping_status":"closed","template":"","meta":{"_kad_post_transparent":"","_kad_post_title":"","_kad_post_layout":"","_kad_post_sidebar_id":"","_kad_post_content_style":"","_kad_post_vertical_padding":"","_kad_post_feature":"","_kad_post_feature_position":"","_kad_post_header":false,"_kad_post_footer":false,"_kad_post_classname":""},"product_brand":[],"product_cat":[14961],"product_tag":[],"class_list":{"0":"post-117083","1":"product","2":"type-product","3":"status-publish","4":"has-post-thumbnail","6":"product_cat-oyun-konsolu-oyun-konsolu","8":"first","9":"instock","10":"purchasable","11":"product-type-simple","12":"entry","13":"content-bg","14":"loop-entry"},"_links":{"self":[{"href":"https:\/\/www.hediyepazar.com\/index.php?rest_route=\/wp\/v2\/product\/117083","targetHints":{"allow":["GET"]}}],"collection":[{"href":"https:\/\/www.hediyepazar.com\/index.php?rest_route=\/wp\/v2\/product"}],"about":[{"href":"https:\/\/www.hediyepazar.com\/index.php?rest_route=\/wp\/v2\/types\/product"}],"replies":[{"embeddable":true,"href":"https:\/\/www.hediyepazar.com\/index.php?rest_route=%2Fwp%2Fv2%2Fcomments&post=117083"}],"wp:featuredmedia":[{"embeddable":true,"href":"https:\/\/www.hediyepazar.com\/index.php?rest_route=\/wp\/v2\/media\/117082"}],"wp:attachment":[{"href":"https:\/\/www.hediyepazar.com\/index.php?rest_route=%2Fwp%2Fv2%2Fmedia&parent=117083"}],"wp:term":[{"taxonomy":"product_brand","embeddable":true,"href":"https:\/\/www.hediyepazar.com\/index.php?rest_route=%2Fwp%2Fv2%2Fproduct_brand&post=117083"},{"taxonomy":"product_cat","embeddable":true,"href":"https:\/\/www.hediyepazar.com\/index.php?rest_route=%2Fwp%2Fv2%2Fproduct_cat&post=117083"},{"taxonomy":"product_tag","embeddable":true,"href":"https:\/\/www.hediyepazar.com\/index.php?rest_route=%2Fwp%2Fv2%2Fproduct_tag&post=117083"}],"curies":[{"name":"wp","href":"https:\/\/api.w.org\/{rel}","templated":true}]}}