{"id":117091,"date":"2026-05-05T18:53:06","date_gmt":"2026-05-05T21:53:06","guid":{"rendered":"https:\/\/www.hediyepazar.com\/?product=cift-cihaz-destekli-38w-guclu-cakmaklik-arac-sarj-cihazi"},"modified":"2026-05-05T18:53:06","modified_gmt":"2026-05-05T21:53:06","slug":"cift-cihaz-destekli-38w-guclu-cakmaklik-arac-sarj-cihazi","status":"publish","type":"product","link":"https:\/\/www.hediyepazar.com\/?product=cift-cihaz-destekli-38w-guclu-cakmaklik-arac-sarj-cihazi","title":{"rendered":"\u00c7ift Cihaz Destekli 38W G\u00fc\u00e7l\u00fc \u00c7akmakl\u0131k Ara\u00e7 \u015earj Cihaz\u0131"},"content":{"rendered":"<p>Bu y\u00fcksek performansl\u0131 ara\u00e7 \u015farj cihaz\u0131, \u00e7ift port yap\u0131s\u0131 ve toplam 38W g\u00fcc\u00fc ile farkl\u0131 cihaz t\u00fcrlerini ayn\u0131 anda h\u0131zl\u0131 bir \u015fekilde \u015farj etmenize olanak tan\u0131r. Type-C portu Power Delivery teknolojisini desteklerken, standart USB portu da geni\u015f uyumluluk sunar.Geli\u015fmi\u015f PD teknolojisi sayesinde \u015farj s\u00fcresi \u00f6nemli \u00f6l\u00e7\u00fcde k\u0131sal\u0131r ve enerji verimlili\u011fi maksimum d\u00fczeye \u00e7\u0131kar. Ayn\u0131 zamanda ters enerji aktar\u0131m\u0131 \u00f6zelli\u011fi, uyumlu cihazlar\u0131n birbirini otomatik olarak \u015farj etmesini sa\u011flar. Minimal ve ta\u015f\u0131nabilir tasar\u0131m\u0131yla ara\u00e7ta yer kaplamaz, her t\u00fcr ara\u00e7 modeline uyum sa\u011flar. \u00dcr\u00fcn tek ba\u015fl\u0131k olarak g\u00f6nderilir.<\/p>\n","protected":false},"excerpt":{"rendered":"<p>Bu y\u00fcksek performansl\u0131 ara\u00e7 \u015farj cihaz\u0131, \u00e7ift port yap\u0131s\u0131 ve toplam 38W g\u00fcc\u00fc ile farkl\u0131 cihaz t\u00fcrlerini ayn\u0131 anda h\u0131zl\u0131 bir \u015fekilde \u015farj etmenize olanak tan\u0131r. Type-C portu Power Delivery teknolojisini desteklerken, standart USB portu da geni\u015f uyumluluk sunar.Geli\u015fmi\u015f PD teknolojisi sayesinde \u015farj s\u00fcresi \u00f6nemli \u00f6l\u00e7\u00fcde k\u0131sal\u0131r ve enerji verimlili\u011fi maksimum d\u00fczeye \u00e7\u0131kar. Ayn\u0131 zamanda&#8230;<\/p>\n","protected":false},"featured_media":117090,"comment_status":"open","ping_status":"closed","template":"","meta":{"_kad_post_transparent":"","_kad_post_title":"","_kad_post_layout":"","_kad_post_sidebar_id":"","_kad_post_content_style":"","_kad_post_vertical_padding":"","_kad_post_feature":"","_kad_post_feature_position":"","_kad_post_header":false,"_kad_post_footer":false,"_kad_post_classname":""},"product_brand":[],"product_cat":[14975],"product_tag":[],"class_list":{"0":"post-117091","1":"product","2":"type-product","3":"status-publish","4":"has-post-thumbnail","6":"product_cat-sarj-aletleri-sarj-aletleri","8":"first","9":"instock","10":"purchasable","11":"product-type-simple","12":"entry","13":"content-bg","14":"loop-entry"},"_links":{"self":[{"href":"https:\/\/www.hediyepazar.com\/index.php?rest_route=\/wp\/v2\/product\/117091","targetHints":{"allow":["GET"]}}],"collection":[{"href":"https:\/\/www.hediyepazar.com\/index.php?rest_route=\/wp\/v2\/product"}],"about":[{"href":"https:\/\/www.hediyepazar.com\/index.php?rest_route=\/wp\/v2\/types\/product"}],"replies":[{"embeddable":true,"href":"https:\/\/www.hediyepazar.com\/index.php?rest_route=%2Fwp%2Fv2%2Fcomments&post=117091"}],"wp:featuredmedia":[{"embeddable":true,"href":"https:\/\/www.hediyepazar.com\/index.php?rest_route=\/wp\/v2\/media\/117090"}],"wp:attachment":[{"href":"https:\/\/www.hediyepazar.com\/index.php?rest_route=%2Fwp%2Fv2%2Fmedia&parent=117091"}],"wp:term":[{"taxonomy":"product_brand","embeddable":true,"href":"https:\/\/www.hediyepazar.com\/index.php?rest_route=%2Fwp%2Fv2%2Fproduct_brand&post=117091"},{"taxonomy":"product_cat","embeddable":true,"href":"https:\/\/www.hediyepazar.com\/index.php?rest_route=%2Fwp%2Fv2%2Fproduct_cat&post=117091"},{"taxonomy":"product_tag","embeddable":true,"href":"https:\/\/www.hediyepazar.com\/index.php?rest_route=%2Fwp%2Fv2%2Fproduct_tag&post=117091"}],"curies":[{"name":"wp","href":"https:\/\/api.w.org\/{rel}","templated":true}]}}