{"id":117107,"date":"2026-05-05T18:54:05","date_gmt":"2026-05-05T21:54:05","guid":{"rendered":"https:\/\/www.hediyepazar.com\/?product=40mm-suruculu-rgb-kablosuz-kulaklik-oyun-ve-muzik-icin"},"modified":"2026-05-05T18:54:05","modified_gmt":"2026-05-05T21:54:05","slug":"40mm-suruculu-rgb-kablosuz-kulaklik-oyun-ve-muzik-icin","status":"publish","type":"product","link":"https:\/\/www.hediyepazar.com\/?product=40mm-suruculu-rgb-kablosuz-kulaklik-oyun-ve-muzik-icin","title":{"rendered":"40mm S\u00fcr\u00fcc\u00fcl\u00fc RGB Kablosuz Kulakl\u0131k \u2013 Oyun ve M\u00fczik i\u00e7in"},"content":{"rendered":"<p>Y\u00fcksek ses performans\u0131, stil sahibi RGB \u0131\u015f\u0131k efektleri ve modern teknoloji bu kablosuz kulakl\u0131kta bulu\u015fuyor. \u00dc\u00e7 boyutlu tasar\u0131m\u0131 ve kulak \u00e7evresini saran yap\u0131s\u0131yla sesin merkezinde hissettirir. 280 graml\u0131k hafif yap\u0131s\u0131, uzun s\u00fcreli kullan\u0131mlarda yorgunluk hissini ortadan kald\u0131r\u0131r.RGB ayd\u0131nlatmalar yaln\u0131zca estetik de\u011fil, ayn\u0131 zamanda modunuzu yans\u0131t\u0131r. Tek tu\u015fla a\u00e7\u0131l\u0131p kapanabilir ve kullan\u0131m s\u0131ras\u0131nda diledi\u011finiz gibi kontrol edilebilir. Bluetooth 5.3 teknolojisi ile 10 metreye kadar ba\u011flant\u0131 deste\u011fi, oyun ve medya i\u00e7eriklerinde ak\u0131c\u0131 bir deneyim sunar.800mAh batarya kapasitesi uzun kullan\u0131m s\u00fcresi sunarken, IPX4 sertifikal\u0131 yap\u0131s\u0131 sayesinde ter ve su s\u0131\u00e7ramalar\u0131na kar\u015f\u0131 dayan\u0131kl\u0131d\u0131r. Bu \u00f6zellikleriyle, teknolojik \u015f\u0131kl\u0131k arayan kullan\u0131c\u0131lar i\u00e7in ideal tercihlerden biridir.<\/p>\n","protected":false},"excerpt":{"rendered":"<p>Y\u00fcksek ses performans\u0131, stil sahibi RGB \u0131\u015f\u0131k efektleri ve modern teknoloji bu kablosuz kulakl\u0131kta bulu\u015fuyor. \u00dc\u00e7 boyutlu tasar\u0131m\u0131 ve kulak \u00e7evresini saran yap\u0131s\u0131yla sesin merkezinde hissettirir. 280 graml\u0131k hafif yap\u0131s\u0131, uzun s\u00fcreli kullan\u0131mlarda yorgunluk hissini ortadan kald\u0131r\u0131r.RGB ayd\u0131nlatmalar yaln\u0131zca estetik de\u011fil, ayn\u0131 zamanda modunuzu yans\u0131t\u0131r. Tek tu\u015fla a\u00e7\u0131l\u0131p kapanabilir ve kullan\u0131m s\u0131ras\u0131nda diledi\u011finiz gibi kontrol&#8230;<\/p>\n","protected":false},"featured_media":117106,"comment_status":"open","ping_status":"closed","template":"","meta":{"_kad_post_transparent":"","_kad_post_title":"","_kad_post_layout":"","_kad_post_sidebar_id":"","_kad_post_content_style":"","_kad_post_vertical_padding":"","_kad_post_feature":"","_kad_post_feature_position":"","_kad_post_header":false,"_kad_post_footer":false,"_kad_post_classname":""},"product_brand":[],"product_cat":[14957],"product_tag":[],"class_list":{"0":"post-117107","1":"product","2":"type-product","3":"status-publish","4":"has-post-thumbnail","6":"product_cat-kablosuz-kulaklik-kablosuz-kulaklik","8":"first","9":"instock","10":"purchasable","11":"product-type-simple","12":"entry","13":"content-bg","14":"loop-entry"},"_links":{"self":[{"href":"https:\/\/www.hediyepazar.com\/index.php?rest_route=\/wp\/v2\/product\/117107","targetHints":{"allow":["GET"]}}],"collection":[{"href":"https:\/\/www.hediyepazar.com\/index.php?rest_route=\/wp\/v2\/product"}],"about":[{"href":"https:\/\/www.hediyepazar.com\/index.php?rest_route=\/wp\/v2\/types\/product"}],"replies":[{"embeddable":true,"href":"https:\/\/www.hediyepazar.com\/index.php?rest_route=%2Fwp%2Fv2%2Fcomments&post=117107"}],"wp:featuredmedia":[{"embeddable":true,"href":"https:\/\/www.hediyepazar.com\/index.php?rest_route=\/wp\/v2\/media\/117106"}],"wp:attachment":[{"href":"https:\/\/www.hediyepazar.com\/index.php?rest_route=%2Fwp%2Fv2%2Fmedia&parent=117107"}],"wp:term":[{"taxonomy":"product_brand","embeddable":true,"href":"https:\/\/www.hediyepazar.com\/index.php?rest_route=%2Fwp%2Fv2%2Fproduct_brand&post=117107"},{"taxonomy":"product_cat","embeddable":true,"href":"https:\/\/www.hediyepazar.com\/index.php?rest_route=%2Fwp%2Fv2%2Fproduct_cat&post=117107"},{"taxonomy":"product_tag","embeddable":true,"href":"https:\/\/www.hediyepazar.com\/index.php?rest_route=%2Fwp%2Fv2%2Fproduct_tag&post=117107"}],"curies":[{"name":"wp","href":"https:\/\/api.w.org\/{rel}","templated":true}]}}