{"id":117109,"date":"2026-05-05T18:54:09","date_gmt":"2026-05-05T21:54:09","guid":{"rendered":"https:\/\/www.hediyepazar.com\/?product=ipx4-suya-dayanikli-kablosuz-kulak-ustu-gaming-kulaklik"},"modified":"2026-05-05T18:54:09","modified_gmt":"2026-05-05T21:54:09","slug":"ipx4-suya-dayanikli-kablosuz-kulak-ustu-gaming-kulaklik","status":"publish","type":"product","link":"https:\/\/www.hediyepazar.com\/?product=ipx4-suya-dayanikli-kablosuz-kulak-ustu-gaming-kulaklik","title":{"rendered":"IPX4 Suya Dayan\u0131kl\u0131 Kablosuz Kulak \u00dcst\u00fc Gaming Kulakl\u0131k"},"content":{"rendered":"<p>800mAh bataryaya sahip bu kablosuz kulakl\u0131k, saatlerce kesintisiz m\u00fczik ve oyun keyfi sunar. \u015earj durumunu g\u00f6steren dijital g\u00f6stergesi ile pil seviyenizi kolayca takip edebilirsiniz. Type-C h\u0131zl\u0131 \u015farj ba\u011flant\u0131 noktas\u0131 sayesinde k\u0131sa s\u00fcrede \u015farj olarak yeniden kullan\u0131ma haz\u0131r hale gelir.Kablo karma\u015fas\u0131ndan uzak, Bluetooth 5.3 ba\u011flant\u0131s\u0131 ile 10 metreye kadar kesintisiz ileti\u015fim sa\u011flar. 40mm\u2019lik g\u00fc\u00e7l\u00fc ses s\u00fcr\u00fcc\u00fcs\u00fc, m\u00fckemmel ses kalitesiyle \u00f6ne \u00e7\u0131kar; derin baslar, net tizler ve dengeli midlerle oyun veya medya i\u00e7erikleri daha keyifli hale gelir.IPX4 standard\u0131yla su s\u0131\u00e7ramalar\u0131na ve tere kar\u015f\u0131 dayan\u0131kl\u0131 olan kulakl\u0131k, a\u00e7\u0131k alan kullan\u0131mlar\u0131nda da g\u00fcvenlidir. RGB \u0131\u015f\u0131k efektleriyle estetik g\u00f6r\u00fcn\u00fcm sunar. Hafifli\u011fi ve konfor odakl\u0131 tasar\u0131m\u0131, g\u00fcnl\u00fck kullan\u0131m i\u00e7in de idealdir.<\/p>\n","protected":false},"excerpt":{"rendered":"<p>800mAh bataryaya sahip bu kablosuz kulakl\u0131k, saatlerce kesintisiz m\u00fczik ve oyun keyfi sunar. \u015earj durumunu g\u00f6steren dijital g\u00f6stergesi ile pil seviyenizi kolayca takip edebilirsiniz. Type-C h\u0131zl\u0131 \u015farj ba\u011flant\u0131 noktas\u0131 sayesinde k\u0131sa s\u00fcrede \u015farj olarak yeniden kullan\u0131ma haz\u0131r hale gelir.Kablo karma\u015fas\u0131ndan uzak, Bluetooth 5.3 ba\u011flant\u0131s\u0131 ile 10 metreye kadar kesintisiz ileti\u015fim sa\u011flar. 40mm\u2019lik g\u00fc\u00e7l\u00fc ses s\u00fcr\u00fcc\u00fcs\u00fc,&#8230;<\/p>\n","protected":false},"featured_media":117108,"comment_status":"open","ping_status":"closed","template":"","meta":{"_kad_post_transparent":"","_kad_post_title":"","_kad_post_layout":"","_kad_post_sidebar_id":"","_kad_post_content_style":"","_kad_post_vertical_padding":"","_kad_post_feature":"","_kad_post_feature_position":"","_kad_post_header":false,"_kad_post_footer":false,"_kad_post_classname":""},"product_brand":[],"product_cat":[14957],"product_tag":[],"class_list":{"0":"post-117109","1":"product","2":"type-product","3":"status-publish","4":"has-post-thumbnail","6":"product_cat-kablosuz-kulaklik-kablosuz-kulaklik","8":"first","9":"instock","10":"purchasable","11":"product-type-simple","12":"entry","13":"content-bg","14":"loop-entry"},"_links":{"self":[{"href":"https:\/\/www.hediyepazar.com\/index.php?rest_route=\/wp\/v2\/product\/117109","targetHints":{"allow":["GET"]}}],"collection":[{"href":"https:\/\/www.hediyepazar.com\/index.php?rest_route=\/wp\/v2\/product"}],"about":[{"href":"https:\/\/www.hediyepazar.com\/index.php?rest_route=\/wp\/v2\/types\/product"}],"replies":[{"embeddable":true,"href":"https:\/\/www.hediyepazar.com\/index.php?rest_route=%2Fwp%2Fv2%2Fcomments&post=117109"}],"wp:featuredmedia":[{"embeddable":true,"href":"https:\/\/www.hediyepazar.com\/index.php?rest_route=\/wp\/v2\/media\/117108"}],"wp:attachment":[{"href":"https:\/\/www.hediyepazar.com\/index.php?rest_route=%2Fwp%2Fv2%2Fmedia&parent=117109"}],"wp:term":[{"taxonomy":"product_brand","embeddable":true,"href":"https:\/\/www.hediyepazar.com\/index.php?rest_route=%2Fwp%2Fv2%2Fproduct_brand&post=117109"},{"taxonomy":"product_cat","embeddable":true,"href":"https:\/\/www.hediyepazar.com\/index.php?rest_route=%2Fwp%2Fv2%2Fproduct_cat&post=117109"},{"taxonomy":"product_tag","embeddable":true,"href":"https:\/\/www.hediyepazar.com\/index.php?rest_route=%2Fwp%2Fv2%2Fproduct_tag&post=117109"}],"curies":[{"name":"wp","href":"https:\/\/api.w.org\/{rel}","templated":true}]}}