{"id":117113,"date":"2026-05-05T18:54:18","date_gmt":"2026-05-05T21:54:18","guid":{"rendered":"https:\/\/www.hediyepazar.com\/?product=rgb-aydinlatmali-kablosuz-bluetooth-oyuncu-kulakligi"},"modified":"2026-05-05T18:54:18","modified_gmt":"2026-05-05T21:54:18","slug":"rgb-aydinlatmali-kablosuz-bluetooth-oyuncu-kulakligi","status":"publish","type":"product","link":"https:\/\/www.hediyepazar.com\/?product=rgb-aydinlatmali-kablosuz-bluetooth-oyuncu-kulakligi","title":{"rendered":"RGB Ayd\u0131nlatmal\u0131 Kablosuz Bluetooth Oyuncu Kulakl\u0131\u011f\u0131"},"content":{"rendered":"<p>Bu kablosuz RGB ayd\u0131nlatmal\u0131 kulakl\u0131k, oyun deneyiminizi profesyonel seviyeye ta\u015f\u0131mak i\u00e7in tasarland\u0131. Bluetooth 5.3 teknolojisiyle donat\u0131lm\u0131\u015f kulakl\u0131k, 10 metreye kadar kesintisiz ve h\u0131zl\u0131 ba\u011flant\u0131 sunar. En dikkat \u00e7eken \u00f6zelli\u011fi ise yaln\u0131zca 30 ms&#8217;den d\u00fc\u015f\u00fck gecikme s\u00fcresiyle ses-g\u00f6r\u00fcnt\u00fc senkron sorunlar\u0131n\u0131 ortadan kald\u0131rmas\u0131d\u0131r. Bu sayede \u00f6zellikle FPS ve rekabet\u00e7i oyunlarda rakibinizden \u00f6nce tepki verebilirsiniz.40mm ses s\u00fcr\u00fcc\u00fcs\u00fc, dengeli ses da\u011f\u0131l\u0131m\u0131 ile derin baslar ve net tizler sunar. Oyun, m\u00fczik ve medya i\u00e7eriklerinde \u00fcst\u00fcn bir performans sa\u011flar. 800mAh kapasiteli bataryas\u0131yla uzun saatler boyunca kesintisiz kullan\u0131m sa\u011flar; pil seviyesi ise kolayca takip edilebilir. RGB \u0131\u015f\u0131k efektleri oyun atmosferinize stil katar ve \u0131\u015f\u0131k kontrol\u00fc tek tu\u015fla sa\u011flanabilir.Konforlu yap\u0131s\u0131, \u00fc\u00e7 boyutlu kulakl\u0131k formu ve cilt dostu, nefes alabilen pedlerle desteklenmi\u015ftir. IPX4 sertifikas\u0131 sayesinde ter ve s\u0131\u00e7ramalara kar\u015f\u0131 dayan\u0131kl\u0131d\u0131r. Hem performans hem de tasar\u0131m\u0131 bir araya getiren bu kulakl\u0131k, oyun severlerin yeni favorisi olacak.<\/p>\n","protected":false},"excerpt":{"rendered":"<p>Bu kablosuz RGB ayd\u0131nlatmal\u0131 kulakl\u0131k, oyun deneyiminizi profesyonel seviyeye ta\u015f\u0131mak i\u00e7in tasarland\u0131. Bluetooth 5.3 teknolojisiyle donat\u0131lm\u0131\u015f kulakl\u0131k, 10 metreye kadar kesintisiz ve h\u0131zl\u0131 ba\u011flant\u0131 sunar. En dikkat \u00e7eken \u00f6zelli\u011fi ise yaln\u0131zca 30 ms&#8217;den d\u00fc\u015f\u00fck gecikme s\u00fcresiyle ses-g\u00f6r\u00fcnt\u00fc senkron sorunlar\u0131n\u0131 ortadan kald\u0131rmas\u0131d\u0131r. Bu sayede \u00f6zellikle FPS ve rekabet\u00e7i oyunlarda rakibinizden \u00f6nce tepki verebilirsiniz.40mm ses s\u00fcr\u00fcc\u00fcs\u00fc, dengeli&#8230;<\/p>\n","protected":false},"featured_media":117112,"comment_status":"open","ping_status":"closed","template":"","meta":{"_kad_post_transparent":"","_kad_post_title":"","_kad_post_layout":"","_kad_post_sidebar_id":"","_kad_post_content_style":"","_kad_post_vertical_padding":"","_kad_post_feature":"","_kad_post_feature_position":"","_kad_post_header":false,"_kad_post_footer":false,"_kad_post_classname":""},"product_brand":[],"product_cat":[14957],"product_tag":[],"class_list":{"0":"post-117113","1":"product","2":"type-product","3":"status-publish","4":"has-post-thumbnail","6":"product_cat-kablosuz-kulaklik-kablosuz-kulaklik","8":"first","9":"instock","10":"purchasable","11":"product-type-simple","12":"entry","13":"content-bg","14":"loop-entry"},"_links":{"self":[{"href":"https:\/\/www.hediyepazar.com\/index.php?rest_route=\/wp\/v2\/product\/117113","targetHints":{"allow":["GET"]}}],"collection":[{"href":"https:\/\/www.hediyepazar.com\/index.php?rest_route=\/wp\/v2\/product"}],"about":[{"href":"https:\/\/www.hediyepazar.com\/index.php?rest_route=\/wp\/v2\/types\/product"}],"replies":[{"embeddable":true,"href":"https:\/\/www.hediyepazar.com\/index.php?rest_route=%2Fwp%2Fv2%2Fcomments&post=117113"}],"wp:featuredmedia":[{"embeddable":true,"href":"https:\/\/www.hediyepazar.com\/index.php?rest_route=\/wp\/v2\/media\/117112"}],"wp:attachment":[{"href":"https:\/\/www.hediyepazar.com\/index.php?rest_route=%2Fwp%2Fv2%2Fmedia&parent=117113"}],"wp:term":[{"taxonomy":"product_brand","embeddable":true,"href":"https:\/\/www.hediyepazar.com\/index.php?rest_route=%2Fwp%2Fv2%2Fproduct_brand&post=117113"},{"taxonomy":"product_cat","embeddable":true,"href":"https:\/\/www.hediyepazar.com\/index.php?rest_route=%2Fwp%2Fv2%2Fproduct_cat&post=117113"},{"taxonomy":"product_tag","embeddable":true,"href":"https:\/\/www.hediyepazar.com\/index.php?rest_route=%2Fwp%2Fv2%2Fproduct_tag&post=117113"}],"curies":[{"name":"wp","href":"https:\/\/api.w.org\/{rel}","templated":true}]}}