{"id":117119,"date":"2026-05-05T18:55:11","date_gmt":"2026-05-05T21:55:11","guid":{"rendered":"https:\/\/www.hediyepazar.com\/?product=mekanik-oyuncu-seti-led-isiklandirma-ve-ergonomik-mouse"},"modified":"2026-05-05T18:55:11","modified_gmt":"2026-05-05T21:55:11","slug":"mekanik-oyuncu-seti-led-isiklandirma-ve-ergonomik-mouse","status":"publish","type":"product","link":"https:\/\/www.hediyepazar.com\/?product=mekanik-oyuncu-seti-led-isiklandirma-ve-ergonomik-mouse","title":{"rendered":"Mekanik Oyuncu Seti \u2013 LED I\u015f\u0131kland\u0131rma ve Ergonomik Mouse"},"content":{"rendered":"<p>mekanik oyuncu klavye ve mouse seti, dayan\u0131kl\u0131 yap\u0131s\u0131 ile \u00f6ne \u00e7\u0131kar. \u00d6zellikle y\u00fcksek tepkime ve yo\u011fun kullan\u0131m gerektiren oyuncular i\u00e7in tasarlanm\u0131\u015f olan bu \u00fcr\u00fcn, sa\u011flam yap\u0131s\u0131 ile uzun \u00f6m\u00fcrl\u00fc bir deneyim sunar. Mekanik switch\u2019li tu\u015f yap\u0131s\u0131, milyonlarca tu\u015f vuru\u015funa dayanacak \u015fekilde \u00fcretilmi\u015ftir.Klavye 19 tu\u015f kombinasyonuna kadar \u00e7at\u0131\u015fmas\u0131z kullan\u0131m imk\u00e2n\u0131 sunar. Bu sayede oyunlarda ayn\u0131 anda birden fazla tu\u015fa bast\u0131\u011f\u0131n\u0131zda bile komutlar eksiksiz iletilir. FN tu\u015fu ile kullan\u0131lan k\u0131sayollar, oyun performans\u0131n\u0131z\u0131 h\u0131zland\u0131r\u0131r.Mouse, dayan\u0131kl\u0131 kablosu ve optik sens\u00f6r\u00fcyle uzun s\u00fcreli ve hassas kullan\u0131m sunar. Ele oturan yap\u0131s\u0131 ve dengeli a\u011f\u0131rl\u0131k da\u011f\u0131l\u0131m\u0131 sayesinde elinizi yormaz. Hem oyun hem g\u00fcnl\u00fck kullan\u0131mda m\u00fckemmel bir yard\u0131mc\u0131d\u0131r.LED \u0131\u015f\u0131kland\u0131rmal\u0131 klavye, estetik g\u00f6rselli\u011fin yan\u0131nda i\u015flevsellik de sunar. Windows sistemlerle uyumlu olan PG8018, profesyonel oyuncular kadar yeni ba\u015flayanlara da hitap eder.<\/p>\n","protected":false},"excerpt":{"rendered":"<p>mekanik oyuncu klavye ve mouse seti, dayan\u0131kl\u0131 yap\u0131s\u0131 ile \u00f6ne \u00e7\u0131kar. \u00d6zellikle y\u00fcksek tepkime ve yo\u011fun kullan\u0131m gerektiren oyuncular i\u00e7in tasarlanm\u0131\u015f olan bu \u00fcr\u00fcn, sa\u011flam yap\u0131s\u0131 ile uzun \u00f6m\u00fcrl\u00fc bir deneyim sunar. Mekanik switch\u2019li tu\u015f yap\u0131s\u0131, milyonlarca tu\u015f vuru\u015funa dayanacak \u015fekilde \u00fcretilmi\u015ftir.Klavye 19 tu\u015f kombinasyonuna kadar \u00e7at\u0131\u015fmas\u0131z kullan\u0131m imk\u00e2n\u0131 sunar. Bu sayede oyunlarda ayn\u0131 anda&#8230;<\/p>\n","protected":false},"featured_media":117118,"comment_status":"open","ping_status":"closed","template":"","meta":{"_kad_post_transparent":"","_kad_post_title":"","_kad_post_layout":"","_kad_post_sidebar_id":"","_kad_post_content_style":"","_kad_post_vertical_padding":"","_kad_post_feature":"","_kad_post_feature_position":"","_kad_post_header":false,"_kad_post_footer":false,"_kad_post_classname":""},"product_brand":[],"product_cat":[14913],"product_tag":[],"class_list":{"0":"post-117119","1":"product","2":"type-product","3":"status-publish","4":"has-post-thumbnail","6":"product_cat-klavye-klavye-2","8":"first","9":"instock","10":"purchasable","11":"product-type-simple","12":"entry","13":"content-bg","14":"loop-entry"},"_links":{"self":[{"href":"https:\/\/www.hediyepazar.com\/index.php?rest_route=\/wp\/v2\/product\/117119","targetHints":{"allow":["GET"]}}],"collection":[{"href":"https:\/\/www.hediyepazar.com\/index.php?rest_route=\/wp\/v2\/product"}],"about":[{"href":"https:\/\/www.hediyepazar.com\/index.php?rest_route=\/wp\/v2\/types\/product"}],"replies":[{"embeddable":true,"href":"https:\/\/www.hediyepazar.com\/index.php?rest_route=%2Fwp%2Fv2%2Fcomments&post=117119"}],"wp:featuredmedia":[{"embeddable":true,"href":"https:\/\/www.hediyepazar.com\/index.php?rest_route=\/wp\/v2\/media\/117118"}],"wp:attachment":[{"href":"https:\/\/www.hediyepazar.com\/index.php?rest_route=%2Fwp%2Fv2%2Fmedia&parent=117119"}],"wp:term":[{"taxonomy":"product_brand","embeddable":true,"href":"https:\/\/www.hediyepazar.com\/index.php?rest_route=%2Fwp%2Fv2%2Fproduct_brand&post=117119"},{"taxonomy":"product_cat","embeddable":true,"href":"https:\/\/www.hediyepazar.com\/index.php?rest_route=%2Fwp%2Fv2%2Fproduct_cat&post=117119"},{"taxonomy":"product_tag","embeddable":true,"href":"https:\/\/www.hediyepazar.com\/index.php?rest_route=%2Fwp%2Fv2%2Fproduct_tag&post=117119"}],"curies":[{"name":"wp","href":"https:\/\/api.w.org\/{rel}","templated":true}]}}