{"id":117125,"date":"2026-05-05T18:56:59","date_gmt":"2026-05-05T21:56:59","guid":{"rendered":"https:\/\/www.hediyepazar.com\/?product=mekanik-led-gaming-klavye-mouse-seti-yuksek-tepki-ve-ergonomi"},"modified":"2026-05-05T18:56:59","modified_gmt":"2026-05-05T21:56:59","slug":"mekanik-led-gaming-klavye-mouse-seti-yuksek-tepki-ve-ergonomi","status":"publish","type":"product","link":"https:\/\/www.hediyepazar.com\/?product=mekanik-led-gaming-klavye-mouse-seti-yuksek-tepki-ve-ergonomi","title":{"rendered":"Mekanik LED Gaming Klavye Mouse Seti \u2013 Y\u00fcksek Tepki ve Ergonomi"},"content":{"rendered":"<p>PG8018 LED \u0131\u015f\u0131kl\u0131 mekanik oyuncu klavye ve mouse seti, oyun performans\u0131n\u0131 \u00fcst seviyeye ta\u015f\u0131mak isteyen oyuncular i\u00e7in tasarlanm\u0131\u015f g\u00fc\u00e7l\u00fc bir donan\u0131md\u0131r. Mekanik switch tu\u015f yap\u0131s\u0131, h\u0131zl\u0131 tepki s\u00fcresi ve uzun \u00f6m\u00fcrl\u00fc kullan\u0131m sunarak, oyunlarda rakiplerinizden bir ad\u0131m \u00f6nde olman\u0131z\u0131 sa\u011flar. 19 tu\u015f kombinasyonuna kadar \u00e7at\u0131\u015fmas\u0131z kullan\u0131m sayesinde aksiyonun en yo\u011fun anlar\u0131nda bile komutlar\u0131n\u0131z eksiksiz alg\u0131lan\u0131r.FN tu\u015fuyla aktif hale gelen \u00e7oklu k\u0131sayollar, oyun s\u0131ras\u0131nda seri hamleler yapman\u0131z\u0131 sa\u011flar. B\u00fcy\u00fck enter tu\u015fu ve s\u0131k kullan\u0131lan tu\u015flar\u0131n geni\u015f formda tasarlanmas\u0131, kullan\u0131m kolayl\u0131\u011f\u0131 sa\u011flarken yaz\u0131 yazarken bile \u00fcst d\u00fczey bir konfor sunar. Klavye, \u00f6zellikle FPS, MOBA gibi rekabet\u00e7i oyunlar i\u00e7in optimize edilmi\u015ftir.Setin ergonomik mouse\u2019u, ele tam oturacak \u015fekilde tasarlanm\u0131\u015f olup uzun s\u00fcreli kullan\u0131mda el ve bilek yorgunlu\u011funu azalt\u0131r. Hassas optik sens\u00f6rle donat\u0131lan mouse, ak\u0131c\u0131 ve kararl\u0131 hareketler sa\u011flar. Bu da, \u00f6zellikle h\u0131zl\u0131 tepki gereken sahnelerde b\u00fcy\u00fck avantaj sunar.RGB LED ayd\u0131nlatma sistemi ile klavye sadece estetik g\u00f6r\u00fcnmekle kalmaz, karanl\u0131k ortamlarda da net g\u00f6r\u00fc\u015f sa\u011flar. Renkli nefes alma modu ve \u0131\u015f\u0131k ge\u00e7i\u015fleri, g\u00f6z yormadan etkileyici bir atmosfer olu\u015fturur. Windows 2000, XP, Vista, 7 (32-bit ve 64-bit) i\u015fletim sistemleri ile tam uyumludur.Oyun d\u00fcnyas\u0131nda stil ve kontrol\u00fc bir arada arayanlar i\u00e7in PG8018 do\u011fru tercih. Hem performans hem g\u00f6rsellik isteyen oyuncular i\u00e7in tasarland\u0131.<\/p>\n","protected":false},"excerpt":{"rendered":"<p>PG8018 LED \u0131\u015f\u0131kl\u0131 mekanik oyuncu klavye ve mouse seti, oyun performans\u0131n\u0131 \u00fcst seviyeye ta\u015f\u0131mak isteyen oyuncular i\u00e7in tasarlanm\u0131\u015f g\u00fc\u00e7l\u00fc bir donan\u0131md\u0131r. Mekanik switch tu\u015f yap\u0131s\u0131, h\u0131zl\u0131 tepki s\u00fcresi ve uzun \u00f6m\u00fcrl\u00fc kullan\u0131m sunarak, oyunlarda rakiplerinizden bir ad\u0131m \u00f6nde olman\u0131z\u0131 sa\u011flar. 19 tu\u015f kombinasyonuna kadar \u00e7at\u0131\u015fmas\u0131z kullan\u0131m sayesinde aksiyonun en yo\u011fun anlar\u0131nda bile komutlar\u0131n\u0131z eksiksiz alg\u0131lan\u0131r.FN&#8230;<\/p>\n","protected":false},"featured_media":117124,"comment_status":"open","ping_status":"closed","template":"","meta":{"_kad_post_transparent":"","_kad_post_title":"","_kad_post_layout":"","_kad_post_sidebar_id":"","_kad_post_content_style":"","_kad_post_vertical_padding":"","_kad_post_feature":"","_kad_post_feature_position":"","_kad_post_header":false,"_kad_post_footer":false,"_kad_post_classname":""},"product_brand":[],"product_cat":[14913],"product_tag":[],"class_list":{"0":"post-117125","1":"product","2":"type-product","3":"status-publish","4":"has-post-thumbnail","6":"product_cat-klavye-klavye-2","8":"first","9":"instock","10":"purchasable","11":"product-type-simple","12":"entry","13":"content-bg","14":"loop-entry"},"_links":{"self":[{"href":"https:\/\/www.hediyepazar.com\/index.php?rest_route=\/wp\/v2\/product\/117125","targetHints":{"allow":["GET"]}}],"collection":[{"href":"https:\/\/www.hediyepazar.com\/index.php?rest_route=\/wp\/v2\/product"}],"about":[{"href":"https:\/\/www.hediyepazar.com\/index.php?rest_route=\/wp\/v2\/types\/product"}],"replies":[{"embeddable":true,"href":"https:\/\/www.hediyepazar.com\/index.php?rest_route=%2Fwp%2Fv2%2Fcomments&post=117125"}],"wp:featuredmedia":[{"embeddable":true,"href":"https:\/\/www.hediyepazar.com\/index.php?rest_route=\/wp\/v2\/media\/117124"}],"wp:attachment":[{"href":"https:\/\/www.hediyepazar.com\/index.php?rest_route=%2Fwp%2Fv2%2Fmedia&parent=117125"}],"wp:term":[{"taxonomy":"product_brand","embeddable":true,"href":"https:\/\/www.hediyepazar.com\/index.php?rest_route=%2Fwp%2Fv2%2Fproduct_brand&post=117125"},{"taxonomy":"product_cat","embeddable":true,"href":"https:\/\/www.hediyepazar.com\/index.php?rest_route=%2Fwp%2Fv2%2Fproduct_cat&post=117125"},{"taxonomy":"product_tag","embeddable":true,"href":"https:\/\/www.hediyepazar.com\/index.php?rest_route=%2Fwp%2Fv2%2Fproduct_tag&post=117125"}],"curies":[{"name":"wp","href":"https:\/\/api.w.org\/{rel}","templated":true}]}}