{"id":117137,"date":"2026-05-05T18:59:07","date_gmt":"2026-05-05T21:59:07","guid":{"rendered":"https:\/\/www.hediyepazar.com\/?product=dempower-dp-134-isi-ayarli-sac-sekillendirme-deneyimi"},"modified":"2026-05-05T18:59:07","modified_gmt":"2026-05-05T21:59:07","slug":"dempower-dp-134-isi-ayarli-sac-sekillendirme-deneyimi","status":"publish","type":"product","link":"https:\/\/www.hediyepazar.com\/?product=dempower-dp-134-isi-ayarli-sac-sekillendirme-deneyimi","title":{"rendered":"DEMPOWER DP-134 \u2013 Is\u0131 Ayarl\u0131 Sa\u00e7 \u015eekillendirme Deneyimi"},"content":{"rendered":"<p>Tost model sa\u00e7 sevenler i\u00e7in \u00f6zel olarak geli\u015ftirilen DEMPOWER DP-134, klasik sa\u00e7 ma\u015falar\u0131ndan farkl\u0131 olarak belirgin \u00e7izgiler ve vol\u00fcml\u00fc bir g\u00f6r\u00fcn\u00fcm sunar.K\u0131sa s\u00fcrede 220\u00b0C\u2019ye ula\u015fabilen cihaz, zamandan tasarruf sa\u011flarken, tek seferde kal\u0131c\u0131 etki yarat\u0131r. H\u0131zl\u0131 \u015fekillendirme \u00f6zelli\u011fi ile \u00f6zellikle sabah ko\u015fturmacas\u0131nda hayat\u0131n\u0131z\u0131 kolayla\u015ft\u0131r\u0131r.360 derece d\u00f6nebilen kablosu ile sa\u00e7\u0131n her y\u00f6n\u00fcne rahat\u00e7a eri\u015fmenizi sa\u011flar. Is\u0131 kontrol\u00fc ve g\u00fc\u00e7 \u0131\u015f\u0131\u011f\u0131 sayesinde g\u00fcvenli kullan\u0131m sunar. Evde pratik ve profesyonel bir sa\u00e7 deneyimi i\u00e7in ideal bir \u00fcr\u00fcnd\u00fcr.<\/p>\n","protected":false},"excerpt":{"rendered":"<p>Tost model sa\u00e7 sevenler i\u00e7in \u00f6zel olarak geli\u015ftirilen DEMPOWER DP-134, klasik sa\u00e7 ma\u015falar\u0131ndan farkl\u0131 olarak belirgin \u00e7izgiler ve vol\u00fcml\u00fc bir g\u00f6r\u00fcn\u00fcm sunar.K\u0131sa s\u00fcrede 220\u00b0C\u2019ye ula\u015fabilen cihaz, zamandan tasarruf sa\u011flarken, tek seferde kal\u0131c\u0131 etki yarat\u0131r. H\u0131zl\u0131 \u015fekillendirme \u00f6zelli\u011fi ile \u00f6zellikle sabah ko\u015fturmacas\u0131nda hayat\u0131n\u0131z\u0131 kolayla\u015ft\u0131r\u0131r.360 derece d\u00f6nebilen kablosu ile sa\u00e7\u0131n her y\u00f6n\u00fcne rahat\u00e7a eri\u015fmenizi sa\u011flar. Is\u0131 kontrol\u00fc&#8230;<\/p>\n","protected":false},"featured_media":117136,"comment_status":"open","ping_status":"closed","template":"","meta":{"_kad_post_transparent":"","_kad_post_title":"","_kad_post_layout":"","_kad_post_sidebar_id":"","_kad_post_content_style":"","_kad_post_vertical_padding":"","_kad_post_feature":"","_kad_post_feature_position":"","_kad_post_header":false,"_kad_post_footer":false,"_kad_post_classname":""},"product_brand":[],"product_cat":[14907],"product_tag":[],"class_list":{"0":"post-117137","1":"product","2":"type-product","3":"status-publish","4":"has-post-thumbnail","6":"product_cat-sac-masasi-sac-masasi","8":"first","9":"instock","10":"purchasable","11":"product-type-simple","12":"entry","13":"content-bg","14":"loop-entry"},"_links":{"self":[{"href":"https:\/\/www.hediyepazar.com\/index.php?rest_route=\/wp\/v2\/product\/117137","targetHints":{"allow":["GET"]}}],"collection":[{"href":"https:\/\/www.hediyepazar.com\/index.php?rest_route=\/wp\/v2\/product"}],"about":[{"href":"https:\/\/www.hediyepazar.com\/index.php?rest_route=\/wp\/v2\/types\/product"}],"replies":[{"embeddable":true,"href":"https:\/\/www.hediyepazar.com\/index.php?rest_route=%2Fwp%2Fv2%2Fcomments&post=117137"}],"wp:featuredmedia":[{"embeddable":true,"href":"https:\/\/www.hediyepazar.com\/index.php?rest_route=\/wp\/v2\/media\/117136"}],"wp:attachment":[{"href":"https:\/\/www.hediyepazar.com\/index.php?rest_route=%2Fwp%2Fv2%2Fmedia&parent=117137"}],"wp:term":[{"taxonomy":"product_brand","embeddable":true,"href":"https:\/\/www.hediyepazar.com\/index.php?rest_route=%2Fwp%2Fv2%2Fproduct_brand&post=117137"},{"taxonomy":"product_cat","embeddable":true,"href":"https:\/\/www.hediyepazar.com\/index.php?rest_route=%2Fwp%2Fv2%2Fproduct_cat&post=117137"},{"taxonomy":"product_tag","embeddable":true,"href":"https:\/\/www.hediyepazar.com\/index.php?rest_route=%2Fwp%2Fv2%2Fproduct_tag&post=117137"}],"curies":[{"name":"wp","href":"https:\/\/api.w.org\/{rel}","templated":true}]}}