{"id":117139,"date":"2026-05-05T18:59:11","date_gmt":"2026-05-05T21:59:11","guid":{"rendered":"https:\/\/www.hediyepazar.com\/?product=evde-profesyonel-gorunum-dp-134-tost-sekillendirici-ile-kalici-stil"},"modified":"2026-05-05T18:59:11","modified_gmt":"2026-05-05T21:59:11","slug":"evde-profesyonel-gorunum-dp-134-tost-sekillendirici-ile-kalici-stil","status":"publish","type":"product","link":"https:\/\/www.hediyepazar.com\/?product=evde-profesyonel-gorunum-dp-134-tost-sekillendirici-ile-kalici-stil","title":{"rendered":"Evde Profesyonel G\u00f6r\u00fcn\u00fcm: DP-134 Tost \u015eekillendirici ile Kal\u0131c\u0131 Stil"},"content":{"rendered":"<p>Kuaf\u00f6re gitmeden evde etkileyici bir sa\u00e7 g\u00f6r\u00fcn\u00fcm\u00fc elde etmek art\u0131k \u00e7ok kolay!  DP-134 tost sa\u00e7 ma\u015fas\u0131, sa\u00e7lar\u0131n\u0131za modern, hacimli ve stil sahibi bir g\u00f6r\u00fcn\u00fcm kazand\u0131r\u0131r.Y\u00fcksek \u0131s\u0131 kapasitesi sayesinde k\u0131sa s\u00fcrede sonu\u00e7 verirken, ergonomik tasar\u0131m\u0131 sayesinde elinizi yormaz. Tost \u015fekli seven kad\u0131nlar i\u00e7in \u00f6zel olarak tasarlanm\u0131\u015f plakalar\u0131yla, sa\u00e7lara zarar vermeden \u015fekil verir.G\u00fcnl\u00fck kullan\u0131mda h\u0131zl\u0131ca sa\u00e7lar\u0131n\u0131za stil katmak, \u00f6zel g\u00fcnlerde ise dikkat \u00e7ekici olmak i\u00e7in ideal bir \u00fcr\u00fcnd\u00fcr. Is\u0131 ayar\u0131 \u00f6zelli\u011fiyle farkl\u0131 sa\u00e7 tiplerine uyum sa\u011flar. Her sa\u00e7 \u015fekillendirmede tutarl\u0131 ve kal\u0131c\u0131 sonu\u00e7lar sunar.<\/p>\n","protected":false},"excerpt":{"rendered":"<p>Kuaf\u00f6re gitmeden evde etkileyici bir sa\u00e7 g\u00f6r\u00fcn\u00fcm\u00fc elde etmek art\u0131k \u00e7ok kolay! DP-134 tost sa\u00e7 ma\u015fas\u0131, sa\u00e7lar\u0131n\u0131za modern, hacimli ve stil sahibi bir g\u00f6r\u00fcn\u00fcm kazand\u0131r\u0131r.Y\u00fcksek \u0131s\u0131 kapasitesi sayesinde k\u0131sa s\u00fcrede sonu\u00e7 verirken, ergonomik tasar\u0131m\u0131 sayesinde elinizi yormaz. Tost \u015fekli seven kad\u0131nlar i\u00e7in \u00f6zel olarak tasarlanm\u0131\u015f plakalar\u0131yla, sa\u00e7lara zarar vermeden \u015fekil verir.G\u00fcnl\u00fck kullan\u0131mda h\u0131zl\u0131ca sa\u00e7lar\u0131n\u0131za stil&#8230;<\/p>\n","protected":false},"featured_media":117138,"comment_status":"open","ping_status":"closed","template":"","meta":{"_kad_post_transparent":"","_kad_post_title":"","_kad_post_layout":"","_kad_post_sidebar_id":"","_kad_post_content_style":"","_kad_post_vertical_padding":"","_kad_post_feature":"","_kad_post_feature_position":"","_kad_post_header":false,"_kad_post_footer":false,"_kad_post_classname":""},"product_brand":[],"product_cat":[14907],"product_tag":[],"class_list":{"0":"post-117139","1":"product","2":"type-product","3":"status-publish","4":"has-post-thumbnail","6":"product_cat-sac-masasi-sac-masasi","8":"first","9":"instock","10":"purchasable","11":"product-type-simple","12":"entry","13":"content-bg","14":"loop-entry"},"_links":{"self":[{"href":"https:\/\/www.hediyepazar.com\/index.php?rest_route=\/wp\/v2\/product\/117139","targetHints":{"allow":["GET"]}}],"collection":[{"href":"https:\/\/www.hediyepazar.com\/index.php?rest_route=\/wp\/v2\/product"}],"about":[{"href":"https:\/\/www.hediyepazar.com\/index.php?rest_route=\/wp\/v2\/types\/product"}],"replies":[{"embeddable":true,"href":"https:\/\/www.hediyepazar.com\/index.php?rest_route=%2Fwp%2Fv2%2Fcomments&post=117139"}],"wp:featuredmedia":[{"embeddable":true,"href":"https:\/\/www.hediyepazar.com\/index.php?rest_route=\/wp\/v2\/media\/117138"}],"wp:attachment":[{"href":"https:\/\/www.hediyepazar.com\/index.php?rest_route=%2Fwp%2Fv2%2Fmedia&parent=117139"}],"wp:term":[{"taxonomy":"product_brand","embeddable":true,"href":"https:\/\/www.hediyepazar.com\/index.php?rest_route=%2Fwp%2Fv2%2Fproduct_brand&post=117139"},{"taxonomy":"product_cat","embeddable":true,"href":"https:\/\/www.hediyepazar.com\/index.php?rest_route=%2Fwp%2Fv2%2Fproduct_cat&post=117139"},{"taxonomy":"product_tag","embeddable":true,"href":"https:\/\/www.hediyepazar.com\/index.php?rest_route=%2Fwp%2Fv2%2Fproduct_tag&post=117139"}],"curies":[{"name":"wp","href":"https:\/\/api.w.org\/{rel}","templated":true}]}}