{"id":117165,"date":"2026-05-05T19:06:03","date_gmt":"2026-05-05T22:06:03","guid":{"rendered":"https:\/\/www.hediyepazar.com\/?product=bakim-gerektirmeyen-ultrasonik-hasere-kovucu-uzun-omurlu-kullanim"},"modified":"2026-05-05T19:06:03","modified_gmt":"2026-05-05T22:06:03","slug":"bakim-gerektirmeyen-ultrasonik-hasere-kovucu-uzun-omurlu-kullanim","status":"publish","type":"product","link":"https:\/\/www.hediyepazar.com\/?product=bakim-gerektirmeyen-ultrasonik-hasere-kovucu-uzun-omurlu-kullanim","title":{"rendered":"Bak\u0131m Gerektirmeyen Ultrasonik Ha\u015fere Kovucu \u2013 Uzun \u00d6m\u00fcrl\u00fc Kullan\u0131m"},"content":{"rendered":"<p>Bu cihaz, dayan\u0131kl\u0131 yap\u0131s\u0131 sayesinde uzun \u00f6m\u00fcrl\u00fc kullan\u0131m sunar. \u0130\u00e7erdi\u011fi geli\u015fmi\u015f elektronik devreler ve kompakt tasar\u0131m sayesinde kesintisiz \u00e7al\u0131\u015f\u0131r, herhangi bir bak\u0131m ya da par\u00e7a de\u011fi\u015fimi gerektirmez. Tozlanma, nem ya da s\u0131cakl\u0131k de\u011fi\u015fimlerinden etkilenmeyecek \u015fekilde \u00fcretilmi\u015f olan cihaz, y\u0131llar boyunca ilk g\u00fcnk\u00fc performans\u0131n\u0131 korur. Ha\u015fere kovucu arayan ama tekrar tekrar masraf yapmak istemeyen kullan\u0131c\u0131lar i\u00e7in ekonomik ve etkili bir \u00e7\u00f6z\u00fcmd\u00fcr.&nbsp;<\/p>\n","protected":false},"excerpt":{"rendered":"<p>Bu cihaz, dayan\u0131kl\u0131 yap\u0131s\u0131 sayesinde uzun \u00f6m\u00fcrl\u00fc kullan\u0131m sunar. \u0130\u00e7erdi\u011fi geli\u015fmi\u015f elektronik devreler ve kompakt tasar\u0131m sayesinde kesintisiz \u00e7al\u0131\u015f\u0131r, herhangi bir bak\u0131m ya da par\u00e7a de\u011fi\u015fimi gerektirmez. Tozlanma, nem ya da s\u0131cakl\u0131k de\u011fi\u015fimlerinden etkilenmeyecek \u015fekilde \u00fcretilmi\u015f olan cihaz, y\u0131llar boyunca ilk g\u00fcnk\u00fc performans\u0131n\u0131 korur. Ha\u015fere kovucu arayan ama tekrar tekrar masraf yapmak istemeyen kullan\u0131c\u0131lar i\u00e7in&#8230;<\/p>\n","protected":false},"featured_media":117164,"comment_status":"open","ping_status":"closed","template":"","meta":{"_kad_post_transparent":"","_kad_post_title":"","_kad_post_layout":"","_kad_post_sidebar_id":"","_kad_post_content_style":"","_kad_post_vertical_padding":"","_kad_post_feature":"","_kad_post_feature_position":"","_kad_post_header":false,"_kad_post_footer":false,"_kad_post_classname":""},"product_brand":[],"product_cat":[15078],"product_tag":[],"class_list":{"0":"post-117165","1":"product","2":"type-product","3":"status-publish","4":"has-post-thumbnail","6":"product_cat-hasere-kovucular-hasere-kovucular","8":"first","9":"instock","10":"purchasable","11":"product-type-simple","12":"entry","13":"content-bg","14":"loop-entry"},"_links":{"self":[{"href":"https:\/\/www.hediyepazar.com\/index.php?rest_route=\/wp\/v2\/product\/117165","targetHints":{"allow":["GET"]}}],"collection":[{"href":"https:\/\/www.hediyepazar.com\/index.php?rest_route=\/wp\/v2\/product"}],"about":[{"href":"https:\/\/www.hediyepazar.com\/index.php?rest_route=\/wp\/v2\/types\/product"}],"replies":[{"embeddable":true,"href":"https:\/\/www.hediyepazar.com\/index.php?rest_route=%2Fwp%2Fv2%2Fcomments&post=117165"}],"wp:featuredmedia":[{"embeddable":true,"href":"https:\/\/www.hediyepazar.com\/index.php?rest_route=\/wp\/v2\/media\/117164"}],"wp:attachment":[{"href":"https:\/\/www.hediyepazar.com\/index.php?rest_route=%2Fwp%2Fv2%2Fmedia&parent=117165"}],"wp:term":[{"taxonomy":"product_brand","embeddable":true,"href":"https:\/\/www.hediyepazar.com\/index.php?rest_route=%2Fwp%2Fv2%2Fproduct_brand&post=117165"},{"taxonomy":"product_cat","embeddable":true,"href":"https:\/\/www.hediyepazar.com\/index.php?rest_route=%2Fwp%2Fv2%2Fproduct_cat&post=117165"},{"taxonomy":"product_tag","embeddable":true,"href":"https:\/\/www.hediyepazar.com\/index.php?rest_route=%2Fwp%2Fv2%2Fproduct_tag&post=117165"}],"curies":[{"name":"wp","href":"https:\/\/api.w.org\/{rel}","templated":true}]}}