{"id":117169,"date":"2026-05-05T19:06:13","date_gmt":"2026-05-05T22:06:13","guid":{"rendered":"https:\/\/www.hediyepazar.com\/?product=kimyasal-icermeyen-guvenli-hasere-kovucu-cocuk-ve-hayvan-dostu"},"modified":"2026-05-05T19:06:13","modified_gmt":"2026-05-05T22:06:13","slug":"kimyasal-icermeyen-guvenli-hasere-kovucu-cocuk-ve-hayvan-dostu","status":"publish","type":"product","link":"https:\/\/www.hediyepazar.com\/?product=kimyasal-icermeyen-guvenli-hasere-kovucu-cocuk-ve-hayvan-dostu","title":{"rendered":"Kimyasal \u0130\u00e7ermeyen G\u00fcvenli Ha\u015fere Kovucu \u2013 \u00c7ocuk ve Hayvan Dostu"},"content":{"rendered":"<p>&nbsp;Pestisitler, spreyler ya da zehirli yemler gibi geleneksel ha\u015fere \u00e7\u00f6z\u00fcmleri sa\u011fl\u0131k a\u00e7\u0131s\u0131ndan riskler ta\u015f\u0131yabilir. Bu \u00fcr\u00fcn ise tamamen fiziksel bir y\u00f6ntemle \u00e7al\u0131\u015farak sa\u011fl\u0131\u011f\u0131n\u0131z\u0131 riske atmadan etkili koruma sa\u011flar. Cihaz\u0131n yayd\u0131\u011f\u0131 ses dalgalar\u0131 yaln\u0131zca zararl\u0131lar\u0131 hedef al\u0131r, insanlar, kediler, k\u00f6pekler veya di\u011fer evcil hayvanlar \u00fczerinde hi\u00e7bir olumsuz etkisi yoktur. Bu y\u00f6n\u00fcyle \u00f6zellikle hassas bireyler, ast\u0131m hastalar\u0131 ve k\u00fc\u00e7\u00fck \u00e7ocuklar\u0131n bulundu\u011fu evlerde g\u00f6n\u00fcl rahatl\u0131\u011f\u0131yla kullan\u0131labilir.<\/p>\n","protected":false},"excerpt":{"rendered":"<p>&nbsp;Pestisitler, spreyler ya da zehirli yemler gibi geleneksel ha\u015fere \u00e7\u00f6z\u00fcmleri sa\u011fl\u0131k a\u00e7\u0131s\u0131ndan riskler ta\u015f\u0131yabilir. Bu \u00fcr\u00fcn ise tamamen fiziksel bir y\u00f6ntemle \u00e7al\u0131\u015farak sa\u011fl\u0131\u011f\u0131n\u0131z\u0131 riske atmadan etkili koruma sa\u011flar. Cihaz\u0131n yayd\u0131\u011f\u0131 ses dalgalar\u0131 yaln\u0131zca zararl\u0131lar\u0131 hedef al\u0131r, insanlar, kediler, k\u00f6pekler veya di\u011fer evcil hayvanlar \u00fczerinde hi\u00e7bir olumsuz etkisi yoktur. Bu y\u00f6n\u00fcyle \u00f6zellikle hassas bireyler, ast\u0131m hastalar\u0131&#8230;<\/p>\n","protected":false},"featured_media":117168,"comment_status":"open","ping_status":"closed","template":"","meta":{"_kad_post_transparent":"","_kad_post_title":"","_kad_post_layout":"","_kad_post_sidebar_id":"","_kad_post_content_style":"","_kad_post_vertical_padding":"","_kad_post_feature":"","_kad_post_feature_position":"","_kad_post_header":false,"_kad_post_footer":false,"_kad_post_classname":""},"product_brand":[],"product_cat":[15078],"product_tag":[],"class_list":{"0":"post-117169","1":"product","2":"type-product","3":"status-publish","4":"has-post-thumbnail","6":"product_cat-hasere-kovucular-hasere-kovucular","8":"first","9":"instock","10":"purchasable","11":"product-type-simple","12":"entry","13":"content-bg","14":"loop-entry"},"_links":{"self":[{"href":"https:\/\/www.hediyepazar.com\/index.php?rest_route=\/wp\/v2\/product\/117169","targetHints":{"allow":["GET"]}}],"collection":[{"href":"https:\/\/www.hediyepazar.com\/index.php?rest_route=\/wp\/v2\/product"}],"about":[{"href":"https:\/\/www.hediyepazar.com\/index.php?rest_route=\/wp\/v2\/types\/product"}],"replies":[{"embeddable":true,"href":"https:\/\/www.hediyepazar.com\/index.php?rest_route=%2Fwp%2Fv2%2Fcomments&post=117169"}],"wp:featuredmedia":[{"embeddable":true,"href":"https:\/\/www.hediyepazar.com\/index.php?rest_route=\/wp\/v2\/media\/117168"}],"wp:attachment":[{"href":"https:\/\/www.hediyepazar.com\/index.php?rest_route=%2Fwp%2Fv2%2Fmedia&parent=117169"}],"wp:term":[{"taxonomy":"product_brand","embeddable":true,"href":"https:\/\/www.hediyepazar.com\/index.php?rest_route=%2Fwp%2Fv2%2Fproduct_brand&post=117169"},{"taxonomy":"product_cat","embeddable":true,"href":"https:\/\/www.hediyepazar.com\/index.php?rest_route=%2Fwp%2Fv2%2Fproduct_cat&post=117169"},{"taxonomy":"product_tag","embeddable":true,"href":"https:\/\/www.hediyepazar.com\/index.php?rest_route=%2Fwp%2Fv2%2Fproduct_tag&post=117169"}],"curies":[{"name":"wp","href":"https:\/\/api.w.org\/{rel}","templated":true}]}}