{"id":117171,"date":"2026-05-05T19:06:18","date_gmt":"2026-05-05T22:06:18","guid":{"rendered":"https:\/\/www.hediyepazar.com\/?product=prize-tak-calistir-kolay-kullanim-etkili-hasere-uzaklastirici"},"modified":"2026-05-05T19:06:18","modified_gmt":"2026-05-05T22:06:18","slug":"prize-tak-calistir-kolay-kullanim-etkili-hasere-uzaklastirici","status":"publish","type":"product","link":"https:\/\/www.hediyepazar.com\/?product=prize-tak-calistir-kolay-kullanim-etkili-hasere-uzaklastirici","title":{"rendered":"Prize Tak \u00c7al\u0131\u015ft\u0131r Kolay Kullan\u0131m \u2013 Etkili Ha\u015fere Uzakla\u015ft\u0131r\u0131c\u0131"},"content":{"rendered":"<p>Kurulum gerektirmeyen bu cihaz, sadece prize tak\u0131larak \u00e7al\u0131\u015ft\u0131r\u0131l\u0131r ve an\u0131nda etki g\u00f6stermeye ba\u015flar. Karma\u015f\u0131k ayarlarla u\u011fra\u015fman\u0131za ya da ekstra ekipmanlara ihtiyac\u0131n\u0131z yoktur. Geli\u015fmi\u015f ultrason teknolojisi sayesinde ortamdaki zararl\u0131lar\u0131 etkili \u015fekilde uzakla\u015ft\u0131r\u0131rken sizin g\u00fcnl\u00fck ya\u015fant\u0131n\u0131z\u0131 hi\u00e7 etkilemez. \u00dcr\u00fcn, mutfaktan salona, yatak odas\u0131ndan garaja kadar evin her k\u00f6\u015fesinde rahatl\u0131kla kullan\u0131labilir. Ayr\u0131ca ofisler, k\u00fc\u00e7\u00fck i\u015fletmeler, kafe ve restoran gibi ticari alanlarda da ideal bir \u00e7\u00f6z\u00fcmd\u00fcr.&nbsp;<\/p>\n","protected":false},"excerpt":{"rendered":"<p>Kurulum gerektirmeyen bu cihaz, sadece prize tak\u0131larak \u00e7al\u0131\u015ft\u0131r\u0131l\u0131r ve an\u0131nda etki g\u00f6stermeye ba\u015flar. Karma\u015f\u0131k ayarlarla u\u011fra\u015fman\u0131za ya da ekstra ekipmanlara ihtiyac\u0131n\u0131z yoktur. Geli\u015fmi\u015f ultrason teknolojisi sayesinde ortamdaki zararl\u0131lar\u0131 etkili \u015fekilde uzakla\u015ft\u0131r\u0131rken sizin g\u00fcnl\u00fck ya\u015fant\u0131n\u0131z\u0131 hi\u00e7 etkilemez. \u00dcr\u00fcn, mutfaktan salona, yatak odas\u0131ndan garaja kadar evin her k\u00f6\u015fesinde rahatl\u0131kla kullan\u0131labilir. Ayr\u0131ca ofisler, k\u00fc\u00e7\u00fck i\u015fletmeler, kafe ve restoran&#8230;<\/p>\n","protected":false},"featured_media":117170,"comment_status":"open","ping_status":"closed","template":"","meta":{"_kad_post_transparent":"","_kad_post_title":"","_kad_post_layout":"","_kad_post_sidebar_id":"","_kad_post_content_style":"","_kad_post_vertical_padding":"","_kad_post_feature":"","_kad_post_feature_position":"","_kad_post_header":false,"_kad_post_footer":false,"_kad_post_classname":""},"product_brand":[],"product_cat":[15078],"product_tag":[],"class_list":{"0":"post-117171","1":"product","2":"type-product","3":"status-publish","4":"has-post-thumbnail","6":"product_cat-hasere-kovucular-hasere-kovucular","8":"first","9":"instock","10":"purchasable","11":"product-type-simple","12":"entry","13":"content-bg","14":"loop-entry"},"_links":{"self":[{"href":"https:\/\/www.hediyepazar.com\/index.php?rest_route=\/wp\/v2\/product\/117171","targetHints":{"allow":["GET"]}}],"collection":[{"href":"https:\/\/www.hediyepazar.com\/index.php?rest_route=\/wp\/v2\/product"}],"about":[{"href":"https:\/\/www.hediyepazar.com\/index.php?rest_route=\/wp\/v2\/types\/product"}],"replies":[{"embeddable":true,"href":"https:\/\/www.hediyepazar.com\/index.php?rest_route=%2Fwp%2Fv2%2Fcomments&post=117171"}],"wp:featuredmedia":[{"embeddable":true,"href":"https:\/\/www.hediyepazar.com\/index.php?rest_route=\/wp\/v2\/media\/117170"}],"wp:attachment":[{"href":"https:\/\/www.hediyepazar.com\/index.php?rest_route=%2Fwp%2Fv2%2Fmedia&parent=117171"}],"wp:term":[{"taxonomy":"product_brand","embeddable":true,"href":"https:\/\/www.hediyepazar.com\/index.php?rest_route=%2Fwp%2Fv2%2Fproduct_brand&post=117171"},{"taxonomy":"product_cat","embeddable":true,"href":"https:\/\/www.hediyepazar.com\/index.php?rest_route=%2Fwp%2Fv2%2Fproduct_cat&post=117171"},{"taxonomy":"product_tag","embeddable":true,"href":"https:\/\/www.hediyepazar.com\/index.php?rest_route=%2Fwp%2Fv2%2Fproduct_tag&post=117171"}],"curies":[{"name":"wp","href":"https:\/\/api.w.org\/{rel}","templated":true}]}}