{"id":117173,"date":"2026-05-05T19:06:59","date_gmt":"2026-05-05T22:06:59","guid":{"rendered":"https:\/\/www.hediyepazar.com\/?product=ultrasonik-ses-dalgalariyla-kimyasalsiz-fare-ve-bocek-kovucu-cihaz"},"modified":"2026-05-05T19:06:59","modified_gmt":"2026-05-05T22:06:59","slug":"ultrasonik-ses-dalgalariyla-kimyasalsiz-fare-ve-bocek-kovucu-cihaz","status":"publish","type":"product","link":"https:\/\/www.hediyepazar.com\/?product=ultrasonik-ses-dalgalariyla-kimyasalsiz-fare-ve-bocek-kovucu-cihaz","title":{"rendered":"Ultrasonik Ses Dalgalar\u0131yla Kimyasals\u0131z Fare ve B\u00f6cek Kovucu Cihaz"},"content":{"rendered":"<p>&nbsp;&nbsp;Bu ultrasonik cihaz, yayd\u0131\u011f\u0131 y\u00fcksek frekansl\u0131 ses dalgalar\u0131 sayesinde evinizdeki fare, hamamb\u00f6ce\u011fi, sivrisinek, \u00f6r\u00fcmcek gibi pek \u00e7ok ha\u015fereyi kimyasal kullanmadan ortamdan uzakla\u015ft\u0131r\u0131r. \u0130nsanlar ve evcil hayvanlar taraf\u0131ndan duyulamayan bu frekanslar, ha\u015fereler i\u00e7in son derece rahats\u0131z edicidir ve onlar\u0131n ya\u015fam alan\u0131n\u0131z\u0131 terk etmelerini sa\u011flar. Cihaz\u0131n sa\u011flad\u0131\u011f\u0131 bu do\u011fal koruma y\u00f6ntemi, \u00f6zellikle \u00e7ocuklu aileler ve evcil hayvan sahipleri i\u00e7in g\u00fcvenli bir alternatif sunar. Sessiz \u00e7al\u0131\u015fmas\u0131, kokusuz olu\u015fu ve kullan\u0131m kolayl\u0131\u011f\u0131 sayesinde g\u00fcn\u00fcn her saatinde fark edilmeden \u00e7al\u0131\u015fabilir.&nbsp;<\/p>\n","protected":false},"excerpt":{"rendered":"<p>&nbsp;&nbsp;Bu ultrasonik cihaz, yayd\u0131\u011f\u0131 y\u00fcksek frekansl\u0131 ses dalgalar\u0131 sayesinde evinizdeki fare, hamamb\u00f6ce\u011fi, sivrisinek, \u00f6r\u00fcmcek gibi pek \u00e7ok ha\u015fereyi kimyasal kullanmadan ortamdan uzakla\u015ft\u0131r\u0131r. \u0130nsanlar ve evcil hayvanlar taraf\u0131ndan duyulamayan bu frekanslar, ha\u015fereler i\u00e7in son derece rahats\u0131z edicidir ve onlar\u0131n ya\u015fam alan\u0131n\u0131z\u0131 terk etmelerini sa\u011flar. Cihaz\u0131n sa\u011flad\u0131\u011f\u0131 bu do\u011fal koruma y\u00f6ntemi, \u00f6zellikle \u00e7ocuklu aileler ve evcil hayvan&#8230;<\/p>\n","protected":false},"featured_media":117172,"comment_status":"open","ping_status":"closed","template":"","meta":{"_kad_post_transparent":"","_kad_post_title":"","_kad_post_layout":"","_kad_post_sidebar_id":"","_kad_post_content_style":"","_kad_post_vertical_padding":"","_kad_post_feature":"","_kad_post_feature_position":"","_kad_post_header":false,"_kad_post_footer":false,"_kad_post_classname":""},"product_brand":[],"product_cat":[15078],"product_tag":[],"class_list":{"0":"post-117173","1":"product","2":"type-product","3":"status-publish","4":"has-post-thumbnail","6":"product_cat-hasere-kovucular-hasere-kovucular","8":"first","9":"instock","10":"purchasable","11":"product-type-simple","12":"entry","13":"content-bg","14":"loop-entry"},"_links":{"self":[{"href":"https:\/\/www.hediyepazar.com\/index.php?rest_route=\/wp\/v2\/product\/117173","targetHints":{"allow":["GET"]}}],"collection":[{"href":"https:\/\/www.hediyepazar.com\/index.php?rest_route=\/wp\/v2\/product"}],"about":[{"href":"https:\/\/www.hediyepazar.com\/index.php?rest_route=\/wp\/v2\/types\/product"}],"replies":[{"embeddable":true,"href":"https:\/\/www.hediyepazar.com\/index.php?rest_route=%2Fwp%2Fv2%2Fcomments&post=117173"}],"wp:featuredmedia":[{"embeddable":true,"href":"https:\/\/www.hediyepazar.com\/index.php?rest_route=\/wp\/v2\/media\/117172"}],"wp:attachment":[{"href":"https:\/\/www.hediyepazar.com\/index.php?rest_route=%2Fwp%2Fv2%2Fmedia&parent=117173"}],"wp:term":[{"taxonomy":"product_brand","embeddable":true,"href":"https:\/\/www.hediyepazar.com\/index.php?rest_route=%2Fwp%2Fv2%2Fproduct_brand&post=117173"},{"taxonomy":"product_cat","embeddable":true,"href":"https:\/\/www.hediyepazar.com\/index.php?rest_route=%2Fwp%2Fv2%2Fproduct_cat&post=117173"},{"taxonomy":"product_tag","embeddable":true,"href":"https:\/\/www.hediyepazar.com\/index.php?rest_route=%2Fwp%2Fv2%2Fproduct_tag&post=117173"}],"curies":[{"name":"wp","href":"https:\/\/api.w.org\/{rel}","templated":true}]}}