{"id":117183,"date":"2026-05-05T19:09:07","date_gmt":"2026-05-05T22:09:07","guid":{"rendered":"https:\/\/www.hediyepazar.com\/?product=usb-sarjli-mini-usb-nemlendirici-led-isikli-masaustu-cihaz"},"modified":"2026-05-05T19:09:07","modified_gmt":"2026-05-05T22:09:07","slug":"usb-sarjli-mini-usb-nemlendirici-led-isikli-masaustu-cihaz","status":"publish","type":"product","link":"https:\/\/www.hediyepazar.com\/?product=usb-sarjli-mini-usb-nemlendirici-led-isikli-masaustu-cihaz","title":{"rendered":"USB \u015earjl\u0131 Mini USB Nemlendirici LED I\u015f\u0131kl\u0131 Masa\u00fcst\u00fc Cihaz"},"content":{"rendered":"<p>Bu ta\u015f\u0131nabilir USB mini nemlendirici, kompakt boyutlar\u0131na ra\u011fmen etkili nemlendirme kapasitesi ile ev, ofis, araba gibi bir\u00e7ok ortamda kullan\u0131lmak \u00fczere tasarlanm\u0131\u015ft\u0131r. 220 ml\u2019lik su deposu ile uzun s\u00fcreli kullan\u0131m sa\u011flar; s\u00fcrekli sprey modunda 4 saate kadar, aral\u0131kl\u0131 modda ise 8 saate kadar kesintisiz \u00e7al\u0131\u015fabilir. Y\u00fcksek kaliteli ABS + PP malzemeden \u00fcretilmi\u015f g\u00f6vdesi hem dayan\u0131kl\u0131 hem de hafiftir. \u00dcr\u00fcn\u00fcn \u00fczerinde bulunan renkli LED \u0131\u015f\u0131k, geceleri huzurlu bir ambiyans yarat\u0131rken ayn\u0131 zamanda gece lambas\u0131 olarak da i\u015flev g\u00f6rebilir. USB ile \u00e7al\u0131\u015fan bu nemlendirici 5V DC voltajla yaln\u0131zca 1.5\u20132W g\u00fc\u00e7 t\u00fcketir, b\u00f6ylece enerji a\u00e7\u0131s\u0131ndan da son derece tasarrufludur. Kullan\u0131m\u0131 son derece basit olan bu cihaz, pamuklu \u00e7ubuk mekanizmas\u0131yla sessiz bir \u015fekilde buhar \u00fcretir. Beyaz ve pembe renk se\u00e7enekleriyle sunulan \u00fcr\u00fcn hem i\u015flevsel hem \u015f\u0131k bir yard\u0131mc\u0131d\u0131r.<\/p>\n","protected":false},"excerpt":{"rendered":"<p>Bu ta\u015f\u0131nabilir USB mini nemlendirici, kompakt boyutlar\u0131na ra\u011fmen etkili nemlendirme kapasitesi ile ev, ofis, araba gibi bir\u00e7ok ortamda kullan\u0131lmak \u00fczere tasarlanm\u0131\u015ft\u0131r. 220 ml\u2019lik su deposu ile uzun s\u00fcreli kullan\u0131m sa\u011flar; s\u00fcrekli sprey modunda 4 saate kadar, aral\u0131kl\u0131 modda ise 8 saate kadar kesintisiz \u00e7al\u0131\u015fabilir. Y\u00fcksek kaliteli ABS + PP malzemeden \u00fcretilmi\u015f g\u00f6vdesi hem dayan\u0131kl\u0131 hem&#8230;<\/p>\n","protected":false},"featured_media":117182,"comment_status":"open","ping_status":"closed","template":"","meta":{"_kad_post_transparent":"","_kad_post_title":"","_kad_post_layout":"","_kad_post_sidebar_id":"","_kad_post_content_style":"","_kad_post_vertical_padding":"","_kad_post_feature":"","_kad_post_feature_position":"","_kad_post_header":false,"_kad_post_footer":false,"_kad_post_classname":""},"product_brand":[],"product_cat":[14965],"product_tag":[],"class_list":{"0":"post-117183","1":"product","2":"type-product","3":"status-publish","4":"has-post-thumbnail","6":"product_cat-hava-nemlendirici-hava-nemlendirici","8":"first","9":"instock","10":"purchasable","11":"product-type-simple","12":"entry","13":"content-bg","14":"loop-entry"},"_links":{"self":[{"href":"https:\/\/www.hediyepazar.com\/index.php?rest_route=\/wp\/v2\/product\/117183","targetHints":{"allow":["GET"]}}],"collection":[{"href":"https:\/\/www.hediyepazar.com\/index.php?rest_route=\/wp\/v2\/product"}],"about":[{"href":"https:\/\/www.hediyepazar.com\/index.php?rest_route=\/wp\/v2\/types\/product"}],"replies":[{"embeddable":true,"href":"https:\/\/www.hediyepazar.com\/index.php?rest_route=%2Fwp%2Fv2%2Fcomments&post=117183"}],"wp:featuredmedia":[{"embeddable":true,"href":"https:\/\/www.hediyepazar.com\/index.php?rest_route=\/wp\/v2\/media\/117182"}],"wp:attachment":[{"href":"https:\/\/www.hediyepazar.com\/index.php?rest_route=%2Fwp%2Fv2%2Fmedia&parent=117183"}],"wp:term":[{"taxonomy":"product_brand","embeddable":true,"href":"https:\/\/www.hediyepazar.com\/index.php?rest_route=%2Fwp%2Fv2%2Fproduct_brand&post=117183"},{"taxonomy":"product_cat","embeddable":true,"href":"https:\/\/www.hediyepazar.com\/index.php?rest_route=%2Fwp%2Fv2%2Fproduct_cat&post=117183"},{"taxonomy":"product_tag","embeddable":true,"href":"https:\/\/www.hediyepazar.com\/index.php?rest_route=%2Fwp%2Fv2%2Fproduct_tag&post=117183"}],"curies":[{"name":"wp","href":"https:\/\/api.w.org\/{rel}","templated":true}]}}