{"id":117189,"date":"2026-05-05T19:11:01","date_gmt":"2026-05-05T22:11:01","guid":{"rendered":"https:\/\/www.hediyepazar.com\/?product=led-aydinlatmali-80-200-kat-buyutmeli-cep-mikroskop"},"modified":"2026-05-05T19:11:01","modified_gmt":"2026-05-05T22:11:01","slug":"led-aydinlatmali-80-200-kat-buyutmeli-cep-mikroskop","status":"publish","type":"product","link":"https:\/\/www.hediyepazar.com\/?product=led-aydinlatmali-80-200-kat-buyutmeli-cep-mikroskop","title":{"rendered":"LED Ayd\u0131nlatmal\u0131 80\u2013200 Kat B\u00fcy\u00fctmeli Cep Mikroskop"},"content":{"rendered":"<p>LED \u0131\u015f\u0131kl\u0131 ta\u015f\u0131nabilir cep mikroskopu, bilim merakl\u0131lar\u0131 ve \u00f6\u011frenciler i\u00e7in \u00f6zel olarak geli\u015ftirilmi\u015f pratik bir g\u00f6zlem arac\u0131d\u0131r. 80X ila 200X aras\u0131nda ger\u00e7ek b\u00fcy\u00fctme sunan bu mini mikroskop, g\u00fc\u00e7l\u00fc PMMA optik lensleri ile \u00fcst\u00fcn g\u00f6r\u00fcnt\u00fc netli\u011fi sa\u011flar. Cihaz\u0131n yerle\u015fik LED \u0131\u015f\u0131\u011f\u0131 sayesinde d\u00fc\u015f\u00fck \u0131\u015f\u0131kl\u0131 ortamlarda bile net g\u00f6r\u00fcnt\u00fcler elde edebilirsiniz. LED \u0131\u015f\u0131k, nesneye yakla\u015ft\u0131r\u0131ld\u0131\u011f\u0131nda kolayca aktif hale gelir ve detaylar\u0131 daha g\u00f6r\u00fcn\u00fcr k\u0131lar. Ergonomik tasar\u0131m\u0131 ve yaln\u0131zca 10,5 cm\u2019lik uzunlu\u011fuyla cebinize veya \u00e7antan\u0131za s\u0131\u011far; seyahatlerde, do\u011fa y\u00fcr\u00fcy\u00fc\u015flerinde ya da okul projelerinde kolay ta\u015f\u0131nabilirlik sunar. \u0130ki adet AAA pil ile \u00e7al\u0131\u015fan mikroskop, kolay kullan\u0131m i\u00e7in sadece bir d\u00fc\u011fmeyle \u00e7al\u0131\u015f\u0131r. Odaklama tekerle\u011fi sayesinde saniyeler i\u00e7inde g\u00f6r\u00fcnt\u00fcy\u00fc netle\u015ftirebilirsiniz. Hem \u00e7ocuklara hem yeti\u015fkinlere hitap eden bu cihaz, mikroskobik d\u00fcnyan\u0131n kap\u0131lar\u0131n\u0131 aralaman\u0131z\u0131 sa\u011flar.<\/p>\n","protected":false},"excerpt":{"rendered":"<p>LED \u0131\u015f\u0131kl\u0131 ta\u015f\u0131nabilir cep mikroskopu, bilim merakl\u0131lar\u0131 ve \u00f6\u011frenciler i\u00e7in \u00f6zel olarak geli\u015ftirilmi\u015f pratik bir g\u00f6zlem arac\u0131d\u0131r. 80X ila 200X aras\u0131nda ger\u00e7ek b\u00fcy\u00fctme sunan bu mini mikroskop, g\u00fc\u00e7l\u00fc PMMA optik lensleri ile \u00fcst\u00fcn g\u00f6r\u00fcnt\u00fc netli\u011fi sa\u011flar. Cihaz\u0131n yerle\u015fik LED \u0131\u015f\u0131\u011f\u0131 sayesinde d\u00fc\u015f\u00fck \u0131\u015f\u0131kl\u0131 ortamlarda bile net g\u00f6r\u00fcnt\u00fcler elde edebilirsiniz. LED \u0131\u015f\u0131k, nesneye yakla\u015ft\u0131r\u0131ld\u0131\u011f\u0131nda kolayca aktif&#8230;<\/p>\n","protected":false},"featured_media":117188,"comment_status":"open","ping_status":"closed","template":"","meta":{"_kad_post_transparent":"","_kad_post_title":"","_kad_post_layout":"","_kad_post_sidebar_id":"","_kad_post_content_style":"","_kad_post_vertical_padding":"","_kad_post_feature":"","_kad_post_feature_position":"","_kad_post_header":false,"_kad_post_footer":false,"_kad_post_classname":""},"product_brand":[],"product_cat":[15090],"product_tag":[],"class_list":{"0":"post-117189","1":"product","2":"type-product","3":"status-publish","4":"has-post-thumbnail","6":"product_cat-cocuk-oyuncak-cocuk-oyuncak","8":"first","9":"instock","10":"purchasable","11":"product-type-simple","12":"entry","13":"content-bg","14":"loop-entry"},"_links":{"self":[{"href":"https:\/\/www.hediyepazar.com\/index.php?rest_route=\/wp\/v2\/product\/117189","targetHints":{"allow":["GET"]}}],"collection":[{"href":"https:\/\/www.hediyepazar.com\/index.php?rest_route=\/wp\/v2\/product"}],"about":[{"href":"https:\/\/www.hediyepazar.com\/index.php?rest_route=\/wp\/v2\/types\/product"}],"replies":[{"embeddable":true,"href":"https:\/\/www.hediyepazar.com\/index.php?rest_route=%2Fwp%2Fv2%2Fcomments&post=117189"}],"wp:featuredmedia":[{"embeddable":true,"href":"https:\/\/www.hediyepazar.com\/index.php?rest_route=\/wp\/v2\/media\/117188"}],"wp:attachment":[{"href":"https:\/\/www.hediyepazar.com\/index.php?rest_route=%2Fwp%2Fv2%2Fmedia&parent=117189"}],"wp:term":[{"taxonomy":"product_brand","embeddable":true,"href":"https:\/\/www.hediyepazar.com\/index.php?rest_route=%2Fwp%2Fv2%2Fproduct_brand&post=117189"},{"taxonomy":"product_cat","embeddable":true,"href":"https:\/\/www.hediyepazar.com\/index.php?rest_route=%2Fwp%2Fv2%2Fproduct_cat&post=117189"},{"taxonomy":"product_tag","embeddable":true,"href":"https:\/\/www.hediyepazar.com\/index.php?rest_route=%2Fwp%2Fv2%2Fproduct_tag&post=117189"}],"curies":[{"name":"wp","href":"https:\/\/api.w.org\/{rel}","templated":true}]}}