{"id":117191,"date":"2026-05-05T19:11:06","date_gmt":"2026-05-05T22:11:06","guid":{"rendered":"https:\/\/www.hediyepazar.com\/?product=pmma-optik-lensli-kompakt-tasinabilir-mikroskop"},"modified":"2026-05-05T19:11:06","modified_gmt":"2026-05-05T22:11:06","slug":"pmma-optik-lensli-kompakt-tasinabilir-mikroskop","status":"publish","type":"product","link":"https:\/\/www.hediyepazar.com\/?product=pmma-optik-lensli-kompakt-tasinabilir-mikroskop","title":{"rendered":"PMMA Optik Lensli Kompakt Ta\u015f\u0131nabilir Mikroskop"},"content":{"rendered":"<p>ABS plastikten \u00fcretilen bu kompakt mikroskop, darbelere ve g\u00fcnl\u00fck kullan\u0131ma dayan\u0131kl\u0131 bir yap\u0131 sunar. LED ayd\u0131nlatma \u00f6zelli\u011fi, g\u00f6zlem s\u0131ras\u0131nda \u0131\u015f\u0131k yetersizli\u011fini ortadan kald\u0131r\u0131rken, 80X\u2013200X b\u00fcy\u00fctme aral\u0131\u011f\u0131 ile farkl\u0131 boyutlardaki h\u00fccreler, lifler, y\u00fczey dokular\u0131 gibi detaylar\u0131 rahatl\u0131kla g\u00f6rebilirsiniz. Kullan\u0131m ad\u0131mlar\u0131 olduk\u00e7a basittir: \u00d6nce mikroskobu nesneye yakla\u015ft\u0131r\u0131n, LED\u2019i a\u00e7\u0131n, ard\u0131ndan b\u00fcy\u00fctme seviyesini ayarlay\u0131p odak tekerle\u011fiyle g\u00f6r\u00fcnt\u00fcy\u00fc netle\u015ftirin. \u00d6zellikle \u00e7ocuklar\u0131n bilime olan ilgisini art\u0131rmak i\u00e7in etkili bir ara\u00e7t\u0131r. E\u011fitim amac\u0131yla okullarda kullan\u0131labilece\u011fi gibi, evde hobi olarak da kullan\u0131labilir. Hafif yap\u0131s\u0131 ve pillere dayal\u0131 g\u00fc\u00e7 sistemi sayesinde kabloya gerek kalmaz, bu da onu mobil kullan\u0131m i\u00e7in ideal hale getirir.<\/p>\n","protected":false},"excerpt":{"rendered":"<p>ABS plastikten \u00fcretilen bu kompakt mikroskop, darbelere ve g\u00fcnl\u00fck kullan\u0131ma dayan\u0131kl\u0131 bir yap\u0131 sunar. LED ayd\u0131nlatma \u00f6zelli\u011fi, g\u00f6zlem s\u0131ras\u0131nda \u0131\u015f\u0131k yetersizli\u011fini ortadan kald\u0131r\u0131rken, 80X\u2013200X b\u00fcy\u00fctme aral\u0131\u011f\u0131 ile farkl\u0131 boyutlardaki h\u00fccreler, lifler, y\u00fczey dokular\u0131 gibi detaylar\u0131 rahatl\u0131kla g\u00f6rebilirsiniz. Kullan\u0131m ad\u0131mlar\u0131 olduk\u00e7a basittir: \u00d6nce mikroskobu nesneye yakla\u015ft\u0131r\u0131n, LED\u2019i a\u00e7\u0131n, ard\u0131ndan b\u00fcy\u00fctme seviyesini ayarlay\u0131p odak tekerle\u011fiyle g\u00f6r\u00fcnt\u00fcy\u00fc netle\u015ftirin&#8230;.<\/p>\n","protected":false},"featured_media":117190,"comment_status":"open","ping_status":"closed","template":"","meta":{"_kad_post_transparent":"","_kad_post_title":"","_kad_post_layout":"","_kad_post_sidebar_id":"","_kad_post_content_style":"","_kad_post_vertical_padding":"","_kad_post_feature":"","_kad_post_feature_position":"","_kad_post_header":false,"_kad_post_footer":false,"_kad_post_classname":""},"product_brand":[],"product_cat":[15090],"product_tag":[],"class_list":{"0":"post-117191","1":"product","2":"type-product","3":"status-publish","4":"has-post-thumbnail","6":"product_cat-cocuk-oyuncak-cocuk-oyuncak","8":"first","9":"instock","10":"purchasable","11":"product-type-simple","12":"entry","13":"content-bg","14":"loop-entry"},"_links":{"self":[{"href":"https:\/\/www.hediyepazar.com\/index.php?rest_route=\/wp\/v2\/product\/117191","targetHints":{"allow":["GET"]}}],"collection":[{"href":"https:\/\/www.hediyepazar.com\/index.php?rest_route=\/wp\/v2\/product"}],"about":[{"href":"https:\/\/www.hediyepazar.com\/index.php?rest_route=\/wp\/v2\/types\/product"}],"replies":[{"embeddable":true,"href":"https:\/\/www.hediyepazar.com\/index.php?rest_route=%2Fwp%2Fv2%2Fcomments&post=117191"}],"wp:featuredmedia":[{"embeddable":true,"href":"https:\/\/www.hediyepazar.com\/index.php?rest_route=\/wp\/v2\/media\/117190"}],"wp:attachment":[{"href":"https:\/\/www.hediyepazar.com\/index.php?rest_route=%2Fwp%2Fv2%2Fmedia&parent=117191"}],"wp:term":[{"taxonomy":"product_brand","embeddable":true,"href":"https:\/\/www.hediyepazar.com\/index.php?rest_route=%2Fwp%2Fv2%2Fproduct_brand&post=117191"},{"taxonomy":"product_cat","embeddable":true,"href":"https:\/\/www.hediyepazar.com\/index.php?rest_route=%2Fwp%2Fv2%2Fproduct_cat&post=117191"},{"taxonomy":"product_tag","embeddable":true,"href":"https:\/\/www.hediyepazar.com\/index.php?rest_route=%2Fwp%2Fv2%2Fproduct_tag&post=117191"}],"curies":[{"name":"wp","href":"https:\/\/api.w.org\/{rel}","templated":true}]}}