{"id":117193,"date":"2026-05-05T19:11:11","date_gmt":"2026-05-05T22:11:11","guid":{"rendered":"https:\/\/www.hediyepazar.com\/?product=tasinabilir-led-isikli-cep-mikroskop-80x-200x-buyutme"},"modified":"2026-05-05T19:11:11","modified_gmt":"2026-05-05T22:11:11","slug":"tasinabilir-led-isikli-cep-mikroskop-80x-200x-buyutme","status":"publish","type":"product","link":"https:\/\/www.hediyepazar.com\/?product=tasinabilir-led-isikli-cep-mikroskop-80x-200x-buyutme","title":{"rendered":"Ta\u015f\u0131nabilir LED I\u015f\u0131kl\u0131 Cep Mikroskop \u2013 80X\u2013200X B\u00fcy\u00fctme"},"content":{"rendered":"<p>Bu LED \u0131\u015f\u0131kl\u0131 cep mikroskopu, 80\u2013200X aras\u0131nda ger\u00e7ek b\u00fcy\u00fctme sa\u011flayan PMMA optik lensi ve kolay net odaklama tekerle\u011fiyle ke\u015fif d\u00fcnyas\u0131n\u0131 cebinize ta\u015f\u0131r. ABS g\u00f6vdeli mavi tasar\u0131m\u0131yla hem dayan\u0131kl\u0131 hem \u015f\u0131k olan cihaz; iki adet AAA pil ile \u00e7al\u0131\u015farak her ortamda kullan\u0131labilir. Dahili LED ayd\u0131nlatma, d\u00fc\u015f\u00fck \u0131\u015f\u0131kl\u0131 alanlarda bile net g\u00f6r\u00fcnt\u00fcler sunar. \u00d6\u011frenciler, hobiciler ve do\u011fa merakl\u0131lar\u0131 i\u00e7in hem e\u011fitici hem e\u011flenceli bir hediye se\u00e7ene\u011fidir.<\/p>\n","protected":false},"excerpt":{"rendered":"<p>Bu LED \u0131\u015f\u0131kl\u0131 cep mikroskopu, 80\u2013200X aras\u0131nda ger\u00e7ek b\u00fcy\u00fctme sa\u011flayan PMMA optik lensi ve kolay net odaklama tekerle\u011fiyle ke\u015fif d\u00fcnyas\u0131n\u0131 cebinize ta\u015f\u0131r. ABS g\u00f6vdeli mavi tasar\u0131m\u0131yla hem dayan\u0131kl\u0131 hem \u015f\u0131k olan cihaz; iki adet AAA pil ile \u00e7al\u0131\u015farak her ortamda kullan\u0131labilir. Dahili LED ayd\u0131nlatma, d\u00fc\u015f\u00fck \u0131\u015f\u0131kl\u0131 alanlarda bile net g\u00f6r\u00fcnt\u00fcler sunar. \u00d6\u011frenciler, hobiciler ve do\u011fa&#8230;<\/p>\n","protected":false},"featured_media":117192,"comment_status":"open","ping_status":"closed","template":"","meta":{"_kad_post_transparent":"","_kad_post_title":"","_kad_post_layout":"","_kad_post_sidebar_id":"","_kad_post_content_style":"","_kad_post_vertical_padding":"","_kad_post_feature":"","_kad_post_feature_position":"","_kad_post_header":false,"_kad_post_footer":false,"_kad_post_classname":""},"product_brand":[],"product_cat":[15090],"product_tag":[],"class_list":{"0":"post-117193","1":"product","2":"type-product","3":"status-publish","4":"has-post-thumbnail","6":"product_cat-cocuk-oyuncak-cocuk-oyuncak","8":"first","9":"instock","10":"purchasable","11":"product-type-simple","12":"entry","13":"content-bg","14":"loop-entry"},"_links":{"self":[{"href":"https:\/\/www.hediyepazar.com\/index.php?rest_route=\/wp\/v2\/product\/117193","targetHints":{"allow":["GET"]}}],"collection":[{"href":"https:\/\/www.hediyepazar.com\/index.php?rest_route=\/wp\/v2\/product"}],"about":[{"href":"https:\/\/www.hediyepazar.com\/index.php?rest_route=\/wp\/v2\/types\/product"}],"replies":[{"embeddable":true,"href":"https:\/\/www.hediyepazar.com\/index.php?rest_route=%2Fwp%2Fv2%2Fcomments&post=117193"}],"wp:featuredmedia":[{"embeddable":true,"href":"https:\/\/www.hediyepazar.com\/index.php?rest_route=\/wp\/v2\/media\/117192"}],"wp:attachment":[{"href":"https:\/\/www.hediyepazar.com\/index.php?rest_route=%2Fwp%2Fv2%2Fmedia&parent=117193"}],"wp:term":[{"taxonomy":"product_brand","embeddable":true,"href":"https:\/\/www.hediyepazar.com\/index.php?rest_route=%2Fwp%2Fv2%2Fproduct_brand&post=117193"},{"taxonomy":"product_cat","embeddable":true,"href":"https:\/\/www.hediyepazar.com\/index.php?rest_route=%2Fwp%2Fv2%2Fproduct_cat&post=117193"},{"taxonomy":"product_tag","embeddable":true,"href":"https:\/\/www.hediyepazar.com\/index.php?rest_route=%2Fwp%2Fv2%2Fproduct_tag&post=117193"}],"curies":[{"name":"wp","href":"https:\/\/api.w.org\/{rel}","templated":true}]}}