{"id":117195,"date":"2026-05-05T19:11:16","date_gmt":"2026-05-05T22:11:16","guid":{"rendered":"https:\/\/www.hediyepazar.com\/?product=doner-mekanizmali-rende-bicakli-sebze-dilimleyici-seti"},"modified":"2026-05-05T19:11:16","modified_gmt":"2026-05-05T22:11:16","slug":"doner-mekanizmali-rende-bicakli-sebze-dilimleyici-seti","status":"publish","type":"product","link":"https:\/\/www.hediyepazar.com\/?product=doner-mekanizmali-rende-bicakli-sebze-dilimleyici-seti","title":{"rendered":"D\u00f6ner Mekanizmal\u0131 Rende B\u0131\u00e7akl\u0131 Sebze Dilimleyici Seti"},"content":{"rendered":"<p>Bu pratik mutfak aparat\u0131, yaln\u0131zca sebze ve meyve de\u011fil, ayn\u0131 zamanda peynir gibi di\u011fer g\u0131dalar\u0131n da h\u0131zl\u0131 ve e\u015fit \u015fekilde do\u011franmas\u0131n\u0131 sa\u011flar. D\u00f6ner mekanizma ile \u00e7al\u0131\u015fan de\u011fi\u015ftirilebilir b\u0131\u00e7aklar\u0131, \u00e7e\u015fitli kal\u0131nl\u0131klarda kesim yapma imkan\u0131 verir. Hazneye entegre s\u00fczge\u00e7 b\u00f6lmesi, do\u011frad\u0131\u011f\u0131n\u0131z \u00fcr\u00fcnlerin y\u0131kan\u0131p s\u00fcz\u00fclmesini kolayla\u015ft\u0131r\u0131r. El koruyuculu yap\u0131s\u0131, b\u0131\u00e7aklarla temas\u0131 en aza indirerek daha g\u00fcvenli bir kullan\u0131m sunar. G\u00fcndelik yemek haz\u0131rl\u0131klar\u0131nda h\u0131z ve pratiklik sa\u011flayan bu \u00fcr\u00fcn, ayn\u0131 zamanda kompakt tasar\u0131m\u0131yla mutfa\u011f\u0131n\u0131zda yer tasarrufu da sa\u011flar.&nbsp;<\/p>\n","protected":false},"excerpt":{"rendered":"<p>Bu pratik mutfak aparat\u0131, yaln\u0131zca sebze ve meyve de\u011fil, ayn\u0131 zamanda peynir gibi di\u011fer g\u0131dalar\u0131n da h\u0131zl\u0131 ve e\u015fit \u015fekilde do\u011franmas\u0131n\u0131 sa\u011flar. D\u00f6ner mekanizma ile \u00e7al\u0131\u015fan de\u011fi\u015ftirilebilir b\u0131\u00e7aklar\u0131, \u00e7e\u015fitli kal\u0131nl\u0131klarda kesim yapma imkan\u0131 verir. Hazneye entegre s\u00fczge\u00e7 b\u00f6lmesi, do\u011frad\u0131\u011f\u0131n\u0131z \u00fcr\u00fcnlerin y\u0131kan\u0131p s\u00fcz\u00fclmesini kolayla\u015ft\u0131r\u0131r. El koruyuculu yap\u0131s\u0131, b\u0131\u00e7aklarla temas\u0131 en aza indirerek daha g\u00fcvenli bir kullan\u0131m&#8230;<\/p>\n","protected":false},"featured_media":117194,"comment_status":"open","ping_status":"closed","template":"","meta":{"_kad_post_transparent":"","_kad_post_title":"","_kad_post_layout":"","_kad_post_sidebar_id":"","_kad_post_content_style":"","_kad_post_vertical_padding":"","_kad_post_feature":"","_kad_post_feature_position":"","_kad_post_header":false,"_kad_post_footer":false,"_kad_post_classname":""},"product_brand":[],"product_cat":[15068],"product_tag":[],"class_list":{"0":"post-117195","1":"product","2":"type-product","3":"status-publish","4":"has-post-thumbnail","6":"product_cat-pratik-mutfak-gerecleri-pratik-mutfak-gerecleri-2","8":"first","9":"instock","10":"purchasable","11":"product-type-simple","12":"entry","13":"content-bg","14":"loop-entry"},"_links":{"self":[{"href":"https:\/\/www.hediyepazar.com\/index.php?rest_route=\/wp\/v2\/product\/117195","targetHints":{"allow":["GET"]}}],"collection":[{"href":"https:\/\/www.hediyepazar.com\/index.php?rest_route=\/wp\/v2\/product"}],"about":[{"href":"https:\/\/www.hediyepazar.com\/index.php?rest_route=\/wp\/v2\/types\/product"}],"replies":[{"embeddable":true,"href":"https:\/\/www.hediyepazar.com\/index.php?rest_route=%2Fwp%2Fv2%2Fcomments&post=117195"}],"wp:featuredmedia":[{"embeddable":true,"href":"https:\/\/www.hediyepazar.com\/index.php?rest_route=\/wp\/v2\/media\/117194"}],"wp:attachment":[{"href":"https:\/\/www.hediyepazar.com\/index.php?rest_route=%2Fwp%2Fv2%2Fmedia&parent=117195"}],"wp:term":[{"taxonomy":"product_brand","embeddable":true,"href":"https:\/\/www.hediyepazar.com\/index.php?rest_route=%2Fwp%2Fv2%2Fproduct_brand&post=117195"},{"taxonomy":"product_cat","embeddable":true,"href":"https:\/\/www.hediyepazar.com\/index.php?rest_route=%2Fwp%2Fv2%2Fproduct_cat&post=117195"},{"taxonomy":"product_tag","embeddable":true,"href":"https:\/\/www.hediyepazar.com\/index.php?rest_route=%2Fwp%2Fv2%2Fproduct_tag&post=117195"}],"curies":[{"name":"wp","href":"https:\/\/api.w.org\/{rel}","templated":true}]}}