{"id":117199,"date":"2026-05-05T19:11:29","date_gmt":"2026-05-05T22:11:29","guid":{"rendered":"https:\/\/www.hediyepazar.com\/?product=suzgecli-hazneye-sahip-cok-amacli-rende-ve-dilimleyici"},"modified":"2026-05-05T19:11:29","modified_gmt":"2026-05-05T22:11:29","slug":"suzgecli-hazneye-sahip-cok-amacli-rende-ve-dilimleyici","status":"publish","type":"product","link":"https:\/\/www.hediyepazar.com\/?product=suzgecli-hazneye-sahip-cok-amacli-rende-ve-dilimleyici","title":{"rendered":"S\u00fczge\u00e7li Hazneye Sahip \u00c7ok Ama\u00e7l\u0131 Rende ve Dilimleyici"},"content":{"rendered":"<p>&nbsp;&nbsp;G\u00fcnl\u00fck mutfak i\u015flerini daha konforlu hale getirmek i\u00e7in tasarlanan bu \u00e7ok ama\u00e7l\u0131 rende, kullan\u0131c\u0131s\u0131na b\u00fcy\u00fck kolayl\u0131k sa\u011flar. Farkl\u0131 kesim ihtiya\u00e7lar\u0131na uygun olarak de\u011fi\u015ftirilebilir b\u0131\u00e7aklar\u0131 ile meyve ve sebzeleri h\u0131zl\u0131ca do\u011frayabilir, dilimleyebilir veya rendeleyebilirsiniz. Hazne i\u00e7erisinde biriken sebzeler sayesinde tezgah\u0131n\u0131z daima d\u00fczenli kal\u0131r. S\u00fczge\u00e7 i\u015flevi g\u00f6ren hazne, malzemelerin suyunu kolayca tahliye etmenizi sa\u011flar. \u00dcr\u00fcnle birlikte gelen el koruma aparat\u0131, kullan\u0131m s\u0131ras\u0131nda ellerinizi b\u0131\u00e7aklardan uzak tutarak g\u00fcvenli\u011fi art\u0131r\u0131r. Kompakt yap\u0131s\u0131 ile saklamas\u0131 kolay, temizli\u011fi ise son derece pratiktir.<\/p>\n","protected":false},"excerpt":{"rendered":"<p>&nbsp;&nbsp;G\u00fcnl\u00fck mutfak i\u015flerini daha konforlu hale getirmek i\u00e7in tasarlanan bu \u00e7ok ama\u00e7l\u0131 rende, kullan\u0131c\u0131s\u0131na b\u00fcy\u00fck kolayl\u0131k sa\u011flar. Farkl\u0131 kesim ihtiya\u00e7lar\u0131na uygun olarak de\u011fi\u015ftirilebilir b\u0131\u00e7aklar\u0131 ile meyve ve sebzeleri h\u0131zl\u0131ca do\u011frayabilir, dilimleyebilir veya rendeleyebilirsiniz. Hazne i\u00e7erisinde biriken sebzeler sayesinde tezgah\u0131n\u0131z daima d\u00fczenli kal\u0131r. S\u00fczge\u00e7 i\u015flevi g\u00f6ren hazne, malzemelerin suyunu kolayca tahliye etmenizi sa\u011flar. \u00dcr\u00fcnle birlikte gelen&#8230;<\/p>\n","protected":false},"featured_media":117198,"comment_status":"open","ping_status":"closed","template":"","meta":{"_kad_post_transparent":"","_kad_post_title":"","_kad_post_layout":"","_kad_post_sidebar_id":"","_kad_post_content_style":"","_kad_post_vertical_padding":"","_kad_post_feature":"","_kad_post_feature_position":"","_kad_post_header":false,"_kad_post_footer":false,"_kad_post_classname":""},"product_brand":[],"product_cat":[15068],"product_tag":[],"class_list":{"0":"post-117199","1":"product","2":"type-product","3":"status-publish","4":"has-post-thumbnail","6":"product_cat-pratik-mutfak-gerecleri-pratik-mutfak-gerecleri-2","8":"first","9":"instock","10":"purchasable","11":"product-type-simple","12":"entry","13":"content-bg","14":"loop-entry"},"_links":{"self":[{"href":"https:\/\/www.hediyepazar.com\/index.php?rest_route=\/wp\/v2\/product\/117199","targetHints":{"allow":["GET"]}}],"collection":[{"href":"https:\/\/www.hediyepazar.com\/index.php?rest_route=\/wp\/v2\/product"}],"about":[{"href":"https:\/\/www.hediyepazar.com\/index.php?rest_route=\/wp\/v2\/types\/product"}],"replies":[{"embeddable":true,"href":"https:\/\/www.hediyepazar.com\/index.php?rest_route=%2Fwp%2Fv2%2Fcomments&post=117199"}],"wp:featuredmedia":[{"embeddable":true,"href":"https:\/\/www.hediyepazar.com\/index.php?rest_route=\/wp\/v2\/media\/117198"}],"wp:attachment":[{"href":"https:\/\/www.hediyepazar.com\/index.php?rest_route=%2Fwp%2Fv2%2Fmedia&parent=117199"}],"wp:term":[{"taxonomy":"product_brand","embeddable":true,"href":"https:\/\/www.hediyepazar.com\/index.php?rest_route=%2Fwp%2Fv2%2Fproduct_brand&post=117199"},{"taxonomy":"product_cat","embeddable":true,"href":"https:\/\/www.hediyepazar.com\/index.php?rest_route=%2Fwp%2Fv2%2Fproduct_cat&post=117199"},{"taxonomy":"product_tag","embeddable":true,"href":"https:\/\/www.hediyepazar.com\/index.php?rest_route=%2Fwp%2Fv2%2Fproduct_tag&post=117199"}],"curies":[{"name":"wp","href":"https:\/\/api.w.org\/{rel}","templated":true}]}}