{"id":117201,"date":"2026-05-05T19:11:34","date_gmt":"2026-05-05T22:11:34","guid":{"rendered":"https:\/\/www.hediyepazar.com\/?product=suzgecli-cok-fonksiyonlu-doner-rende-ve-dograyici"},"modified":"2026-05-05T19:11:34","modified_gmt":"2026-05-05T22:11:34","slug":"suzgecli-cok-fonksiyonlu-doner-rende-ve-dograyici","status":"publish","type":"product","link":"https:\/\/www.hediyepazar.com\/?product=suzgecli-cok-fonksiyonlu-doner-rende-ve-dograyici","title":{"rendered":"S\u00fczge\u00e7li \u00c7ok Fonksiyonlu D\u00f6ner Rende ve Do\u011fray\u0131c\u0131"},"content":{"rendered":"<p>Evde yemek haz\u0131rlarken zaman kayb\u0131n\u0131 \u00f6nlemek isteyenler i\u00e7in tasarlanm\u0131\u015f olan bu \u00e7ok fonksiyonlu rende, mutfakta d\u00fczeni ve verimlili\u011fi art\u0131r\u0131r. Sebze ve meyveleri ince ya da kal\u0131n rendeleyebilir, yuvarlak veya \u015ferit \u015feklinde dilimleyebilirsiniz.Rende b\u0131\u00e7a\u011f\u0131n\u0131n hemen alt\u0131ndaki d\u00f6ner s\u00fczge\u00e7li hazne, do\u011franan malzemeleri toplar. Ayn\u0131 zamanda sebzeleri y\u0131kad\u0131ktan sonra s\u00fczmek i\u00e7in de kullan\u0131labilir. El koruma aparat\u0131 sayesinde g\u00fcvenli kullan\u0131m sa\u011flar.<\/p>\n","protected":false},"excerpt":{"rendered":"<p>Evde yemek haz\u0131rlarken zaman kayb\u0131n\u0131 \u00f6nlemek isteyenler i\u00e7in tasarlanm\u0131\u015f olan bu \u00e7ok fonksiyonlu rende, mutfakta d\u00fczeni ve verimlili\u011fi art\u0131r\u0131r. Sebze ve meyveleri ince ya da kal\u0131n rendeleyebilir, yuvarlak veya \u015ferit \u015feklinde dilimleyebilirsiniz.Rende b\u0131\u00e7a\u011f\u0131n\u0131n hemen alt\u0131ndaki d\u00f6ner s\u00fczge\u00e7li hazne, do\u011franan malzemeleri toplar. Ayn\u0131 zamanda sebzeleri y\u0131kad\u0131ktan sonra s\u00fczmek i\u00e7in de kullan\u0131labilir. El koruma aparat\u0131 sayesinde g\u00fcvenli&#8230;<\/p>\n","protected":false},"featured_media":117200,"comment_status":"open","ping_status":"closed","template":"","meta":{"_kad_post_transparent":"","_kad_post_title":"","_kad_post_layout":"","_kad_post_sidebar_id":"","_kad_post_content_style":"","_kad_post_vertical_padding":"","_kad_post_feature":"","_kad_post_feature_position":"","_kad_post_header":false,"_kad_post_footer":false,"_kad_post_classname":""},"product_brand":[],"product_cat":[15068],"product_tag":[],"class_list":{"0":"post-117201","1":"product","2":"type-product","3":"status-publish","4":"has-post-thumbnail","6":"product_cat-pratik-mutfak-gerecleri-pratik-mutfak-gerecleri-2","8":"first","9":"instock","10":"purchasable","11":"product-type-simple","12":"entry","13":"content-bg","14":"loop-entry"},"_links":{"self":[{"href":"https:\/\/www.hediyepazar.com\/index.php?rest_route=\/wp\/v2\/product\/117201","targetHints":{"allow":["GET"]}}],"collection":[{"href":"https:\/\/www.hediyepazar.com\/index.php?rest_route=\/wp\/v2\/product"}],"about":[{"href":"https:\/\/www.hediyepazar.com\/index.php?rest_route=\/wp\/v2\/types\/product"}],"replies":[{"embeddable":true,"href":"https:\/\/www.hediyepazar.com\/index.php?rest_route=%2Fwp%2Fv2%2Fcomments&post=117201"}],"wp:featuredmedia":[{"embeddable":true,"href":"https:\/\/www.hediyepazar.com\/index.php?rest_route=\/wp\/v2\/media\/117200"}],"wp:attachment":[{"href":"https:\/\/www.hediyepazar.com\/index.php?rest_route=%2Fwp%2Fv2%2Fmedia&parent=117201"}],"wp:term":[{"taxonomy":"product_brand","embeddable":true,"href":"https:\/\/www.hediyepazar.com\/index.php?rest_route=%2Fwp%2Fv2%2Fproduct_brand&post=117201"},{"taxonomy":"product_cat","embeddable":true,"href":"https:\/\/www.hediyepazar.com\/index.php?rest_route=%2Fwp%2Fv2%2Fproduct_cat&post=117201"},{"taxonomy":"product_tag","embeddable":true,"href":"https:\/\/www.hediyepazar.com\/index.php?rest_route=%2Fwp%2Fv2%2Fproduct_tag&post=117201"}],"curies":[{"name":"wp","href":"https:\/\/api.w.org\/{rel}","templated":true}]}}