{"id":117207,"date":"2026-05-05T19:11:47","date_gmt":"2026-05-05T22:11:47","guid":{"rendered":"https:\/\/www.hediyepazar.com\/?product=cevre-dostu-metal-buz-kupu-ve-kullanisli-klips-seti"},"modified":"2026-05-05T19:11:47","modified_gmt":"2026-05-05T22:11:47","slug":"cevre-dostu-metal-buz-kupu-ve-kullanisli-klips-seti","status":"publish","type":"product","link":"https:\/\/www.hediyepazar.com\/?product=cevre-dostu-metal-buz-kupu-ve-kullanisli-klips-seti","title":{"rendered":"\u00c7evre Dostu Metal Buz K\u00fcp\u00fc ve Kullan\u0131\u015fl\u0131 Klips Seti"},"content":{"rendered":"<p>Y\u00fcksek performansl\u0131 304 paslanmaz \u00e7elikten \u00fcretilen metal buz k\u00fcpleri, h\u0131zl\u0131 so\u011futma \u00f6zelli\u011fi sayesinde i\u00e7eceklerinizi suland\u0131rmadan ideal s\u0131cakl\u0131\u011fa getirir.Her set, hijyenik kullan\u0131m sa\u011flayan pratik bir buz klipsiyle birlikte gelir. Klips sayesinde el temas\u0131na gerek kalmadan do\u011frudan barda\u011fa konumland\u0131rabilirsiniz.Bu metal buz k\u00fcpleri defalarca kullan\u0131labilir, bu sayede hem \u00e7evreyi korur hem de buz kal\u0131b\u0131 kullanma ihtiyac\u0131n\u0131 ortadan kald\u0131r\u0131r.\u0130ster viski, ister \u015farap, ister sade su&#8230; Her i\u00e7ecek t\u00fcr\u00fcyle uyumlu bir kullan\u0131m sunar.&nbsp;<\/p>\n","protected":false},"excerpt":{"rendered":"<p>Y\u00fcksek performansl\u0131 304 paslanmaz \u00e7elikten \u00fcretilen metal buz k\u00fcpleri, h\u0131zl\u0131 so\u011futma \u00f6zelli\u011fi sayesinde i\u00e7eceklerinizi suland\u0131rmadan ideal s\u0131cakl\u0131\u011fa getirir.Her set, hijyenik kullan\u0131m sa\u011flayan pratik bir buz klipsiyle birlikte gelir. Klips sayesinde el temas\u0131na gerek kalmadan do\u011frudan barda\u011fa konumland\u0131rabilirsiniz.Bu metal buz k\u00fcpleri defalarca kullan\u0131labilir, bu sayede hem \u00e7evreyi korur hem de buz kal\u0131b\u0131 kullanma ihtiyac\u0131n\u0131 ortadan kald\u0131r\u0131r.\u0130ster&#8230;<\/p>\n","protected":false},"featured_media":117206,"comment_status":"open","ping_status":"closed","template":"","meta":{"_kad_post_transparent":"","_kad_post_title":"","_kad_post_layout":"","_kad_post_sidebar_id":"","_kad_post_content_style":"","_kad_post_vertical_padding":"","_kad_post_feature":"","_kad_post_feature_position":"","_kad_post_header":false,"_kad_post_footer":false,"_kad_post_classname":""},"product_brand":[],"product_cat":[15068],"product_tag":[],"class_list":{"0":"post-117207","1":"product","2":"type-product","3":"status-publish","4":"has-post-thumbnail","6":"product_cat-pratik-mutfak-gerecleri-pratik-mutfak-gerecleri-2","8":"first","9":"instock","10":"purchasable","11":"product-type-simple","12":"entry","13":"content-bg","14":"loop-entry"},"_links":{"self":[{"href":"https:\/\/www.hediyepazar.com\/index.php?rest_route=\/wp\/v2\/product\/117207","targetHints":{"allow":["GET"]}}],"collection":[{"href":"https:\/\/www.hediyepazar.com\/index.php?rest_route=\/wp\/v2\/product"}],"about":[{"href":"https:\/\/www.hediyepazar.com\/index.php?rest_route=\/wp\/v2\/types\/product"}],"replies":[{"embeddable":true,"href":"https:\/\/www.hediyepazar.com\/index.php?rest_route=%2Fwp%2Fv2%2Fcomments&post=117207"}],"wp:featuredmedia":[{"embeddable":true,"href":"https:\/\/www.hediyepazar.com\/index.php?rest_route=\/wp\/v2\/media\/117206"}],"wp:attachment":[{"href":"https:\/\/www.hediyepazar.com\/index.php?rest_route=%2Fwp%2Fv2%2Fmedia&parent=117207"}],"wp:term":[{"taxonomy":"product_brand","embeddable":true,"href":"https:\/\/www.hediyepazar.com\/index.php?rest_route=%2Fwp%2Fv2%2Fproduct_brand&post=117207"},{"taxonomy":"product_cat","embeddable":true,"href":"https:\/\/www.hediyepazar.com\/index.php?rest_route=%2Fwp%2Fv2%2Fproduct_cat&post=117207"},{"taxonomy":"product_tag","embeddable":true,"href":"https:\/\/www.hediyepazar.com\/index.php?rest_route=%2Fwp%2Fv2%2Fproduct_tag&post=117207"}],"curies":[{"name":"wp","href":"https:\/\/api.w.org\/{rel}","templated":true}]}}