{"id":117209,"date":"2026-05-05T19:11:58","date_gmt":"2026-05-05T22:11:58","guid":{"rendered":"https:\/\/www.hediyepazar.com\/?product=hizli-sogutma-ozellikli-paslanmaz-metal-buz-kupu-takimi"},"modified":"2026-05-05T19:11:58","modified_gmt":"2026-05-05T22:11:58","slug":"hizli-sogutma-ozellikli-paslanmaz-metal-buz-kupu-takimi","status":"publish","type":"product","link":"https:\/\/www.hediyepazar.com\/?product=hizli-sogutma-ozellikli-paslanmaz-metal-buz-kupu-takimi","title":{"rendered":"H\u0131zl\u0131 So\u011futma \u00d6zellikli Paslanmaz Metal Buz K\u00fcp\u00fc Tak\u0131m\u0131"},"content":{"rendered":"<p>Klasik buzlar\u0131n aksine, bu paslanmaz metal buz k\u00fcpleri i\u00e7eceklerinizi suland\u0131rmaz. H\u0131zl\u0131 so\u011futma etkisiyle keyifli i\u00e7im sunar. 304 kalite \u00e7elikten \u00fcretildi\u011fi i\u00e7in sa\u011fl\u0131kl\u0131, dayan\u0131kl\u0131 ve uzun \u00f6m\u00fcrl\u00fcd\u00fcr.\u00dcr\u00fcnle birlikte gelen kullan\u0131\u015fl\u0131 buz klipsi sayesinde k\u00fcpleri el de\u011fmeden kolayca kullanabilirsiniz. Temizlenmesi kolayd\u0131r, bula\u015f\u0131k makinesinde y\u0131kanabilir.\u00c7ok y\u00f6nl\u00fc yap\u0131s\u0131 ile ister su ister alkol bazl\u0131 i\u00e7eceklerde g\u00f6n\u00fcl rahatl\u0131\u011f\u0131yla kullan\u0131labilir. S\u0131cak yaz g\u00fcnlerinde s\u00fcrekli buz \u00fcretme derdine son verir.<\/p>\n","protected":false},"excerpt":{"rendered":"<p>Klasik buzlar\u0131n aksine, bu paslanmaz metal buz k\u00fcpleri i\u00e7eceklerinizi suland\u0131rmaz. H\u0131zl\u0131 so\u011futma etkisiyle keyifli i\u00e7im sunar. 304 kalite \u00e7elikten \u00fcretildi\u011fi i\u00e7in sa\u011fl\u0131kl\u0131, dayan\u0131kl\u0131 ve uzun \u00f6m\u00fcrl\u00fcd\u00fcr.\u00dcr\u00fcnle birlikte gelen kullan\u0131\u015fl\u0131 buz klipsi sayesinde k\u00fcpleri el de\u011fmeden kolayca kullanabilirsiniz. Temizlenmesi kolayd\u0131r, bula\u015f\u0131k makinesinde y\u0131kanabilir.\u00c7ok y\u00f6nl\u00fc yap\u0131s\u0131 ile ister su ister alkol bazl\u0131 i\u00e7eceklerde g\u00f6n\u00fcl rahatl\u0131\u011f\u0131yla kullan\u0131labilir. S\u0131cak&#8230;<\/p>\n","protected":false},"featured_media":117208,"comment_status":"open","ping_status":"closed","template":"","meta":{"_kad_post_transparent":"","_kad_post_title":"","_kad_post_layout":"","_kad_post_sidebar_id":"","_kad_post_content_style":"","_kad_post_vertical_padding":"","_kad_post_feature":"","_kad_post_feature_position":"","_kad_post_header":false,"_kad_post_footer":false,"_kad_post_classname":""},"product_brand":[],"product_cat":[15068],"product_tag":[],"class_list":{"0":"post-117209","1":"product","2":"type-product","3":"status-publish","4":"has-post-thumbnail","6":"product_cat-pratik-mutfak-gerecleri-pratik-mutfak-gerecleri-2","8":"first","9":"instock","10":"purchasable","11":"product-type-simple","12":"entry","13":"content-bg","14":"loop-entry"},"_links":{"self":[{"href":"https:\/\/www.hediyepazar.com\/index.php?rest_route=\/wp\/v2\/product\/117209","targetHints":{"allow":["GET"]}}],"collection":[{"href":"https:\/\/www.hediyepazar.com\/index.php?rest_route=\/wp\/v2\/product"}],"about":[{"href":"https:\/\/www.hediyepazar.com\/index.php?rest_route=\/wp\/v2\/types\/product"}],"replies":[{"embeddable":true,"href":"https:\/\/www.hediyepazar.com\/index.php?rest_route=%2Fwp%2Fv2%2Fcomments&post=117209"}],"wp:featuredmedia":[{"embeddable":true,"href":"https:\/\/www.hediyepazar.com\/index.php?rest_route=\/wp\/v2\/media\/117208"}],"wp:attachment":[{"href":"https:\/\/www.hediyepazar.com\/index.php?rest_route=%2Fwp%2Fv2%2Fmedia&parent=117209"}],"wp:term":[{"taxonomy":"product_brand","embeddable":true,"href":"https:\/\/www.hediyepazar.com\/index.php?rest_route=%2Fwp%2Fv2%2Fproduct_brand&post=117209"},{"taxonomy":"product_cat","embeddable":true,"href":"https:\/\/www.hediyepazar.com\/index.php?rest_route=%2Fwp%2Fv2%2Fproduct_cat&post=117209"},{"taxonomy":"product_tag","embeddable":true,"href":"https:\/\/www.hediyepazar.com\/index.php?rest_route=%2Fwp%2Fv2%2Fproduct_tag&post=117209"}],"curies":[{"name":"wp","href":"https:\/\/api.w.org\/{rel}","templated":true}]}}