{"id":117211,"date":"2026-05-05T19:12:04","date_gmt":"2026-05-05T22:12:04","guid":{"rendered":"https:\/\/www.hediyepazar.com\/?product=yeniden-kullanilabilir-304-celik-metal-buz-kupleri-4lu-set"},"modified":"2026-05-05T19:12:04","modified_gmt":"2026-05-05T22:12:04","slug":"yeniden-kullanilabilir-304-celik-metal-buz-kupleri-4lu-set","status":"publish","type":"product","link":"https:\/\/www.hediyepazar.com\/?product=yeniden-kullanilabilir-304-celik-metal-buz-kupleri-4lu-set","title":{"rendered":"Yeniden Kullan\u0131labilir 304 \u00c7elik Metal Buz K\u00fcpleri 4&#8217;l\u00fc Set"},"content":{"rendered":"<p>\u0130\u00e7eceklerin tad\u0131n\u0131 bozmadan h\u0131zl\u0131ca so\u011futmak istiyorsan\u0131z, bu metal buz k\u00fcp\u00fc seti tam size g\u00f6re. 304 paslanmaz \u00e7elikten \u00fcretilen yap\u0131s\u0131 sayesinde uzun \u00f6m\u00fcrl\u00fcd\u00fcr ve paslanma yapmaz.\u00c7evre dostu olan bu \u00fcr\u00fcn, tekrar tekrar kullan\u0131labilir. Klasik buzlar\u0131n aksine i\u00e7ece\u011fi suland\u0131rmaz, aromas\u0131n\u0131 korur. Setin i\u00e7inde bulunan ergonomik buz klipsi, k\u00fcplerin barda\u011fa kolayca ve hijyenik bi\u00e7imde yerle\u015ftirilmesini sa\u011flar.\u015earap, soda, meyve suyu veya viski fark etmeksizin t\u00fcm so\u011fuk i\u00e7eceklerde kullan\u0131ma uygundur. \u015e\u0131k kutusu sayesinde hediye olarak da tercih edilebilir.<\/p>\n","protected":false},"excerpt":{"rendered":"<p>\u0130\u00e7eceklerin tad\u0131n\u0131 bozmadan h\u0131zl\u0131ca so\u011futmak istiyorsan\u0131z, bu metal buz k\u00fcp\u00fc seti tam size g\u00f6re. 304 paslanmaz \u00e7elikten \u00fcretilen yap\u0131s\u0131 sayesinde uzun \u00f6m\u00fcrl\u00fcd\u00fcr ve paslanma yapmaz.\u00c7evre dostu olan bu \u00fcr\u00fcn, tekrar tekrar kullan\u0131labilir. Klasik buzlar\u0131n aksine i\u00e7ece\u011fi suland\u0131rmaz, aromas\u0131n\u0131 korur. Setin i\u00e7inde bulunan ergonomik buz klipsi, k\u00fcplerin barda\u011fa kolayca ve hijyenik bi\u00e7imde yerle\u015ftirilmesini sa\u011flar.\u015earap, soda, meyve&#8230;<\/p>\n","protected":false},"featured_media":117210,"comment_status":"open","ping_status":"closed","template":"","meta":{"_kad_post_transparent":"","_kad_post_title":"","_kad_post_layout":"","_kad_post_sidebar_id":"","_kad_post_content_style":"","_kad_post_vertical_padding":"","_kad_post_feature":"","_kad_post_feature_position":"","_kad_post_header":false,"_kad_post_footer":false,"_kad_post_classname":""},"product_brand":[],"product_cat":[15068],"product_tag":[],"class_list":{"0":"post-117211","1":"product","2":"type-product","3":"status-publish","4":"has-post-thumbnail","6":"product_cat-pratik-mutfak-gerecleri-pratik-mutfak-gerecleri-2","8":"first","9":"instock","10":"purchasable","11":"product-type-simple","12":"entry","13":"content-bg","14":"loop-entry"},"_links":{"self":[{"href":"https:\/\/www.hediyepazar.com\/index.php?rest_route=\/wp\/v2\/product\/117211","targetHints":{"allow":["GET"]}}],"collection":[{"href":"https:\/\/www.hediyepazar.com\/index.php?rest_route=\/wp\/v2\/product"}],"about":[{"href":"https:\/\/www.hediyepazar.com\/index.php?rest_route=\/wp\/v2\/types\/product"}],"replies":[{"embeddable":true,"href":"https:\/\/www.hediyepazar.com\/index.php?rest_route=%2Fwp%2Fv2%2Fcomments&post=117211"}],"wp:featuredmedia":[{"embeddable":true,"href":"https:\/\/www.hediyepazar.com\/index.php?rest_route=\/wp\/v2\/media\/117210"}],"wp:attachment":[{"href":"https:\/\/www.hediyepazar.com\/index.php?rest_route=%2Fwp%2Fv2%2Fmedia&parent=117211"}],"wp:term":[{"taxonomy":"product_brand","embeddable":true,"href":"https:\/\/www.hediyepazar.com\/index.php?rest_route=%2Fwp%2Fv2%2Fproduct_brand&post=117211"},{"taxonomy":"product_cat","embeddable":true,"href":"https:\/\/www.hediyepazar.com\/index.php?rest_route=%2Fwp%2Fv2%2Fproduct_cat&post=117211"},{"taxonomy":"product_tag","embeddable":true,"href":"https:\/\/www.hediyepazar.com\/index.php?rest_route=%2Fwp%2Fv2%2Fproduct_tag&post=117211"}],"curies":[{"name":"wp","href":"https:\/\/api.w.org\/{rel}","templated":true}]}}