{"id":117213,"date":"2026-05-05T19:12:09","date_gmt":"2026-05-05T22:12:09","guid":{"rendered":"https:\/\/www.hediyepazar.com\/?product=paslanmaz-celikten-uretilmis-metal-buz-kupu-seti-ve-buz-klipsi"},"modified":"2026-05-05T19:12:09","modified_gmt":"2026-05-05T22:12:09","slug":"paslanmaz-celikten-uretilmis-metal-buz-kupu-seti-ve-buz-klipsi","status":"publish","type":"product","link":"https:\/\/www.hediyepazar.com\/?product=paslanmaz-celikten-uretilmis-metal-buz-kupu-seti-ve-buz-klipsi","title":{"rendered":"Paslanmaz \u00c7elikten \u00dcretilmi\u015f Metal Buz K\u00fcp\u00fc Seti ve Buz Klipsi"},"content":{"rendered":"<p>Metal buz k\u00fcp\u00fc seti, i\u00e7eceklerinizi suland\u0131rmadan h\u0131zl\u0131ca so\u011futmak i\u00e7in \u00f6zel olarak geli\u015ftirilmi\u015ftir. Y\u00fcksek kaliteli 304 paslanmaz \u00e7elikten \u00fcretilen bu k\u00fcpler, dayan\u0131kl\u0131l\u0131\u011f\u0131 ve hijyenik yap\u0131s\u0131yla \u00f6ne \u00e7\u0131kar.Kutu i\u00e7eri\u011finde bulunan pratik buz klipsi sayesinde k\u00fcpleri do\u011frudan barda\u011f\u0131n\u0131za hijyenik \u015fekilde yerle\u015ftirebilirsiniz. Tekrar tekrar kullan\u0131labilir yap\u0131s\u0131, klasik buzlara g\u00f6re daha \u00e7evreci ve ekonomik bir kullan\u0131m sunar.Su, \u015farap, viski ve me\u015frubat gibi bir\u00e7ok i\u00e7ecek t\u00fcr\u00fcyle uyumlu olan bu \u00e7ok y\u00f6nl\u00fc set, evde, ofiste ya da piknikte kullan\u0131m i\u00e7in idealdir.&nbsp;<\/p>\n","protected":false},"excerpt":{"rendered":"<p>Metal buz k\u00fcp\u00fc seti, i\u00e7eceklerinizi suland\u0131rmadan h\u0131zl\u0131ca so\u011futmak i\u00e7in \u00f6zel olarak geli\u015ftirilmi\u015ftir. Y\u00fcksek kaliteli 304 paslanmaz \u00e7elikten \u00fcretilen bu k\u00fcpler, dayan\u0131kl\u0131l\u0131\u011f\u0131 ve hijyenik yap\u0131s\u0131yla \u00f6ne \u00e7\u0131kar.Kutu i\u00e7eri\u011finde bulunan pratik buz klipsi sayesinde k\u00fcpleri do\u011frudan barda\u011f\u0131n\u0131za hijyenik \u015fekilde yerle\u015ftirebilirsiniz. Tekrar tekrar kullan\u0131labilir yap\u0131s\u0131, klasik buzlara g\u00f6re daha \u00e7evreci ve ekonomik bir kullan\u0131m sunar.Su, \u015farap, viski ve&#8230;<\/p>\n","protected":false},"featured_media":117212,"comment_status":"open","ping_status":"closed","template":"","meta":{"_kad_post_transparent":"","_kad_post_title":"","_kad_post_layout":"","_kad_post_sidebar_id":"","_kad_post_content_style":"","_kad_post_vertical_padding":"","_kad_post_feature":"","_kad_post_feature_position":"","_kad_post_header":false,"_kad_post_footer":false,"_kad_post_classname":""},"product_brand":[],"product_cat":[15068],"product_tag":[],"class_list":{"0":"post-117213","1":"product","2":"type-product","3":"status-publish","4":"has-post-thumbnail","6":"product_cat-pratik-mutfak-gerecleri-pratik-mutfak-gerecleri-2","8":"first","9":"instock","10":"purchasable","11":"product-type-simple","12":"entry","13":"content-bg","14":"loop-entry"},"_links":{"self":[{"href":"https:\/\/www.hediyepazar.com\/index.php?rest_route=\/wp\/v2\/product\/117213","targetHints":{"allow":["GET"]}}],"collection":[{"href":"https:\/\/www.hediyepazar.com\/index.php?rest_route=\/wp\/v2\/product"}],"about":[{"href":"https:\/\/www.hediyepazar.com\/index.php?rest_route=\/wp\/v2\/types\/product"}],"replies":[{"embeddable":true,"href":"https:\/\/www.hediyepazar.com\/index.php?rest_route=%2Fwp%2Fv2%2Fcomments&post=117213"}],"wp:featuredmedia":[{"embeddable":true,"href":"https:\/\/www.hediyepazar.com\/index.php?rest_route=\/wp\/v2\/media\/117212"}],"wp:attachment":[{"href":"https:\/\/www.hediyepazar.com\/index.php?rest_route=%2Fwp%2Fv2%2Fmedia&parent=117213"}],"wp:term":[{"taxonomy":"product_brand","embeddable":true,"href":"https:\/\/www.hediyepazar.com\/index.php?rest_route=%2Fwp%2Fv2%2Fproduct_brand&post=117213"},{"taxonomy":"product_cat","embeddable":true,"href":"https:\/\/www.hediyepazar.com\/index.php?rest_route=%2Fwp%2Fv2%2Fproduct_cat&post=117213"},{"taxonomy":"product_tag","embeddable":true,"href":"https:\/\/www.hediyepazar.com\/index.php?rest_route=%2Fwp%2Fv2%2Fproduct_tag&post=117213"}],"curies":[{"name":"wp","href":"https:\/\/api.w.org\/{rel}","templated":true}]}}