{"id":117219,"date":"2026-05-05T19:14:01","date_gmt":"2026-05-05T22:14:01","guid":{"rendered":"https:\/\/www.hediyepazar.com\/?product=ta-01-lcd-ekranli-gece-goruslu-arac-kamerasi"},"modified":"2026-05-05T19:14:01","modified_gmt":"2026-05-05T22:14:01","slug":"ta-01-lcd-ekranli-gece-goruslu-arac-kamerasi","status":"publish","type":"product","link":"https:\/\/www.hediyepazar.com\/?product=ta-01-lcd-ekranli-gece-goruslu-arac-kamerasi","title":{"rendered":"TA-01 LCD Ekranl\u0131 Gece G\u00f6r\u00fc\u015fl\u00fc Ara\u00e7 Kameras\u0131"},"content":{"rendered":"<p>TA-01, hem g\u00fcnd\u00fcz hem gece fark etmeksizin t\u00fcm s\u00fcr\u00fc\u015flerinizde detayl\u0131 ve net kay\u0131t alman\u0131z\u0131 sa\u011flayan, \u00e7ok kameral\u0131 bir ara\u00e7 g\u00fcvenlik \u00e7\u00f6z\u00fcm\u00fcd\u00fcr.1080P \u00f6n kamera, \u00f6n yoldaki t\u00fcm detaylar\u0131 y\u00fcksek netlikte kaydederken, 720P i\u00e7 ve arka kameralar ara\u00e7 i\u00e7indeki hareketleri ve arka g\u00f6r\u00fc\u015f\u00fc net bi\u00e7imde takip eder.Gece g\u00f6r\u00fc\u015f teknolojisi, karanl\u0131kta bile net g\u00f6r\u00fcnt\u00fcler sunar. Far \u0131\u015f\u0131klar\u0131 veya d\u00fc\u015f\u00fck ayd\u0131nlatma ko\u015fullar\u0131nda dahi kritik detaylar g\u00f6r\u00fcn\u00fcr halde kal\u0131r.170\u00b0 geni\u015f a\u00e7\u0131l\u0131 lens, daha geni\u015f alan\u0131 kapsayarak k\u00f6r nokta riskini azalt\u0131r. Yol kenarlar\u0131, di\u011fer \u015feritler ve ani manevralar bu sayede g\u00fcvenli bi\u00e7imde takip edilir.G-Sens\u00f6r \u00f6zelli\u011fi, ani darbeleri alg\u0131layarak o anki kayd\u0131 otomatik olarak koruma alt\u0131na al\u0131r. B\u00f6ylece kaza an\u0131ndaki g\u00f6r\u00fcnt\u00fcler silinmez, sigorta ve hukuk s\u00fcre\u00e7lerinde belge niteli\u011fi ta\u015f\u0131r.Hareket alg\u0131lama fonksiyonu, park halindeyken dahi arac\u0131n\u0131z\u0131 g\u00f6zetim alt\u0131nda tutar. Herhangi bir hareket alg\u0131land\u0131\u011f\u0131nda sistem devreye girer ve kay\u0131t ba\u015flar.2.0 in\u00e7 LCD ekran, men\u00fc ve kay\u0131tlar\u0131 rahat kontrol etmenizi sa\u011flar.Micro SD kart deste\u011fi (32 GB\u2019a kadar) sayesinde uzun s\u00fcreli kay\u0131t yap\u0131labilir. Haf\u0131za doldu\u011funda, sistem en eski kay\u0131tlar\u0131n \u00fczerine yazabilir (d\u00f6ng\u00fcsel kay\u0131t).Dayan\u0131kl\u0131 ve kompakt tasar\u0131m\u0131, zorlu hava ko\u015fullar\u0131na kar\u015f\u0131 diren\u00e7 g\u00f6sterir.<\/p>\n","protected":false},"excerpt":{"rendered":"<p>TA-01, hem g\u00fcnd\u00fcz hem gece fark etmeksizin t\u00fcm s\u00fcr\u00fc\u015flerinizde detayl\u0131 ve net kay\u0131t alman\u0131z\u0131 sa\u011flayan, \u00e7ok kameral\u0131 bir ara\u00e7 g\u00fcvenlik \u00e7\u00f6z\u00fcm\u00fcd\u00fcr.1080P \u00f6n kamera, \u00f6n yoldaki t\u00fcm detaylar\u0131 y\u00fcksek netlikte kaydederken, 720P i\u00e7 ve arka kameralar ara\u00e7 i\u00e7indeki hareketleri ve arka g\u00f6r\u00fc\u015f\u00fc net bi\u00e7imde takip eder.Gece g\u00f6r\u00fc\u015f teknolojisi, karanl\u0131kta bile net g\u00f6r\u00fcnt\u00fcler sunar. Far \u0131\u015f\u0131klar\u0131 veya&#8230;<\/p>\n","protected":false},"featured_media":117218,"comment_status":"open","ping_status":"closed","template":"","meta":{"_kad_post_transparent":"","_kad_post_title":"","_kad_post_layout":"","_kad_post_sidebar_id":"","_kad_post_content_style":"","_kad_post_vertical_padding":"","_kad_post_feature":"","_kad_post_feature_position":"","_kad_post_header":false,"_kad_post_footer":false,"_kad_post_classname":""},"product_brand":[],"product_cat":[15062],"product_tag":[],"class_list":{"0":"post-117219","1":"product","2":"type-product","3":"status-publish","4":"has-post-thumbnail","6":"product_cat-arac-ici-kamera-arac-ici-kamera","8":"first","9":"instock","10":"purchasable","11":"product-type-simple","12":"entry","13":"content-bg","14":"loop-entry"},"_links":{"self":[{"href":"https:\/\/www.hediyepazar.com\/index.php?rest_route=\/wp\/v2\/product\/117219","targetHints":{"allow":["GET"]}}],"collection":[{"href":"https:\/\/www.hediyepazar.com\/index.php?rest_route=\/wp\/v2\/product"}],"about":[{"href":"https:\/\/www.hediyepazar.com\/index.php?rest_route=\/wp\/v2\/types\/product"}],"replies":[{"embeddable":true,"href":"https:\/\/www.hediyepazar.com\/index.php?rest_route=%2Fwp%2Fv2%2Fcomments&post=117219"}],"wp:featuredmedia":[{"embeddable":true,"href":"https:\/\/www.hediyepazar.com\/index.php?rest_route=\/wp\/v2\/media\/117218"}],"wp:attachment":[{"href":"https:\/\/www.hediyepazar.com\/index.php?rest_route=%2Fwp%2Fv2%2Fmedia&parent=117219"}],"wp:term":[{"taxonomy":"product_brand","embeddable":true,"href":"https:\/\/www.hediyepazar.com\/index.php?rest_route=%2Fwp%2Fv2%2Fproduct_brand&post=117219"},{"taxonomy":"product_cat","embeddable":true,"href":"https:\/\/www.hediyepazar.com\/index.php?rest_route=%2Fwp%2Fv2%2Fproduct_cat&post=117219"},{"taxonomy":"product_tag","embeddable":true,"href":"https:\/\/www.hediyepazar.com\/index.php?rest_route=%2Fwp%2Fv2%2Fproduct_tag&post=117219"}],"curies":[{"name":"wp","href":"https:\/\/api.w.org\/{rel}","templated":true}]}}