{"id":117221,"date":"2026-05-05T19:14:07","date_gmt":"2026-05-05T22:14:07","guid":{"rendered":"https:\/\/www.hediyepazar.com\/?product=ta-01-3-kamerali-1080p-arac-kamerasi-siyah"},"modified":"2026-05-05T19:14:07","modified_gmt":"2026-05-05T22:14:07","slug":"ta-01-3-kamerali-1080p-arac-kamerasi-siyah","status":"publish","type":"product","link":"https:\/\/www.hediyepazar.com\/?product=ta-01-3-kamerali-1080p-arac-kamerasi-siyah","title":{"rendered":"TA-01 3 Kameral\u0131 1080P Ara\u00e7 Kameras\u0131 Siyah"},"content":{"rendered":"<p>TA-01, s\u00fcr\u00fc\u015f esnas\u0131nda arac\u0131n\u0131z\u0131n her y\u00f6n\u00fcn\u00fc g\u00f6zlemlemenizi sa\u011flayan \u00e7ok y\u00f6nl\u00fc bir ara\u00e7 i\u00e7i kamera sistemidir. \u00d6n, i\u00e7 ve arka kameralar\u0131yla 360 dereceye yak\u0131n bir g\u00f6r\u00fcnt\u00fcleme kapasitesine sahiptir.\u00d6n kamera 1080P Full HD, i\u00e7 ve arka kameralar ise 720P \u00e7\u00f6z\u00fcn\u00fcrl\u00fck sunar. Bu sayede plakalar, trafik i\u015faretleri ve \u00e7evresel detaylar net \u015fekilde kaydedilir.170\u00b0 geni\u015f a\u00e7\u0131 ile s\u00fcr\u00fc\u015f s\u0131ras\u0131nda k\u00f6r nokta riskini minimize eder. Geni\u015f g\u00f6r\u00fc\u015f a\u00e7\u0131s\u0131 sayesinde sadece \u00f6n\u00fcn\u00fcz\u00fc de\u011fil, arac\u0131n yanlar\u0131n\u0131 da g\u00f6rebilir, kritik anlar\u0131 ka\u00e7\u0131rmadan kaydedebilirsiniz.Gece g\u00f6r\u00fc\u015f \u00f6zelli\u011fi, d\u00fc\u015f\u00fck \u0131\u015f\u0131kl\u0131 ortamlarda bile y\u00fcksek g\u00f6r\u00fcnt\u00fc kalitesi sa\u011flar. Bu \u00f6zellik, gece s\u00fcr\u00fc\u015flerini daha g\u00fcvenli hale getirir.Cihaz \u00fczerindeki 2.0 in\u00e7 LCD ekran, kay\u0131tlar\u0131 an\u0131nda izlemenize ve ayarlar\u0131 kolayl\u0131kla yapman\u0131za olanak tan\u0131r.Hareket alg\u0131lama fonksiyonu, park halindeyken bile g\u00fcvenlik sa\u011flar. Ara\u00e7 etraf\u0131nda bir hareket alg\u0131land\u0131\u011f\u0131nda otomatik olarak kay\u0131t ba\u015flat\u0131l\u0131r.G-sens\u00f6r sayesinde ani frenleme veya \u00e7arp\u0131\u015fma durumlar\u0131nda g\u00f6r\u00fcnt\u00fc kayd\u0131 otomatik olarak kilitlenir ve \u00fczerine yaz\u0131lmaz.32 GB\u2019a kadar Micro SD kart deste\u011fiyle uzun s\u00fcreli kay\u0131t imkan\u0131 sunar (kart dahil de\u011fildir).Suya ve toza dayan\u0131kl\u0131 d\u0131\u015f yap\u0131s\u0131yla her mevsim ve yol ko\u015fuluna uyum sa\u011flar.&nbsp;<\/p>\n","protected":false},"excerpt":{"rendered":"<p>TA-01, s\u00fcr\u00fc\u015f esnas\u0131nda arac\u0131n\u0131z\u0131n her y\u00f6n\u00fcn\u00fc g\u00f6zlemlemenizi sa\u011flayan \u00e7ok y\u00f6nl\u00fc bir ara\u00e7 i\u00e7i kamera sistemidir. \u00d6n, i\u00e7 ve arka kameralar\u0131yla 360 dereceye yak\u0131n bir g\u00f6r\u00fcnt\u00fcleme kapasitesine sahiptir.\u00d6n kamera 1080P Full HD, i\u00e7 ve arka kameralar ise 720P \u00e7\u00f6z\u00fcn\u00fcrl\u00fck sunar. Bu sayede plakalar, trafik i\u015faretleri ve \u00e7evresel detaylar net \u015fekilde kaydedilir.170\u00b0 geni\u015f a\u00e7\u0131 ile s\u00fcr\u00fc\u015f s\u0131ras\u0131nda&#8230;<\/p>\n","protected":false},"featured_media":117220,"comment_status":"open","ping_status":"closed","template":"","meta":{"_kad_post_transparent":"","_kad_post_title":"","_kad_post_layout":"","_kad_post_sidebar_id":"","_kad_post_content_style":"","_kad_post_vertical_padding":"","_kad_post_feature":"","_kad_post_feature_position":"","_kad_post_header":false,"_kad_post_footer":false,"_kad_post_classname":""},"product_brand":[],"product_cat":[15062],"product_tag":[],"class_list":{"0":"post-117221","1":"product","2":"type-product","3":"status-publish","4":"has-post-thumbnail","6":"product_cat-arac-ici-kamera-arac-ici-kamera","8":"first","9":"instock","10":"purchasable","11":"product-type-simple","12":"entry","13":"content-bg","14":"loop-entry"},"_links":{"self":[{"href":"https:\/\/www.hediyepazar.com\/index.php?rest_route=\/wp\/v2\/product\/117221","targetHints":{"allow":["GET"]}}],"collection":[{"href":"https:\/\/www.hediyepazar.com\/index.php?rest_route=\/wp\/v2\/product"}],"about":[{"href":"https:\/\/www.hediyepazar.com\/index.php?rest_route=\/wp\/v2\/types\/product"}],"replies":[{"embeddable":true,"href":"https:\/\/www.hediyepazar.com\/index.php?rest_route=%2Fwp%2Fv2%2Fcomments&post=117221"}],"wp:featuredmedia":[{"embeddable":true,"href":"https:\/\/www.hediyepazar.com\/index.php?rest_route=\/wp\/v2\/media\/117220"}],"wp:attachment":[{"href":"https:\/\/www.hediyepazar.com\/index.php?rest_route=%2Fwp%2Fv2%2Fmedia&parent=117221"}],"wp:term":[{"taxonomy":"product_brand","embeddable":true,"href":"https:\/\/www.hediyepazar.com\/index.php?rest_route=%2Fwp%2Fv2%2Fproduct_brand&post=117221"},{"taxonomy":"product_cat","embeddable":true,"href":"https:\/\/www.hediyepazar.com\/index.php?rest_route=%2Fwp%2Fv2%2Fproduct_cat&post=117221"},{"taxonomy":"product_tag","embeddable":true,"href":"https:\/\/www.hediyepazar.com\/index.php?rest_route=%2Fwp%2Fv2%2Fproduct_tag&post=117221"}],"curies":[{"name":"wp","href":"https:\/\/api.w.org\/{rel}","templated":true}]}}