{"id":117225,"date":"2026-05-05T19:14:16","date_gmt":"2026-05-05T22:14:16","guid":{"rendered":"https:\/\/www.hediyepazar.com\/?product=vnb-01-sarjli-isitmali-boyun-ve-omuz-masaj-cihazi"},"modified":"2026-05-05T19:14:16","modified_gmt":"2026-05-05T22:14:16","slug":"vnb-01-sarjli-isitmali-boyun-ve-omuz-masaj-cihazi","status":"publish","type":"product","link":"https:\/\/www.hediyepazar.com\/?product=vnb-01-sarjli-isitmali-boyun-ve-omuz-masaj-cihazi","title":{"rendered":"VNB-01 \u015earjl\u0131 Is\u0131tmal\u0131 Boyun ve Omuz Masaj Cihaz\u0131"},"content":{"rendered":"<p>Uzun i\u015f g\u00fcnlerinin ard\u0131ndan v\u00fccudunuzu rahatlatacak bir \u00e7\u00f6z\u00fcm ar\u0131yorsan\u0131z,VNB-01 tam size g\u00f6re. Bu \u015farjl\u0131 titre\u015fimli masaj cihaz\u0131, geli\u015fmi\u015f teknolojisiyle manuel masaj\u0131 birebir sim\u00fcle ederken, kolay kullan\u0131m\u0131yla \u00f6ne \u00e7\u0131kar.\u00d6zel yo\u011furma ba\u015fl\u0131klar\u0131, trapezius kas\u0131na hassas bask\u0131lar yaparak gerginli\u011fi hedef al\u0131r. Boyunla s\u0131n\u0131rl\u0131 kalmayan cihaz, s\u0131rt, bel ve bacaklarda da etkili masaj sunar.Is\u0131tma sistemi, kan ak\u0131\u015f\u0131n\u0131 h\u0131zland\u0131rarak kas gev\u015femesini destekler. Bu termoterapi \u00f6zelli\u011fi, \u00f6zellikle kronik a\u011fr\u0131 \u00e7ekenler i\u00e7in b\u00fcy\u00fck avantaj sa\u011flar.F\u0131r\u00e7as\u0131z motor, sessiz \u00e7al\u0131\u015fmas\u0131 ve dayan\u0131kl\u0131l\u0131\u011f\u0131yla evde, i\u015f yerinde ya da ara\u00e7ta konforlu kullan\u0131m sunar.Mod\u00fcler kontrol paneli, tek tu\u015fla a\u00e7ma\/kapama, mod ve h\u0131z ayar\u0131 yapman\u0131z\u0131 sa\u011flar. \u00dc\u00e7 kademe h\u0131z seviyesi ile isterseniz nazik, isterseniz yo\u011fun masaj uygulayabilirsiniz.U \u015feklindeki ergonomik yap\u0131s\u0131, v\u00fccudu tam kavrar. Ask\u0131l\u0131 sistemi sayesinde cihaz\u0131 tak\u0131p ellerinizi serbest b\u0131rakabilirsiniz.\u015earjl\u0131 yap\u0131s\u0131 ve 1800 mAh bataryas\u0131, kablo derdi olmadan \u00f6zg\u00fcrce kullan\u0131m sunar. \u0130sterseniz cihaz\u0131 araban\u0131zda da kullanabilirsiniz.&nbsp;<\/p>\n","protected":false},"excerpt":{"rendered":"<p>Uzun i\u015f g\u00fcnlerinin ard\u0131ndan v\u00fccudunuzu rahatlatacak bir \u00e7\u00f6z\u00fcm ar\u0131yorsan\u0131z,VNB-01 tam size g\u00f6re. Bu \u015farjl\u0131 titre\u015fimli masaj cihaz\u0131, geli\u015fmi\u015f teknolojisiyle manuel masaj\u0131 birebir sim\u00fcle ederken, kolay kullan\u0131m\u0131yla \u00f6ne \u00e7\u0131kar.\u00d6zel yo\u011furma ba\u015fl\u0131klar\u0131, trapezius kas\u0131na hassas bask\u0131lar yaparak gerginli\u011fi hedef al\u0131r. Boyunla s\u0131n\u0131rl\u0131 kalmayan cihaz, s\u0131rt, bel ve bacaklarda da etkili masaj sunar.Is\u0131tma sistemi, kan ak\u0131\u015f\u0131n\u0131 h\u0131zland\u0131rarak kas&#8230;<\/p>\n","protected":false},"featured_media":117224,"comment_status":"open","ping_status":"closed","template":"","meta":{"_kad_post_transparent":"","_kad_post_title":"","_kad_post_layout":"","_kad_post_sidebar_id":"","_kad_post_content_style":"","_kad_post_vertical_padding":"","_kad_post_feature":"","_kad_post_feature_position":"","_kad_post_header":false,"_kad_post_footer":false,"_kad_post_classname":""},"product_brand":[],"product_cat":[14939],"product_tag":[],"class_list":{"0":"post-117225","1":"product","2":"type-product","3":"status-publish","4":"has-post-thumbnail","6":"product_cat-masaj-cihazi-masaj-cihazi","8":"first","9":"instock","10":"purchasable","11":"product-type-simple","12":"entry","13":"content-bg","14":"loop-entry"},"_links":{"self":[{"href":"https:\/\/www.hediyepazar.com\/index.php?rest_route=\/wp\/v2\/product\/117225","targetHints":{"allow":["GET"]}}],"collection":[{"href":"https:\/\/www.hediyepazar.com\/index.php?rest_route=\/wp\/v2\/product"}],"about":[{"href":"https:\/\/www.hediyepazar.com\/index.php?rest_route=\/wp\/v2\/types\/product"}],"replies":[{"embeddable":true,"href":"https:\/\/www.hediyepazar.com\/index.php?rest_route=%2Fwp%2Fv2%2Fcomments&post=117225"}],"wp:featuredmedia":[{"embeddable":true,"href":"https:\/\/www.hediyepazar.com\/index.php?rest_route=\/wp\/v2\/media\/117224"}],"wp:attachment":[{"href":"https:\/\/www.hediyepazar.com\/index.php?rest_route=%2Fwp%2Fv2%2Fmedia&parent=117225"}],"wp:term":[{"taxonomy":"product_brand","embeddable":true,"href":"https:\/\/www.hediyepazar.com\/index.php?rest_route=%2Fwp%2Fv2%2Fproduct_brand&post=117225"},{"taxonomy":"product_cat","embeddable":true,"href":"https:\/\/www.hediyepazar.com\/index.php?rest_route=%2Fwp%2Fv2%2Fproduct_cat&post=117225"},{"taxonomy":"product_tag","embeddable":true,"href":"https:\/\/www.hediyepazar.com\/index.php?rest_route=%2Fwp%2Fv2%2Fproduct_tag&post=117225"}],"curies":[{"name":"wp","href":"https:\/\/api.w.org\/{rel}","templated":true}]}}