{"id":117235,"date":"2026-05-05T19:18:09","date_gmt":"2026-05-05T22:18:09","guid":{"rendered":"https:\/\/www.hediyepazar.com\/?product=3-kamerali-dvr-arac-kamerasi-tam-guvenlik-tam-kapsama"},"modified":"2026-05-05T19:18:09","modified_gmt":"2026-05-05T22:18:09","slug":"3-kamerali-dvr-arac-kamerasi-tam-guvenlik-tam-kapsama","status":"publish","type":"product","link":"https:\/\/www.hediyepazar.com\/?product=3-kamerali-dvr-arac-kamerasi-tam-guvenlik-tam-kapsama","title":{"rendered":"3 Kameral\u0131 DVR Ara\u00e7 Kameras\u0131 \u2013 Tam G\u00fcvenlik Tam Kapsama"},"content":{"rendered":"<p>Ara\u00e7 i\u00e7i g\u00fcvenli\u011fi yeni bir seviyeye ta\u015f\u0131yan bu \u00e7ok kameral\u0131 DVR kay\u0131t cihaz\u0131, \u00f6n, i\u00e7 ve arka kameralar\u0131 sayesinde tam kapsaml\u0131 g\u00f6r\u00fcnt\u00fc sa\u011flar. 1080P \u00e7\u00f6z\u00fcn\u00fcrl\u00fck, t\u00fcm detaylar\u0131 net \u015fekilde yakalarken, d\u00f6ng\u00fc video \u00f6zelli\u011fi sayesinde hi\u00e7bir an\u0131 ka\u00e7\u0131rmazs\u0131n\u0131z.Otomatik a\u00e7\u0131lma ve kapanma sistemi, s\u00fcr\u00fc\u015fe ba\u015flad\u0131\u011f\u0131n\u0131zda cihaz\u0131 devreye al\u0131r, durdu\u011funuzda kapat\u0131r. Hem kullan\u0131m kolayl\u0131\u011f\u0131 hem enerji verimlili\u011fi sa\u011flar.Geri g\u00f6r\u00fc\u015f deste\u011fi sayesinde geri manevralarda ekran arka kameraya ge\u00e7erek g\u00fcvenli park imk\u00e2n\u0131 tan\u0131r. Arka kameran\u0131n sinyal kablosunu geri vites lambas\u0131na ba\u011flaman\u0131z yeterlidir.TF kart deste\u011fi sunan cihaz, ilk kullan\u0131mda DVR men\u00fcs\u00fc \u00fczerinden bi\u00e7imlendirilmelidir. Bilgisayar \u00fczerinden yap\u0131lan formatlama hatal\u0131d\u0131r.USB ba\u011flant\u0131s\u0131, 2 in\u00e7 ekran, zaman damgalama, dahili ses kayd\u0131, 50\/60Hz frekans uyumu gibi pek \u00e7ok \u00f6zellikle bu cihaz, profesyonel seviye bir ara\u00e7 kameras\u0131d\u0131r.Dilerseniz Buck hat aksesuar\u0131yla 24 saat park izleme \u00f6zelli\u011fini aktif hale getirebilirsiniz. Bu, arac\u0131n\u0131z kapal\u0131yken dahi g\u00f6zetim sa\u011flar.<\/p>\n","protected":false},"excerpt":{"rendered":"<p>Ara\u00e7 i\u00e7i g\u00fcvenli\u011fi yeni bir seviyeye ta\u015f\u0131yan bu \u00e7ok kameral\u0131 DVR kay\u0131t cihaz\u0131, \u00f6n, i\u00e7 ve arka kameralar\u0131 sayesinde tam kapsaml\u0131 g\u00f6r\u00fcnt\u00fc sa\u011flar. 1080P \u00e7\u00f6z\u00fcn\u00fcrl\u00fck, t\u00fcm detaylar\u0131 net \u015fekilde yakalarken, d\u00f6ng\u00fc video \u00f6zelli\u011fi sayesinde hi\u00e7bir an\u0131 ka\u00e7\u0131rmazs\u0131n\u0131z.Otomatik a\u00e7\u0131lma ve kapanma sistemi, s\u00fcr\u00fc\u015fe ba\u015flad\u0131\u011f\u0131n\u0131zda cihaz\u0131 devreye al\u0131r, durdu\u011funuzda kapat\u0131r. Hem kullan\u0131m kolayl\u0131\u011f\u0131 hem enerji verimlili\u011fi sa\u011flar.Geri&#8230;<\/p>\n","protected":false},"featured_media":117234,"comment_status":"open","ping_status":"closed","template":"","meta":{"_kad_post_transparent":"","_kad_post_title":"","_kad_post_layout":"","_kad_post_sidebar_id":"","_kad_post_content_style":"","_kad_post_vertical_padding":"","_kad_post_feature":"","_kad_post_feature_position":"","_kad_post_header":false,"_kad_post_footer":false,"_kad_post_classname":""},"product_brand":[],"product_cat":[15062],"product_tag":[],"class_list":{"0":"post-117235","1":"product","2":"type-product","3":"status-publish","4":"has-post-thumbnail","6":"product_cat-arac-ici-kamera-arac-ici-kamera","8":"first","9":"instock","10":"purchasable","11":"product-type-simple","12":"entry","13":"content-bg","14":"loop-entry"},"_links":{"self":[{"href":"https:\/\/www.hediyepazar.com\/index.php?rest_route=\/wp\/v2\/product\/117235","targetHints":{"allow":["GET"]}}],"collection":[{"href":"https:\/\/www.hediyepazar.com\/index.php?rest_route=\/wp\/v2\/product"}],"about":[{"href":"https:\/\/www.hediyepazar.com\/index.php?rest_route=\/wp\/v2\/types\/product"}],"replies":[{"embeddable":true,"href":"https:\/\/www.hediyepazar.com\/index.php?rest_route=%2Fwp%2Fv2%2Fcomments&post=117235"}],"wp:featuredmedia":[{"embeddable":true,"href":"https:\/\/www.hediyepazar.com\/index.php?rest_route=\/wp\/v2\/media\/117234"}],"wp:attachment":[{"href":"https:\/\/www.hediyepazar.com\/index.php?rest_route=%2Fwp%2Fv2%2Fmedia&parent=117235"}],"wp:term":[{"taxonomy":"product_brand","embeddable":true,"href":"https:\/\/www.hediyepazar.com\/index.php?rest_route=%2Fwp%2Fv2%2Fproduct_brand&post=117235"},{"taxonomy":"product_cat","embeddable":true,"href":"https:\/\/www.hediyepazar.com\/index.php?rest_route=%2Fwp%2Fv2%2Fproduct_cat&post=117235"},{"taxonomy":"product_tag","embeddable":true,"href":"https:\/\/www.hediyepazar.com\/index.php?rest_route=%2Fwp%2Fv2%2Fproduct_tag&post=117235"}],"curies":[{"name":"wp","href":"https:\/\/api.w.org\/{rel}","templated":true}]}}