{"id":117245,"date":"2026-05-05T19:18:36","date_gmt":"2026-05-05T22:18:36","guid":{"rendered":"https:\/\/www.hediyepazar.com\/?product=kablosuz-magsafe-powerbank-iphone-uyumlu-10000-mah-isi-dagilimli"},"modified":"2026-05-05T19:18:36","modified_gmt":"2026-05-05T22:18:36","slug":"kablosuz-magsafe-powerbank-iphone-uyumlu-10000-mah-isi-dagilimli","status":"publish","type":"product","link":"https:\/\/www.hediyepazar.com\/?product=kablosuz-magsafe-powerbank-iphone-uyumlu-10000-mah-isi-dagilimli","title":{"rendered":"Kablosuz MagSafe Powerbank \u2013 iPhone Uyumlu 10000 mAh Is\u0131 Da\u011f\u0131l\u0131ml\u0131"},"content":{"rendered":"<p>iPhone 12, 13 ve 14 serilerinin t\u00fcm modelleri ile uyumlu bu MagSafe kablosuz powerbank, teknoloji ve tasar\u0131m\u0131 bir arada sunuyor. Cihaz\u0131n\u0131za kablo takmadan, sadece arkas\u0131na yerle\u015ftirerek an\u0131nda \u015farj ba\u015flatabilirsiniz. Apple\u2019\u0131n resmi manyetik k\u0131l\u0131flar\u0131yla da %100 uyumludur.Metal g\u00f6vdeli d\u0131\u015f tasar\u0131m\u0131 yaln\u0131zca \u015f\u0131k de\u011fil, ayn\u0131 zamanda fonksiyoneldir. \u0130\u00e7erisindeki grafen destekli \u0131s\u0131 da\u011f\u0131l\u0131m teknolojisi, \u015farj s\u0131ras\u0131nda olu\u015fan s\u0131cakl\u0131\u011f\u0131 minimize eder ve cihaz\u0131n\u0131z\u0131 korur. Ultra ince yap\u0131s\u0131 sayesinde telefonunuzu kullan\u0131rken kal\u0131nl\u0131k hissi yaratmaz ve kameraya engel olmaz.Y\u00fcksek kapasiteli 10000 mAh bataryas\u0131, seyahatlerde ve d\u0131\u015far\u0131da uzun s\u00fcreli kullan\u0131m i\u00e7in idealdir. Cebinize ya da k\u00fc\u00e7\u00fck bir \u00e7antaya rahatl\u0131kla s\u0131\u011far. G\u00fc\u00e7l\u00fc m\u0131knat\u0131slar\u0131 sayesinde cihaz\u0131n\u0131z kaymadan sabit kal\u0131r ve hizalama hatalar\u0131ndan kaynakl\u0131 enerji kayb\u0131 ya\u015fanmaz.<\/p>\n","protected":false},"excerpt":{"rendered":"<p>iPhone 12, 13 ve 14 serilerinin t\u00fcm modelleri ile uyumlu bu MagSafe kablosuz powerbank, teknoloji ve tasar\u0131m\u0131 bir arada sunuyor. Cihaz\u0131n\u0131za kablo takmadan, sadece arkas\u0131na yerle\u015ftirerek an\u0131nda \u015farj ba\u015flatabilirsiniz. Apple\u2019\u0131n resmi manyetik k\u0131l\u0131flar\u0131yla da %100 uyumludur.Metal g\u00f6vdeli d\u0131\u015f tasar\u0131m\u0131 yaln\u0131zca \u015f\u0131k de\u011fil, ayn\u0131 zamanda fonksiyoneldir. \u0130\u00e7erisindeki grafen destekli \u0131s\u0131 da\u011f\u0131l\u0131m teknolojisi, \u015farj s\u0131ras\u0131nda olu\u015fan s\u0131cakl\u0131\u011f\u0131&#8230;<\/p>\n","protected":false},"featured_media":117244,"comment_status":"open","ping_status":"closed","template":"","meta":{"_kad_post_transparent":"","_kad_post_title":"","_kad_post_layout":"","_kad_post_sidebar_id":"","_kad_post_content_style":"","_kad_post_vertical_padding":"","_kad_post_feature":"","_kad_post_feature_position":"","_kad_post_header":false,"_kad_post_footer":false,"_kad_post_classname":""},"product_brand":[],"product_cat":[14937],"product_tag":[],"class_list":{"0":"post-117245","1":"product","2":"type-product","3":"status-publish","4":"has-post-thumbnail","6":"product_cat-powerbank-powerbank-2","8":"first","9":"instock","10":"purchasable","11":"product-type-simple","12":"entry","13":"content-bg","14":"loop-entry"},"_links":{"self":[{"href":"https:\/\/www.hediyepazar.com\/index.php?rest_route=\/wp\/v2\/product\/117245","targetHints":{"allow":["GET"]}}],"collection":[{"href":"https:\/\/www.hediyepazar.com\/index.php?rest_route=\/wp\/v2\/product"}],"about":[{"href":"https:\/\/www.hediyepazar.com\/index.php?rest_route=\/wp\/v2\/types\/product"}],"replies":[{"embeddable":true,"href":"https:\/\/www.hediyepazar.com\/index.php?rest_route=%2Fwp%2Fv2%2Fcomments&post=117245"}],"wp:featuredmedia":[{"embeddable":true,"href":"https:\/\/www.hediyepazar.com\/index.php?rest_route=\/wp\/v2\/media\/117244"}],"wp:attachment":[{"href":"https:\/\/www.hediyepazar.com\/index.php?rest_route=%2Fwp%2Fv2%2Fmedia&parent=117245"}],"wp:term":[{"taxonomy":"product_brand","embeddable":true,"href":"https:\/\/www.hediyepazar.com\/index.php?rest_route=%2Fwp%2Fv2%2Fproduct_brand&post=117245"},{"taxonomy":"product_cat","embeddable":true,"href":"https:\/\/www.hediyepazar.com\/index.php?rest_route=%2Fwp%2Fv2%2Fproduct_cat&post=117245"},{"taxonomy":"product_tag","embeddable":true,"href":"https:\/\/www.hediyepazar.com\/index.php?rest_route=%2Fwp%2Fv2%2Fproduct_tag&post=117245"}],"curies":[{"name":"wp","href":"https:\/\/api.w.org\/{rel}","templated":true}]}}