{"id":117253,"date":"2026-05-05T19:20:00","date_gmt":"2026-05-05T22:20:00","guid":{"rendered":"https:\/\/www.hediyepazar.com\/?product=550-ml-kapasiteli-ultrasonik-difuzor-yagsiz-nemlendirici-kullanimiyla-uyumlu"},"modified":"2026-05-05T19:20:00","modified_gmt":"2026-05-05T22:20:00","slug":"550-ml-kapasiteli-ultrasonik-difuzor-yagsiz-nemlendirici-kullanimiyla-uyumlu","status":"publish","type":"product","link":"https:\/\/www.hediyepazar.com\/?product=550-ml-kapasiteli-ultrasonik-difuzor-yagsiz-nemlendirici-kullanimiyla-uyumlu","title":{"rendered":"550 ml Kapasiteli Ultrasonik Dif\u00fcz\u00f6r \u2013 Ya\u011fs\u0131z Nemlendirici Kullan\u0131m\u0131yla Uyumlu"},"content":{"rendered":"<p>Cihaz, b\u00fcy\u00fck su haznesi sayesinde ortalama 12 saate kadar aromaterapi ya da nemlendirme imk\u00e2n\u0131 sunar. Buhar \u00e7\u0131k\u0131\u015f\u0131 hem yo\u011fun hem de hafif olarak ayarlanabilir. U\u00e7ucu ya\u011flar ile kullan\u0131ld\u0131\u011f\u0131nda ortama do\u011fal koku yayar; ya\u011fs\u0131z \u00e7al\u0131\u015ft\u0131r\u0131ld\u0131\u011f\u0131nda ise klasik bir nemlendirici g\u00f6revini yerine getirir. Otomatik kapanma \u00f6zelli\u011fi, cihaz\u0131 g\u00fcvenli hale getirir. Ultrasonik sistem sayesinde sessiz \u00e7al\u0131\u015f\u0131r ve ortam s\u0131cakl\u0131\u011f\u0131n\u0131 de\u011fi\u015ftirmeden su buhar\u0131 \u00fcretir. 7 farkl\u0131 LED \u0131\u015f\u0131k ve zamanlay\u0131c\u0131 ayarlar\u0131 cihaz\u0131 \u00f6zelle\u015ftirilebilir h\u00e2le getirir. Yatak odas\u0131, ofis veya \u00e7ocuk odas\u0131 gibi alanlar i\u00e7in uygundur.&nbsp;&nbsp;<\/p>\n","protected":false},"excerpt":{"rendered":"<p>Cihaz, b\u00fcy\u00fck su haznesi sayesinde ortalama 12 saate kadar aromaterapi ya da nemlendirme imk\u00e2n\u0131 sunar. Buhar \u00e7\u0131k\u0131\u015f\u0131 hem yo\u011fun hem de hafif olarak ayarlanabilir. U\u00e7ucu ya\u011flar ile kullan\u0131ld\u0131\u011f\u0131nda ortama do\u011fal koku yayar; ya\u011fs\u0131z \u00e7al\u0131\u015ft\u0131r\u0131ld\u0131\u011f\u0131nda ise klasik bir nemlendirici g\u00f6revini yerine getirir. Otomatik kapanma \u00f6zelli\u011fi, cihaz\u0131 g\u00fcvenli hale getirir. Ultrasonik sistem sayesinde sessiz \u00e7al\u0131\u015f\u0131r ve ortam&#8230;<\/p>\n","protected":false},"featured_media":117252,"comment_status":"open","ping_status":"closed","template":"","meta":{"_kad_post_transparent":"","_kad_post_title":"","_kad_post_layout":"","_kad_post_sidebar_id":"","_kad_post_content_style":"","_kad_post_vertical_padding":"","_kad_post_feature":"","_kad_post_feature_position":"","_kad_post_header":false,"_kad_post_footer":false,"_kad_post_classname":""},"product_brand":[],"product_cat":[14965],"product_tag":[],"class_list":{"0":"post-117253","1":"product","2":"type-product","3":"status-publish","4":"has-post-thumbnail","6":"product_cat-hava-nemlendirici-hava-nemlendirici","8":"first","9":"instock","10":"purchasable","11":"product-type-simple","12":"entry","13":"content-bg","14":"loop-entry"},"_links":{"self":[{"href":"https:\/\/www.hediyepazar.com\/index.php?rest_route=\/wp\/v2\/product\/117253","targetHints":{"allow":["GET"]}}],"collection":[{"href":"https:\/\/www.hediyepazar.com\/index.php?rest_route=\/wp\/v2\/product"}],"about":[{"href":"https:\/\/www.hediyepazar.com\/index.php?rest_route=\/wp\/v2\/types\/product"}],"replies":[{"embeddable":true,"href":"https:\/\/www.hediyepazar.com\/index.php?rest_route=%2Fwp%2Fv2%2Fcomments&post=117253"}],"wp:featuredmedia":[{"embeddable":true,"href":"https:\/\/www.hediyepazar.com\/index.php?rest_route=\/wp\/v2\/media\/117252"}],"wp:attachment":[{"href":"https:\/\/www.hediyepazar.com\/index.php?rest_route=%2Fwp%2Fv2%2Fmedia&parent=117253"}],"wp:term":[{"taxonomy":"product_brand","embeddable":true,"href":"https:\/\/www.hediyepazar.com\/index.php?rest_route=%2Fwp%2Fv2%2Fproduct_brand&post=117253"},{"taxonomy":"product_cat","embeddable":true,"href":"https:\/\/www.hediyepazar.com\/index.php?rest_route=%2Fwp%2Fv2%2Fproduct_cat&post=117253"},{"taxonomy":"product_tag","embeddable":true,"href":"https:\/\/www.hediyepazar.com\/index.php?rest_route=%2Fwp%2Fv2%2Fproduct_tag&post=117253"}],"curies":[{"name":"wp","href":"https:\/\/api.w.org\/{rel}","templated":true}]}}