{"id":117277,"date":"2026-05-05T19:23:16","date_gmt":"2026-05-05T22:23:16","guid":{"rendered":"https:\/\/www.hediyepazar.com\/?product=mini-boy-led-el-feneri-2000-lumen-su-gecirmez-tasarim"},"modified":"2026-05-05T19:23:16","modified_gmt":"2026-05-05T22:23:16","slug":"mini-boy-led-el-feneri-2000-lumen-su-gecirmez-tasarim","status":"publish","type":"product","link":"https:\/\/www.hediyepazar.com\/?product=mini-boy-led-el-feneri-2000-lumen-su-gecirmez-tasarim","title":{"rendered":"Mini Boy LED El Feneri &#8211; 2000 L\u00fcmen Su Ge\u00e7irmez Tasar\u0131m"},"content":{"rendered":"<p>K\u00fc\u00e7\u00fck boyutlu ve ta\u015f\u0131nabilir yap\u0131s\u0131yla bu LED el feneri, y\u00fcksek \u0131\u015f\u0131k \u00e7\u0131k\u0131\u015f\u0131 ve dayan\u0131kl\u0131 g\u00f6vde tasar\u0131m\u0131yla g\u00fcnl\u00fck ve d\u0131\u015f mek\u00e2n kullan\u0131mlar\u0131 i\u00e7in uygundur. Maksimum 2000 l\u00fcmen parlakl\u0131k sunar. D\u0131\u015fb\u00fckey lens sayesinde odak uzunlu\u011fu ayarlanabilir. Al\u00fcminyum ala\u015f\u0131ml\u0131 malzeme, sa\u011flaml\u0131k ve hafiflik sa\u011flar. Kaymaz y\u00fczeyi ve suya dayan\u0131kl\u0131 yap\u0131s\u0131 ile zorlu ko\u015fullarda da kullan\u0131labilir. Arka d\u00fc\u011fmesi ile 4 farkl\u0131 \u0131\u015f\u0131k moduna (y\u00fcksek, d\u00fc\u015f\u00fck, strobe, COB) ge\u00e7i\u015f yap\u0131labilir. Ta\u015f\u0131ma klipsi sayesinde kolay ta\u015f\u0131nabilir. Dahili 14500 \u015farjl\u0131 pil ile \u00e7al\u0131\u015f\u0131r. Uzun s\u00fcre kullan\u0131lmad\u0131\u011f\u0131nda pilin \u00e7\u0131kar\u0131lmas\u0131 \u00f6nerilir. G\u00f6zle do\u011frudan temas ettirilmemelidir.<\/p>\n","protected":false},"excerpt":{"rendered":"<p>K\u00fc\u00e7\u00fck boyutlu ve ta\u015f\u0131nabilir yap\u0131s\u0131yla bu LED el feneri, y\u00fcksek \u0131\u015f\u0131k \u00e7\u0131k\u0131\u015f\u0131 ve dayan\u0131kl\u0131 g\u00f6vde tasar\u0131m\u0131yla g\u00fcnl\u00fck ve d\u0131\u015f mek\u00e2n kullan\u0131mlar\u0131 i\u00e7in uygundur. Maksimum 2000 l\u00fcmen parlakl\u0131k sunar. D\u0131\u015fb\u00fckey lens sayesinde odak uzunlu\u011fu ayarlanabilir. Al\u00fcminyum ala\u015f\u0131ml\u0131 malzeme, sa\u011flaml\u0131k ve hafiflik sa\u011flar. Kaymaz y\u00fczeyi ve suya dayan\u0131kl\u0131 yap\u0131s\u0131 ile zorlu ko\u015fullarda da kullan\u0131labilir. Arka d\u00fc\u011fmesi ile&#8230;<\/p>\n","protected":false},"featured_media":117276,"comment_status":"open","ping_status":"closed","template":"","meta":{"_kad_post_transparent":"","_kad_post_title":"","_kad_post_layout":"","_kad_post_sidebar_id":"","_kad_post_content_style":"","_kad_post_vertical_padding":"","_kad_post_feature":"","_kad_post_feature_position":"","_kad_post_header":false,"_kad_post_footer":false,"_kad_post_classname":""},"product_brand":[],"product_cat":[14977],"product_tag":[],"class_list":{"0":"post-117277","1":"product","2":"type-product","3":"status-publish","4":"has-post-thumbnail","6":"product_cat-kamp-lambasi-kamp-lambasi","8":"first","9":"instock","10":"purchasable","11":"product-type-simple","12":"entry","13":"content-bg","14":"loop-entry"},"_links":{"self":[{"href":"https:\/\/www.hediyepazar.com\/index.php?rest_route=\/wp\/v2\/product\/117277","targetHints":{"allow":["GET"]}}],"collection":[{"href":"https:\/\/www.hediyepazar.com\/index.php?rest_route=\/wp\/v2\/product"}],"about":[{"href":"https:\/\/www.hediyepazar.com\/index.php?rest_route=\/wp\/v2\/types\/product"}],"replies":[{"embeddable":true,"href":"https:\/\/www.hediyepazar.com\/index.php?rest_route=%2Fwp%2Fv2%2Fcomments&post=117277"}],"wp:featuredmedia":[{"embeddable":true,"href":"https:\/\/www.hediyepazar.com\/index.php?rest_route=\/wp\/v2\/media\/117276"}],"wp:attachment":[{"href":"https:\/\/www.hediyepazar.com\/index.php?rest_route=%2Fwp%2Fv2%2Fmedia&parent=117277"}],"wp:term":[{"taxonomy":"product_brand","embeddable":true,"href":"https:\/\/www.hediyepazar.com\/index.php?rest_route=%2Fwp%2Fv2%2Fproduct_brand&post=117277"},{"taxonomy":"product_cat","embeddable":true,"href":"https:\/\/www.hediyepazar.com\/index.php?rest_route=%2Fwp%2Fv2%2Fproduct_cat&post=117277"},{"taxonomy":"product_tag","embeddable":true,"href":"https:\/\/www.hediyepazar.com\/index.php?rest_route=%2Fwp%2Fv2%2Fproduct_tag&post=117277"}],"curies":[{"name":"wp","href":"https:\/\/api.w.org\/{rel}","templated":true}]}}