{"id":117289,"date":"2026-05-05T19:25:17","date_gmt":"2026-05-05T22:25:17","guid":{"rendered":"https:\/\/www.hediyepazar.com\/?product=elektrikli-baharat-ogutme-cihazi-ergonomik-seffaf-govde"},"modified":"2026-05-05T19:25:17","modified_gmt":"2026-05-05T22:25:17","slug":"elektrikli-baharat-ogutme-cihazi-ergonomik-seffaf-govde","status":"publish","type":"product","link":"https:\/\/www.hediyepazar.com\/?product=elektrikli-baharat-ogutme-cihazi-ergonomik-seffaf-govde","title":{"rendered":"Elektrikli Baharat \u00d6\u011f\u00fctme Cihaz\u0131 Ergonomik \u015eeffaf G\u00f6vde"},"content":{"rendered":"<p>Bu \u015f\u0131k ve modern otomatik baharat \u00f6\u011f\u00fct\u00fcc\u00fc, mutfa\u011f\u0131n\u0131zdaki i\u015flemleri pratikle\u015ftirir. G\u0131da dostu paslanmaz \u00e7elik yap\u0131s\u0131 sayesinde hem g\u00fcvenli hem dayan\u0131kl\u0131d\u0131r. Alt k\u0131sm\u0131nda yer alan geni\u015f hazne sayesinde fazla miktarda baharat saklayabilir, s\u0131k s\u0131k doldurma ihtiyac\u0131n\u0131z\u0131 azalt\u0131r. Tek tu\u015fla kolay kullan\u0131m, \u00f6zellikle yo\u011fun mutfak i\u015fleri s\u0131ras\u0131nda b\u00fcy\u00fck avantaj sa\u011flar. Pil ile \u00e7al\u0131\u015ft\u0131\u011f\u0131 i\u00e7in kablosuz kullan\u0131m rahatl\u0131\u011f\u0131 sunar. Temizli\u011fi olduk\u00e7a kolayd\u0131r; hazne k\u0131sm\u0131 \u00e7\u0131kar\u0131labilir. \u015e\u0131k tasar\u0131m\u0131 sayesinde masa \u00fcst\u00fcnde de rahatl\u0131kla kullan\u0131labilir. Bu \u00f6\u011f\u00fct\u00fcc\u00fc, yemeklerinize lezzet, mutfa\u011f\u0131n\u0131za konfor katar.&nbsp;&nbsp;<\/p>\n","protected":false},"excerpt":{"rendered":"<p>Bu \u015f\u0131k ve modern otomatik baharat \u00f6\u011f\u00fct\u00fcc\u00fc, mutfa\u011f\u0131n\u0131zdaki i\u015flemleri pratikle\u015ftirir. G\u0131da dostu paslanmaz \u00e7elik yap\u0131s\u0131 sayesinde hem g\u00fcvenli hem dayan\u0131kl\u0131d\u0131r. Alt k\u0131sm\u0131nda yer alan geni\u015f hazne sayesinde fazla miktarda baharat saklayabilir, s\u0131k s\u0131k doldurma ihtiyac\u0131n\u0131z\u0131 azalt\u0131r. Tek tu\u015fla kolay kullan\u0131m, \u00f6zellikle yo\u011fun mutfak i\u015fleri s\u0131ras\u0131nda b\u00fcy\u00fck avantaj sa\u011flar. Pil ile \u00e7al\u0131\u015ft\u0131\u011f\u0131 i\u00e7in kablosuz kullan\u0131m rahatl\u0131\u011f\u0131&#8230;<\/p>\n","protected":false},"featured_media":117288,"comment_status":"open","ping_status":"closed","template":"","meta":{"_kad_post_transparent":"","_kad_post_title":"","_kad_post_layout":"","_kad_post_sidebar_id":"","_kad_post_content_style":"","_kad_post_vertical_padding":"","_kad_post_feature":"","_kad_post_feature_position":"","_kad_post_header":false,"_kad_post_footer":false,"_kad_post_classname":""},"product_brand":[],"product_cat":[15016],"product_tag":[],"class_list":{"0":"post-117289","1":"product","2":"type-product","3":"status-publish","4":"has-post-thumbnail","6":"product_cat-baharat-ogutucu-baharat-ogutucu-2","8":"first","9":"instock","10":"purchasable","11":"product-type-simple","12":"entry","13":"content-bg","14":"loop-entry"},"_links":{"self":[{"href":"https:\/\/www.hediyepazar.com\/index.php?rest_route=\/wp\/v2\/product\/117289","targetHints":{"allow":["GET"]}}],"collection":[{"href":"https:\/\/www.hediyepazar.com\/index.php?rest_route=\/wp\/v2\/product"}],"about":[{"href":"https:\/\/www.hediyepazar.com\/index.php?rest_route=\/wp\/v2\/types\/product"}],"replies":[{"embeddable":true,"href":"https:\/\/www.hediyepazar.com\/index.php?rest_route=%2Fwp%2Fv2%2Fcomments&post=117289"}],"wp:featuredmedia":[{"embeddable":true,"href":"https:\/\/www.hediyepazar.com\/index.php?rest_route=\/wp\/v2\/media\/117288"}],"wp:attachment":[{"href":"https:\/\/www.hediyepazar.com\/index.php?rest_route=%2Fwp%2Fv2%2Fmedia&parent=117289"}],"wp:term":[{"taxonomy":"product_brand","embeddable":true,"href":"https:\/\/www.hediyepazar.com\/index.php?rest_route=%2Fwp%2Fv2%2Fproduct_brand&post=117289"},{"taxonomy":"product_cat","embeddable":true,"href":"https:\/\/www.hediyepazar.com\/index.php?rest_route=%2Fwp%2Fv2%2Fproduct_cat&post=117289"},{"taxonomy":"product_tag","embeddable":true,"href":"https:\/\/www.hediyepazar.com\/index.php?rest_route=%2Fwp%2Fv2%2Fproduct_tag&post=117289"}],"curies":[{"name":"wp","href":"https:\/\/api.w.org\/{rel}","templated":true}]}}