{"id":117291,"date":"2026-05-05T19:27:00","date_gmt":"2026-05-05T22:27:00","guid":{"rendered":"https:\/\/www.hediyepazar.com\/?product=pil-ile-calisan-elektrikli-baharat-ogutme-cihazi-ergonomik-seffaf-govde"},"modified":"2026-05-05T19:27:00","modified_gmt":"2026-05-05T22:27:00","slug":"pil-ile-calisan-elektrikli-baharat-ogutme-cihazi-ergonomik-seffaf-govde","status":"publish","type":"product","link":"https:\/\/www.hediyepazar.com\/?product=pil-ile-calisan-elektrikli-baharat-ogutme-cihazi-ergonomik-seffaf-govde","title":{"rendered":"Pil \u0130le \u00c7al\u0131\u015fan Elektrikli Baharat \u00d6\u011f\u00fctme Cihaz\u0131 Ergonomik \u015eeffaf G\u00f6vde"},"content":{"rendered":"<p>Modern mutfaklar\u0131n vazge\u00e7ilmez \u00fcr\u00fcnlerinden biri olan bu elektrikli \u00f6\u011f\u00fct\u00fcc\u00fc, tasar\u0131m\u0131 ve kullan\u0131m kolayl\u0131\u011f\u0131 ile dikkat \u00e7eker. Pratik \u00fcst tu\u015f mekanizmas\u0131, tek elle \u00e7al\u0131\u015ft\u0131r\u0131labilir yap\u0131s\u0131 sayesinde b\u00fcy\u00fck kolayl\u0131k sa\u011flar. Tuzdan karabibere, ki\u015fni\u015ften pul bibere kadar geni\u015f yelpazede kullan\u0131m sunar. Paslanmaz \u00e7elik g\u00f6vdesi sayesinde hem \u015f\u0131k g\u00f6r\u00fcn\u00fcr hem de uzun \u00f6m\u00fcrl\u00fcd\u00fcr. Kompakt yap\u0131s\u0131, mutfa\u011f\u0131n\u0131zda yer kaplamaz. Pil ile \u00e7al\u0131\u015ft\u0131\u011f\u0131 i\u00e7in priz arama derdini ortadan kald\u0131r\u0131r. \u015eeffaf haznesi i\u00e7erideki baharat miktar\u0131n\u0131 g\u00f6sterir ve yeniden doldurma kolayl\u0131\u011f\u0131 sa\u011flar. G\u00fcndelik kullan\u0131m i\u00e7in ideal bir mutfak aletidir.&nbsp;<\/p>\n","protected":false},"excerpt":{"rendered":"<p>Modern mutfaklar\u0131n vazge\u00e7ilmez \u00fcr\u00fcnlerinden biri olan bu elektrikli \u00f6\u011f\u00fct\u00fcc\u00fc, tasar\u0131m\u0131 ve kullan\u0131m kolayl\u0131\u011f\u0131 ile dikkat \u00e7eker. Pratik \u00fcst tu\u015f mekanizmas\u0131, tek elle \u00e7al\u0131\u015ft\u0131r\u0131labilir yap\u0131s\u0131 sayesinde b\u00fcy\u00fck kolayl\u0131k sa\u011flar. Tuzdan karabibere, ki\u015fni\u015ften pul bibere kadar geni\u015f yelpazede kullan\u0131m sunar. Paslanmaz \u00e7elik g\u00f6vdesi sayesinde hem \u015f\u0131k g\u00f6r\u00fcn\u00fcr hem de uzun \u00f6m\u00fcrl\u00fcd\u00fcr. Kompakt yap\u0131s\u0131, mutfa\u011f\u0131n\u0131zda yer kaplamaz. Pil&#8230;<\/p>\n","protected":false},"featured_media":117290,"comment_status":"open","ping_status":"closed","template":"","meta":{"_kad_post_transparent":"","_kad_post_title":"","_kad_post_layout":"","_kad_post_sidebar_id":"","_kad_post_content_style":"","_kad_post_vertical_padding":"","_kad_post_feature":"","_kad_post_feature_position":"","_kad_post_header":false,"_kad_post_footer":false,"_kad_post_classname":""},"product_brand":[],"product_cat":[15016],"product_tag":[],"class_list":{"0":"post-117291","1":"product","2":"type-product","3":"status-publish","4":"has-post-thumbnail","6":"product_cat-baharat-ogutucu-baharat-ogutucu-2","8":"first","9":"instock","10":"purchasable","11":"product-type-simple","12":"entry","13":"content-bg","14":"loop-entry"},"_links":{"self":[{"href":"https:\/\/www.hediyepazar.com\/index.php?rest_route=\/wp\/v2\/product\/117291","targetHints":{"allow":["GET"]}}],"collection":[{"href":"https:\/\/www.hediyepazar.com\/index.php?rest_route=\/wp\/v2\/product"}],"about":[{"href":"https:\/\/www.hediyepazar.com\/index.php?rest_route=\/wp\/v2\/types\/product"}],"replies":[{"embeddable":true,"href":"https:\/\/www.hediyepazar.com\/index.php?rest_route=%2Fwp%2Fv2%2Fcomments&post=117291"}],"wp:featuredmedia":[{"embeddable":true,"href":"https:\/\/www.hediyepazar.com\/index.php?rest_route=\/wp\/v2\/media\/117290"}],"wp:attachment":[{"href":"https:\/\/www.hediyepazar.com\/index.php?rest_route=%2Fwp%2Fv2%2Fmedia&parent=117291"}],"wp:term":[{"taxonomy":"product_brand","embeddable":true,"href":"https:\/\/www.hediyepazar.com\/index.php?rest_route=%2Fwp%2Fv2%2Fproduct_brand&post=117291"},{"taxonomy":"product_cat","embeddable":true,"href":"https:\/\/www.hediyepazar.com\/index.php?rest_route=%2Fwp%2Fv2%2Fproduct_cat&post=117291"},{"taxonomy":"product_tag","embeddable":true,"href":"https:\/\/www.hediyepazar.com\/index.php?rest_route=%2Fwp%2Fv2%2Fproduct_tag&post=117291"}],"curies":[{"name":"wp","href":"https:\/\/api.w.org\/{rel}","templated":true}]}}