{"id":117293,"date":"2026-05-05T19:27:05","date_gmt":"2026-05-05T22:27:05","guid":{"rendered":"https:\/\/www.hediyepazar.com\/?product=pilli-otomatik-baharat-degirmeni-gida-sinifi-celik-sessiz-ogutucu-alet"},"modified":"2026-05-05T19:27:05","modified_gmt":"2026-05-05T22:27:05","slug":"pilli-otomatik-baharat-degirmeni-gida-sinifi-celik-sessiz-ogutucu-alet","status":"publish","type":"product","link":"https:\/\/www.hediyepazar.com\/?product=pilli-otomatik-baharat-degirmeni-gida-sinifi-celik-sessiz-ogutucu-alet","title":{"rendered":"Pilli Otomatik Baharat De\u011firmeni G\u0131da S\u0131n\u0131f\u0131 \u00c7elik Sessiz \u00d6\u011f\u00fct\u00fcc\u00fc Alet"},"content":{"rendered":"<p>Yemek yaparken lezzeti art\u0131ran en \u00f6nemli detay, taze \u00f6\u011f\u00fct\u00fclm\u00fc\u015f baharatt\u0131r. Bu elektrikli baharat \u00f6\u011f\u00fct\u00fcc\u00fc, kaliteli i\u00e7 motoru sayesinde sessiz ve etkili bir \u015fekilde \u00e7al\u0131\u015f\u0131r. A\u015f\u0131nmaya dayan\u0131kl\u0131 paslanmaz \u00e7elikten \u00fcretilmi\u015ftir. Metal y\u00fczeyi kolay temizlenir, uzun y\u0131llar ilk g\u00fcnk\u00fc gibi kal\u0131r. Tek elle kullan\u0131ma uygun tasar\u0131m\u0131yla i\u015flerinizi kolayla\u015ft\u0131r\u0131r. Kullan\u0131m\u0131 olduk\u00e7a basittir: \u00fcst d\u00fc\u011fmeye bast\u0131\u011f\u0131n\u0131zda otomatik olarak \u00f6\u011f\u00fctmeye ba\u015flar. Alt k\u0131sm\u0131 ise kolay a\u00e7\u0131l\u0131r yap\u0131s\u0131 sayesinde baharat eklemek i\u00e7in pratik bir \u00e7\u00f6z\u00fcm sunar. T\u00fcm baharat t\u00fcrleriyle kullan\u0131labilir ve mutfakta zarif g\u00f6r\u00fcn\u00fcm\u00fcyle \u00f6ne \u00e7\u0131kar.<\/p>\n","protected":false},"excerpt":{"rendered":"<p>Yemek yaparken lezzeti art\u0131ran en \u00f6nemli detay, taze \u00f6\u011f\u00fct\u00fclm\u00fc\u015f baharatt\u0131r. Bu elektrikli baharat \u00f6\u011f\u00fct\u00fcc\u00fc, kaliteli i\u00e7 motoru sayesinde sessiz ve etkili bir \u015fekilde \u00e7al\u0131\u015f\u0131r. A\u015f\u0131nmaya dayan\u0131kl\u0131 paslanmaz \u00e7elikten \u00fcretilmi\u015ftir. Metal y\u00fczeyi kolay temizlenir, uzun y\u0131llar ilk g\u00fcnk\u00fc gibi kal\u0131r. Tek elle kullan\u0131ma uygun tasar\u0131m\u0131yla i\u015flerinizi kolayla\u015ft\u0131r\u0131r. Kullan\u0131m\u0131 olduk\u00e7a basittir: \u00fcst d\u00fc\u011fmeye bast\u0131\u011f\u0131n\u0131zda otomatik olarak \u00f6\u011f\u00fctmeye&#8230;<\/p>\n","protected":false},"featured_media":117292,"comment_status":"open","ping_status":"closed","template":"","meta":{"_kad_post_transparent":"","_kad_post_title":"","_kad_post_layout":"","_kad_post_sidebar_id":"","_kad_post_content_style":"","_kad_post_vertical_padding":"","_kad_post_feature":"","_kad_post_feature_position":"","_kad_post_header":false,"_kad_post_footer":false,"_kad_post_classname":""},"product_brand":[],"product_cat":[15016],"product_tag":[],"class_list":{"0":"post-117293","1":"product","2":"type-product","3":"status-publish","4":"has-post-thumbnail","6":"product_cat-baharat-ogutucu-baharat-ogutucu-2","8":"first","9":"instock","10":"purchasable","11":"product-type-simple","12":"entry","13":"content-bg","14":"loop-entry"},"_links":{"self":[{"href":"https:\/\/www.hediyepazar.com\/index.php?rest_route=\/wp\/v2\/product\/117293","targetHints":{"allow":["GET"]}}],"collection":[{"href":"https:\/\/www.hediyepazar.com\/index.php?rest_route=\/wp\/v2\/product"}],"about":[{"href":"https:\/\/www.hediyepazar.com\/index.php?rest_route=\/wp\/v2\/types\/product"}],"replies":[{"embeddable":true,"href":"https:\/\/www.hediyepazar.com\/index.php?rest_route=%2Fwp%2Fv2%2Fcomments&post=117293"}],"wp:featuredmedia":[{"embeddable":true,"href":"https:\/\/www.hediyepazar.com\/index.php?rest_route=\/wp\/v2\/media\/117292"}],"wp:attachment":[{"href":"https:\/\/www.hediyepazar.com\/index.php?rest_route=%2Fwp%2Fv2%2Fmedia&parent=117293"}],"wp:term":[{"taxonomy":"product_brand","embeddable":true,"href":"https:\/\/www.hediyepazar.com\/index.php?rest_route=%2Fwp%2Fv2%2Fproduct_brand&post=117293"},{"taxonomy":"product_cat","embeddable":true,"href":"https:\/\/www.hediyepazar.com\/index.php?rest_route=%2Fwp%2Fv2%2Fproduct_cat&post=117293"},{"taxonomy":"product_tag","embeddable":true,"href":"https:\/\/www.hediyepazar.com\/index.php?rest_route=%2Fwp%2Fv2%2Fproduct_tag&post=117293"}],"curies":[{"name":"wp","href":"https:\/\/api.w.org\/{rel}","templated":true}]}}