{"id":117295,"date":"2026-05-05T19:27:10","date_gmt":"2026-05-05T22:27:10","guid":{"rendered":"https:\/\/www.hediyepazar.com\/?product=seffaf-hazneli-elektrikli-tuz-karabiber-ogutucu-pilli-tasinabilir-mutfak-aleti"},"modified":"2026-05-05T19:27:10","modified_gmt":"2026-05-05T22:27:10","slug":"seffaf-hazneli-elektrikli-tuz-karabiber-ogutucu-pilli-tasinabilir-mutfak-aleti","status":"publish","type":"product","link":"https:\/\/www.hediyepazar.com\/?product=seffaf-hazneli-elektrikli-tuz-karabiber-ogutucu-pilli-tasinabilir-mutfak-aleti","title":{"rendered":"\u015eeffaf Hazneli Elektrikli Tuz Karabiber \u00d6\u011f\u00fct\u00fcc\u00fc Pilli Ta\u015f\u0131nabilir Mutfak Aleti"},"content":{"rendered":"<p>Elektrikli \u00f6\u011f\u00fct\u00fcc\u00fcler art\u0131k sadece profesyonel mutfaklarda de\u011fil, her evde kullan\u0131labilir hale geldi. Bu kompakt ve hafif \u00f6\u011f\u00fct\u00fcc\u00fc, pille \u00e7al\u0131\u015ft\u0131\u011f\u0131 i\u00e7in kablo derdi olmadan kullan\u0131m kolayl\u0131\u011f\u0131 sa\u011flar. Evde, kampta ya da piknikte rahat\u00e7a kullan\u0131labilir. G\u0131da s\u0131n\u0131f\u0131 paslanmaz \u00e7elik g\u00f6vdesi sayesinde sa\u011fl\u0131kl\u0131 ve hijyenik bir kullan\u0131m sunar. \u015eeffaf hazne ile ne kadar baharat kald\u0131\u011f\u0131n\u0131 g\u00f6rebilir, yeniden doldurma zaman\u0131n\u0131 kolayca anlayabilirsiniz. Tek tu\u015fla \u00e7al\u0131\u015fan mekanizmas\u0131 sayesinde zahmetsiz \u00f6\u011f\u00fctme sa\u011flar. Alt hazneyi d\u00f6nd\u00fcrerek kolayca a\u00e7abilir, i\u00e7erisine farkl\u0131 baharatlar koyabilirsiniz. Her mutfa\u011f\u0131n ihtiyac\u0131 olan bu \u00fcr\u00fcn, yemeklerinizi lezzetlendirmek i\u00e7in birebirdir.<\/p>\n","protected":false},"excerpt":{"rendered":"<p>Elektrikli \u00f6\u011f\u00fct\u00fcc\u00fcler art\u0131k sadece profesyonel mutfaklarda de\u011fil, her evde kullan\u0131labilir hale geldi. Bu kompakt ve hafif \u00f6\u011f\u00fct\u00fcc\u00fc, pille \u00e7al\u0131\u015ft\u0131\u011f\u0131 i\u00e7in kablo derdi olmadan kullan\u0131m kolayl\u0131\u011f\u0131 sa\u011flar. Evde, kampta ya da piknikte rahat\u00e7a kullan\u0131labilir. G\u0131da s\u0131n\u0131f\u0131 paslanmaz \u00e7elik g\u00f6vdesi sayesinde sa\u011fl\u0131kl\u0131 ve hijyenik bir kullan\u0131m sunar. \u015eeffaf hazne ile ne kadar baharat kald\u0131\u011f\u0131n\u0131 g\u00f6rebilir, yeniden doldurma&#8230;<\/p>\n","protected":false},"featured_media":117294,"comment_status":"open","ping_status":"closed","template":"","meta":{"_kad_post_transparent":"","_kad_post_title":"","_kad_post_layout":"","_kad_post_sidebar_id":"","_kad_post_content_style":"","_kad_post_vertical_padding":"","_kad_post_feature":"","_kad_post_feature_position":"","_kad_post_header":false,"_kad_post_footer":false,"_kad_post_classname":""},"product_brand":[],"product_cat":[15016],"product_tag":[],"class_list":{"0":"post-117295","1":"product","2":"type-product","3":"status-publish","4":"has-post-thumbnail","6":"product_cat-baharat-ogutucu-baharat-ogutucu-2","8":"first","9":"instock","10":"purchasable","11":"product-type-simple","12":"entry","13":"content-bg","14":"loop-entry"},"_links":{"self":[{"href":"https:\/\/www.hediyepazar.com\/index.php?rest_route=\/wp\/v2\/product\/117295","targetHints":{"allow":["GET"]}}],"collection":[{"href":"https:\/\/www.hediyepazar.com\/index.php?rest_route=\/wp\/v2\/product"}],"about":[{"href":"https:\/\/www.hediyepazar.com\/index.php?rest_route=\/wp\/v2\/types\/product"}],"replies":[{"embeddable":true,"href":"https:\/\/www.hediyepazar.com\/index.php?rest_route=%2Fwp%2Fv2%2Fcomments&post=117295"}],"wp:featuredmedia":[{"embeddable":true,"href":"https:\/\/www.hediyepazar.com\/index.php?rest_route=\/wp\/v2\/media\/117294"}],"wp:attachment":[{"href":"https:\/\/www.hediyepazar.com\/index.php?rest_route=%2Fwp%2Fv2%2Fmedia&parent=117295"}],"wp:term":[{"taxonomy":"product_brand","embeddable":true,"href":"https:\/\/www.hediyepazar.com\/index.php?rest_route=%2Fwp%2Fv2%2Fproduct_brand&post=117295"},{"taxonomy":"product_cat","embeddable":true,"href":"https:\/\/www.hediyepazar.com\/index.php?rest_route=%2Fwp%2Fv2%2Fproduct_cat&post=117295"},{"taxonomy":"product_tag","embeddable":true,"href":"https:\/\/www.hediyepazar.com\/index.php?rest_route=%2Fwp%2Fv2%2Fproduct_tag&post=117295"}],"curies":[{"name":"wp","href":"https:\/\/api.w.org\/{rel}","templated":true}]}}