{"id":117297,"date":"2026-05-05T19:27:15","date_gmt":"2026-05-05T22:27:15","guid":{"rendered":"https:\/\/www.hediyepazar.com\/?product=elektrikli-baharat-ogutucu-pilli-paslanmaz-celik-otomatik-tuz-karabiber-degirmeni"},"modified":"2026-05-05T19:27:15","modified_gmt":"2026-05-05T22:27:15","slug":"elektrikli-baharat-ogutucu-pilli-paslanmaz-celik-otomatik-tuz-karabiber-degirmeni","status":"publish","type":"product","link":"https:\/\/www.hediyepazar.com\/?product=elektrikli-baharat-ogutucu-pilli-paslanmaz-celik-otomatik-tuz-karabiber-degirmeni","title":{"rendered":"Elektrikli Baharat \u00d6\u011f\u00fct\u00fcc\u00fc Pilli Paslanmaz \u00c7elik Otomatik Tuz Karabiber De\u011firmeni"},"content":{"rendered":"<p>&nbsp;&nbsp;Evde yemek yaparken en \u00e7ok ihtiya\u00e7 duyulan \u015feylerden biri de taze \u00e7ekilmi\u015f baharatlard\u0131r. Bu elektrikli otomatik \u00f6\u011f\u00fct\u00fcc\u00fc, mutfa\u011f\u0131n\u0131za hem estetik hem de fonksiyonel bir dokunu\u015f katar. G\u0131da s\u0131n\u0131f\u0131 paslanmaz \u00e7elik g\u00f6vdesi sayesinde a\u015f\u0131nmaya, paslanmaya ve korozyona kar\u015f\u0131 dayan\u0131kl\u0131d\u0131r. \u00dcst k\u0131sm\u0131nda bulunan tek tu\u015fla \u00e7al\u0131\u015fan sistem sayesinde tuz, karabiber, kimyon, pul biber gibi \u00e7e\u015fitli baharatlar\u0131 saniyeler i\u00e7inde \u00f6\u011f\u00fct\u00fcr. Kompakt ve ta\u015f\u0131nabilir yap\u0131s\u0131 ile hem evde hem de d\u0131\u015f mek\u00e2nda kullan\u0131ma uygundur. \u00dcr\u00fcn\u00fc doldurmak olduk\u00e7a kolayd\u0131r; alt kapa\u011f\u0131 hafif\u00e7e d\u00f6nd\u00fcrerek \u00e7\u0131karabilir ve i\u00e7erisine kolayca baharat ekleyebilirsiniz. Pil ile \u00e7al\u0131\u015ft\u0131\u011f\u0131 i\u00e7in elektrik kablosuna ihtiya\u00e7 duymaz, her ortamda \u00f6zg\u00fcrce kullanabilirsiniz.&nbsp;&nbsp;&nbsp;&nbsp;<\/p>\n","protected":false},"excerpt":{"rendered":"<p>&nbsp;&nbsp;Evde yemek yaparken en \u00e7ok ihtiya\u00e7 duyulan \u015feylerden biri de taze \u00e7ekilmi\u015f baharatlard\u0131r. Bu elektrikli otomatik \u00f6\u011f\u00fct\u00fcc\u00fc, mutfa\u011f\u0131n\u0131za hem estetik hem de fonksiyonel bir dokunu\u015f katar. G\u0131da s\u0131n\u0131f\u0131 paslanmaz \u00e7elik g\u00f6vdesi sayesinde a\u015f\u0131nmaya, paslanmaya ve korozyona kar\u015f\u0131 dayan\u0131kl\u0131d\u0131r. \u00dcst k\u0131sm\u0131nda bulunan tek tu\u015fla \u00e7al\u0131\u015fan sistem sayesinde tuz, karabiber, kimyon, pul biber gibi \u00e7e\u015fitli baharatlar\u0131 saniyeler&#8230;<\/p>\n","protected":false},"featured_media":117296,"comment_status":"open","ping_status":"closed","template":"","meta":{"_kad_post_transparent":"","_kad_post_title":"","_kad_post_layout":"","_kad_post_sidebar_id":"","_kad_post_content_style":"","_kad_post_vertical_padding":"","_kad_post_feature":"","_kad_post_feature_position":"","_kad_post_header":false,"_kad_post_footer":false,"_kad_post_classname":""},"product_brand":[],"product_cat":[15016],"product_tag":[],"class_list":{"0":"post-117297","1":"product","2":"type-product","3":"status-publish","4":"has-post-thumbnail","6":"product_cat-baharat-ogutucu-baharat-ogutucu-2","8":"first","9":"instock","10":"purchasable","11":"product-type-simple","12":"entry","13":"content-bg","14":"loop-entry"},"_links":{"self":[{"href":"https:\/\/www.hediyepazar.com\/index.php?rest_route=\/wp\/v2\/product\/117297","targetHints":{"allow":["GET"]}}],"collection":[{"href":"https:\/\/www.hediyepazar.com\/index.php?rest_route=\/wp\/v2\/product"}],"about":[{"href":"https:\/\/www.hediyepazar.com\/index.php?rest_route=\/wp\/v2\/types\/product"}],"replies":[{"embeddable":true,"href":"https:\/\/www.hediyepazar.com\/index.php?rest_route=%2Fwp%2Fv2%2Fcomments&post=117297"}],"wp:featuredmedia":[{"embeddable":true,"href":"https:\/\/www.hediyepazar.com\/index.php?rest_route=\/wp\/v2\/media\/117296"}],"wp:attachment":[{"href":"https:\/\/www.hediyepazar.com\/index.php?rest_route=%2Fwp%2Fv2%2Fmedia&parent=117297"}],"wp:term":[{"taxonomy":"product_brand","embeddable":true,"href":"https:\/\/www.hediyepazar.com\/index.php?rest_route=%2Fwp%2Fv2%2Fproduct_brand&post=117297"},{"taxonomy":"product_cat","embeddable":true,"href":"https:\/\/www.hediyepazar.com\/index.php?rest_route=%2Fwp%2Fv2%2Fproduct_cat&post=117297"},{"taxonomy":"product_tag","embeddable":true,"href":"https:\/\/www.hediyepazar.com\/index.php?rest_route=%2Fwp%2Fv2%2Fproduct_tag&post=117297"}],"curies":[{"name":"wp","href":"https:\/\/api.w.org\/{rel}","templated":true}]}}