{"id":117299,"date":"2026-05-05T19:27:19","date_gmt":"2026-05-05T22:27:19","guid":{"rendered":"https:\/\/www.hediyepazar.com\/?product=manuel-yaprak-sarma-cihazi-gidaya-uygun-kolay-temizlenebilir-tasarim"},"modified":"2026-05-05T19:27:19","modified_gmt":"2026-05-05T22:27:19","slug":"manuel-yaprak-sarma-cihazi-gidaya-uygun-kolay-temizlenebilir-tasarim","status":"publish","type":"product","link":"https:\/\/www.hediyepazar.com\/?product=manuel-yaprak-sarma-cihazi-gidaya-uygun-kolay-temizlenebilir-tasarim","title":{"rendered":"Manuel Yaprak Sarma Cihaz\u0131 G\u0131daya Uygun Kolay Temizlenebilir Tasar\u0131m"},"content":{"rendered":"<p>Kusursuz sarma yapman\u0131n art\u0131k zahmeti yok! Bu kolay kullan\u0131ml\u0131 yaprak sarma aleti sayesinde hem estetik hem de lezzetli sarmalar haz\u0131rlayabilirsiniz. \u0130deal boyutlardaki silindir formu ile restoran \u015feflerinin elinden \u00e7\u0131km\u0131\u015f gibi g\u00f6z\u00fcken sonu\u00e7lar al\u0131rs\u0131n\u0131z. Ergonomik kol mekanizmas\u0131 sayesinde bile\u011finizi yormadan, yorulmadan dakikalar i\u00e7inde haz\u0131rl\u0131klar\u0131n\u0131z\u0131 tamamlayabilirsiniz. \u00dcz\u00fcm, lahana, paz\u0131 ve hatta marul yapraklar\u0131yla uyumludur. Sa\u011flam yap\u0131s\u0131 uzun \u00f6m\u00fcrl\u00fc kullan\u0131m sunar. Tek tu\u015fla sar, kolayca temizle!&nbsp;&nbsp;<\/p>\n","protected":false},"excerpt":{"rendered":"<p>Kusursuz sarma yapman\u0131n art\u0131k zahmeti yok! Bu kolay kullan\u0131ml\u0131 yaprak sarma aleti sayesinde hem estetik hem de lezzetli sarmalar haz\u0131rlayabilirsiniz. \u0130deal boyutlardaki silindir formu ile restoran \u015feflerinin elinden \u00e7\u0131km\u0131\u015f gibi g\u00f6z\u00fcken sonu\u00e7lar al\u0131rs\u0131n\u0131z. Ergonomik kol mekanizmas\u0131 sayesinde bile\u011finizi yormadan, yorulmadan dakikalar i\u00e7inde haz\u0131rl\u0131klar\u0131n\u0131z\u0131 tamamlayabilirsiniz. \u00dcz\u00fcm, lahana, paz\u0131 ve hatta marul yapraklar\u0131yla uyumludur. Sa\u011flam yap\u0131s\u0131 uzun&#8230;<\/p>\n","protected":false},"featured_media":117298,"comment_status":"open","ping_status":"closed","template":"","meta":{"_kad_post_transparent":"","_kad_post_title":"","_kad_post_layout":"","_kad_post_sidebar_id":"","_kad_post_content_style":"","_kad_post_vertical_padding":"","_kad_post_feature":"","_kad_post_feature_position":"","_kad_post_header":false,"_kad_post_footer":false,"_kad_post_classname":""},"product_brand":[],"product_cat":[15068],"product_tag":[],"class_list":{"0":"post-117299","1":"product","2":"type-product","3":"status-publish","4":"has-post-thumbnail","6":"product_cat-pratik-mutfak-gerecleri-pratik-mutfak-gerecleri-2","8":"first","9":"instock","10":"purchasable","11":"product-type-simple","12":"entry","13":"content-bg","14":"loop-entry"},"_links":{"self":[{"href":"https:\/\/www.hediyepazar.com\/index.php?rest_route=\/wp\/v2\/product\/117299","targetHints":{"allow":["GET"]}}],"collection":[{"href":"https:\/\/www.hediyepazar.com\/index.php?rest_route=\/wp\/v2\/product"}],"about":[{"href":"https:\/\/www.hediyepazar.com\/index.php?rest_route=\/wp\/v2\/types\/product"}],"replies":[{"embeddable":true,"href":"https:\/\/www.hediyepazar.com\/index.php?rest_route=%2Fwp%2Fv2%2Fcomments&post=117299"}],"wp:featuredmedia":[{"embeddable":true,"href":"https:\/\/www.hediyepazar.com\/index.php?rest_route=\/wp\/v2\/media\/117298"}],"wp:attachment":[{"href":"https:\/\/www.hediyepazar.com\/index.php?rest_route=%2Fwp%2Fv2%2Fmedia&parent=117299"}],"wp:term":[{"taxonomy":"product_brand","embeddable":true,"href":"https:\/\/www.hediyepazar.com\/index.php?rest_route=%2Fwp%2Fv2%2Fproduct_brand&post=117299"},{"taxonomy":"product_cat","embeddable":true,"href":"https:\/\/www.hediyepazar.com\/index.php?rest_route=%2Fwp%2Fv2%2Fproduct_cat&post=117299"},{"taxonomy":"product_tag","embeddable":true,"href":"https:\/\/www.hediyepazar.com\/index.php?rest_route=%2Fwp%2Fv2%2Fproduct_tag&post=117299"}],"curies":[{"name":"wp","href":"https:\/\/api.w.org\/{rel}","templated":true}]}}