{"id":117301,"date":"2026-05-05T19:29:01","date_gmt":"2026-05-05T22:29:01","guid":{"rendered":"https:\/\/www.hediyepazar.com\/?product=kol-mekanizmali-sarma-aleti-saglikli-malzeme-kusursuz-sunum"},"modified":"2026-05-05T19:29:01","modified_gmt":"2026-05-05T22:29:01","slug":"kol-mekanizmali-sarma-aleti-saglikli-malzeme-kusursuz-sunum","status":"publish","type":"product","link":"https:\/\/www.hediyepazar.com\/?product=kol-mekanizmali-sarma-aleti-saglikli-malzeme-kusursuz-sunum","title":{"rendered":"Kol Mekanizmal\u0131 Sarma Aleti \u2013 Sa\u011fl\u0131kl\u0131 Malzeme Kusursuz Sunum"},"content":{"rendered":"<p>Misafir gelecek diye sabah\u0131n erken saatlerinden itibaren sarma sarmak art\u0131k ge\u00e7mi\u015fte kald\u0131. Bu pratik yaprak sarma aparat\u0131 ile dakikalar i\u00e7inde tepsiler dolusu sarma haz\u0131rlayabilirsiniz. Hepsi e\u015fit boyda, d\u00fczg\u00fcn ve h\u0131zl\u0131! Dayan\u0131kl\u0131 plastik malzemeden \u00fcretilmi\u015f olan alet g\u0131da ile temasa uygundur. Kompakt boyutuyla kolay ta\u015f\u0131n\u0131r, y\u0131kanabilir ve saklanabilir. Sadece \u00fcz\u00fcm de\u011fil, paz\u0131 ve lahana yapraklar\u0131yla da kullan\u0131l\u0131r. Hatta denemek isteyenler i\u00e7in su\u015fi sar\u0131m\u0131nda da birebirdir. Zahmetsiz yemek haz\u0131rl\u0131\u011f\u0131 hi\u00e7 bu kadar kolay olmam\u0131\u015ft\u0131.<\/p>\n","protected":false},"excerpt":{"rendered":"<p>Misafir gelecek diye sabah\u0131n erken saatlerinden itibaren sarma sarmak art\u0131k ge\u00e7mi\u015fte kald\u0131. Bu pratik yaprak sarma aparat\u0131 ile dakikalar i\u00e7inde tepsiler dolusu sarma haz\u0131rlayabilirsiniz. Hepsi e\u015fit boyda, d\u00fczg\u00fcn ve h\u0131zl\u0131! Dayan\u0131kl\u0131 plastik malzemeden \u00fcretilmi\u015f olan alet g\u0131da ile temasa uygundur. Kompakt boyutuyla kolay ta\u015f\u0131n\u0131r, y\u0131kanabilir ve saklanabilir. Sadece \u00fcz\u00fcm de\u011fil, paz\u0131 ve lahana yapraklar\u0131yla da&#8230;<\/p>\n","protected":false},"featured_media":117300,"comment_status":"open","ping_status":"closed","template":"","meta":{"_kad_post_transparent":"","_kad_post_title":"","_kad_post_layout":"","_kad_post_sidebar_id":"","_kad_post_content_style":"","_kad_post_vertical_padding":"","_kad_post_feature":"","_kad_post_feature_position":"","_kad_post_header":false,"_kad_post_footer":false,"_kad_post_classname":""},"product_brand":[],"product_cat":[15068],"product_tag":[],"class_list":{"0":"post-117301","1":"product","2":"type-product","3":"status-publish","4":"has-post-thumbnail","6":"product_cat-pratik-mutfak-gerecleri-pratik-mutfak-gerecleri-2","8":"first","9":"instock","10":"purchasable","11":"product-type-simple","12":"entry","13":"content-bg","14":"loop-entry"},"_links":{"self":[{"href":"https:\/\/www.hediyepazar.com\/index.php?rest_route=\/wp\/v2\/product\/117301","targetHints":{"allow":["GET"]}}],"collection":[{"href":"https:\/\/www.hediyepazar.com\/index.php?rest_route=\/wp\/v2\/product"}],"about":[{"href":"https:\/\/www.hediyepazar.com\/index.php?rest_route=\/wp\/v2\/types\/product"}],"replies":[{"embeddable":true,"href":"https:\/\/www.hediyepazar.com\/index.php?rest_route=%2Fwp%2Fv2%2Fcomments&post=117301"}],"wp:featuredmedia":[{"embeddable":true,"href":"https:\/\/www.hediyepazar.com\/index.php?rest_route=\/wp\/v2\/media\/117300"}],"wp:attachment":[{"href":"https:\/\/www.hediyepazar.com\/index.php?rest_route=%2Fwp%2Fv2%2Fmedia&parent=117301"}],"wp:term":[{"taxonomy":"product_brand","embeddable":true,"href":"https:\/\/www.hediyepazar.com\/index.php?rest_route=%2Fwp%2Fv2%2Fproduct_brand&post=117301"},{"taxonomy":"product_cat","embeddable":true,"href":"https:\/\/www.hediyepazar.com\/index.php?rest_route=%2Fwp%2Fv2%2Fproduct_cat&post=117301"},{"taxonomy":"product_tag","embeddable":true,"href":"https:\/\/www.hediyepazar.com\/index.php?rest_route=%2Fwp%2Fv2%2Fproduct_tag&post=117301"}],"curies":[{"name":"wp","href":"https:\/\/api.w.org\/{rel}","templated":true}]}}