{"id":117311,"date":"2026-05-05T19:30:16","date_gmt":"2026-05-05T22:30:16","guid":{"rendered":"https:\/\/www.hediyepazar.com\/?product=krom-kaplamali-cok-fonksiyonlu-musluk-basligi-paslanmaz-malzeme"},"modified":"2026-05-05T19:30:16","modified_gmt":"2026-05-05T22:30:16","slug":"krom-kaplamali-cok-fonksiyonlu-musluk-basligi-paslanmaz-malzeme","status":"publish","type":"product","link":"https:\/\/www.hediyepazar.com\/?product=krom-kaplamali-cok-fonksiyonlu-musluk-basligi-paslanmaz-malzeme","title":{"rendered":"Krom Kaplamal\u0131 \u00c7ok Fonksiyonlu Musluk Ba\u015fl\u0131\u011f\u0131 | Paslanmaz Malzeme"},"content":{"rendered":"<p>G\u00fcnl\u00fck temizlik ve y\u0131kama i\u015flemlerini hem \u015f\u0131k hem de fonksiyonel hale getiren bu musluk ba\u015fl\u0131\u011f\u0131, kullan\u0131c\u0131 dostu tasar\u0131m\u0131yla dikkat \u00e7ekiyor. Ya\u011fmur, \u015felale, sprey ve kabarc\u0131k modlar\u0131 sayesinde ister meyve sebze y\u0131kay\u0131n ister lavabonuzu temizleyin, her i\u015f i\u00e7in en uygun su \u00e7\u0131k\u0131\u015f\u0131n\u0131 se\u00e7in. ABS plastik ve pirin\u00e7 disk kartu\u015f ile \u00fcretilmi\u015f sa\u011flam g\u00f6vde, uzun s\u00fcreli kullan\u0131mda bile formunu korur. Su lekesi tutmayan krom kaplamas\u0131 modern mutfak dekoruna uyum sa\u011flar. Geni\u015f adapt\u00f6r seti sayesinde \u00e7o\u011fu muslukla uyumludur ve ekstra alet gerektirmeden kolayca tak\u0131l\u0131r.&nbsp;&nbsp;<\/p>\n","protected":false},"excerpt":{"rendered":"<p>G\u00fcnl\u00fck temizlik ve y\u0131kama i\u015flemlerini hem \u015f\u0131k hem de fonksiyonel hale getiren bu musluk ba\u015fl\u0131\u011f\u0131, kullan\u0131c\u0131 dostu tasar\u0131m\u0131yla dikkat \u00e7ekiyor. Ya\u011fmur, \u015felale, sprey ve kabarc\u0131k modlar\u0131 sayesinde ister meyve sebze y\u0131kay\u0131n ister lavabonuzu temizleyin, her i\u015f i\u00e7in en uygun su \u00e7\u0131k\u0131\u015f\u0131n\u0131 se\u00e7in. ABS plastik ve pirin\u00e7 disk kartu\u015f ile \u00fcretilmi\u015f sa\u011flam g\u00f6vde, uzun s\u00fcreli kullan\u0131mda&#8230;<\/p>\n","protected":false},"featured_media":117310,"comment_status":"open","ping_status":"closed","template":"","meta":{"_kad_post_transparent":"","_kad_post_title":"","_kad_post_layout":"","_kad_post_sidebar_id":"","_kad_post_content_style":"","_kad_post_vertical_padding":"","_kad_post_feature":"","_kad_post_feature_position":"","_kad_post_header":false,"_kad_post_footer":false,"_kad_post_classname":""},"product_brand":[],"product_cat":[15068],"product_tag":[],"class_list":{"0":"post-117311","1":"product","2":"type-product","3":"status-publish","4":"has-post-thumbnail","6":"product_cat-pratik-mutfak-gerecleri-pratik-mutfak-gerecleri-2","8":"first","9":"instock","10":"purchasable","11":"product-type-simple","12":"entry","13":"content-bg","14":"loop-entry"},"_links":{"self":[{"href":"https:\/\/www.hediyepazar.com\/index.php?rest_route=\/wp\/v2\/product\/117311","targetHints":{"allow":["GET"]}}],"collection":[{"href":"https:\/\/www.hediyepazar.com\/index.php?rest_route=\/wp\/v2\/product"}],"about":[{"href":"https:\/\/www.hediyepazar.com\/index.php?rest_route=\/wp\/v2\/types\/product"}],"replies":[{"embeddable":true,"href":"https:\/\/www.hediyepazar.com\/index.php?rest_route=%2Fwp%2Fv2%2Fcomments&post=117311"}],"wp:featuredmedia":[{"embeddable":true,"href":"https:\/\/www.hediyepazar.com\/index.php?rest_route=\/wp\/v2\/media\/117310"}],"wp:attachment":[{"href":"https:\/\/www.hediyepazar.com\/index.php?rest_route=%2Fwp%2Fv2%2Fmedia&parent=117311"}],"wp:term":[{"taxonomy":"product_brand","embeddable":true,"href":"https:\/\/www.hediyepazar.com\/index.php?rest_route=%2Fwp%2Fv2%2Fproduct_brand&post=117311"},{"taxonomy":"product_cat","embeddable":true,"href":"https:\/\/www.hediyepazar.com\/index.php?rest_route=%2Fwp%2Fv2%2Fproduct_cat&post=117311"},{"taxonomy":"product_tag","embeddable":true,"href":"https:\/\/www.hediyepazar.com\/index.php?rest_route=%2Fwp%2Fv2%2Fproduct_tag&post=117311"}],"curies":[{"name":"wp","href":"https:\/\/api.w.org\/{rel}","templated":true}]}}