{"id":117333,"date":"2026-05-05T19:35:03","date_gmt":"2026-05-05T22:35:03","guid":{"rendered":"https:\/\/www.hediyepazar.com\/?product=mini-bluetooth-muzik-alicisi-ev-arac-stereo-sistemlerine-kablosuz-baglanti"},"modified":"2026-05-05T19:35:03","modified_gmt":"2026-05-05T22:35:03","slug":"mini-bluetooth-muzik-alicisi-ev-arac-stereo-sistemlerine-kablosuz-baglanti","status":"publish","type":"product","link":"https:\/\/www.hediyepazar.com\/?product=mini-bluetooth-muzik-alicisi-ev-arac-stereo-sistemlerine-kablosuz-baglanti","title":{"rendered":"Mini Bluetooth M\u00fczik Al\u0131c\u0131s\u0131 | Ev &#038; Ara\u00e7 Stereo Sistemlerine Kablosuz Ba\u011flant\u0131"},"content":{"rendered":"<p>Kablolu ses sistemlerinizi d\u00f6n\u00fc\u015ft\u00fcrmenin en basit yolu! Bu Bluetooth ses al\u0131c\u0131s\u0131, 3.5mm ses giri\u015fli t\u00fcm cihazlarla \u00e7al\u0131\u015farak onlar\u0131 Bluetooth \u00f6zellikli hale getirir.Evdeki eski hoparl\u00f6r\u00fcn\u00fcz\u00fc, ara\u00e7 radyonuzu veya kablolu kulakl\u0131\u011f\u0131n\u0131z\u0131 saniyeler i\u00e7inde kablosuz hale getirerek telefonunuzdan m\u00fczik \u00e7alabilirsiniz.A2DP deste\u011fi sayesinde y\u00fcksek kaliteli ses aktar\u0131m\u0131 sunar. Bluetooth 4.1 teknolojisiyle 10 metreye kadar net ba\u011flant\u0131 sa\u011flar.Sadece 1.4 x 1.5 x 5.8 cm boyutunda olan cihaz, ta\u015f\u0131nabilir ve hafif yap\u0131s\u0131yla her an yan\u0131n\u0131zda olabilir.USB kablosuyla kolayca \u015farj edilir ve 4 saate kadar kullan\u0131m sa\u011flar. \u015e\u0131k ve i\u015flevsel bir teknolojik yard\u0131mc\u0131!<\/p>\n","protected":false},"excerpt":{"rendered":"<p>Kablolu ses sistemlerinizi d\u00f6n\u00fc\u015ft\u00fcrmenin en basit yolu! Bu Bluetooth ses al\u0131c\u0131s\u0131, 3.5mm ses giri\u015fli t\u00fcm cihazlarla \u00e7al\u0131\u015farak onlar\u0131 Bluetooth \u00f6zellikli hale getirir.Evdeki eski hoparl\u00f6r\u00fcn\u00fcz\u00fc, ara\u00e7 radyonuzu veya kablolu kulakl\u0131\u011f\u0131n\u0131z\u0131 saniyeler i\u00e7inde kablosuz hale getirerek telefonunuzdan m\u00fczik \u00e7alabilirsiniz.A2DP deste\u011fi sayesinde y\u00fcksek kaliteli ses aktar\u0131m\u0131 sunar. Bluetooth 4.1 teknolojisiyle 10 metreye kadar net ba\u011flant\u0131 sa\u011flar.Sadece 1.4 x&#8230;<\/p>\n","protected":false},"featured_media":117332,"comment_status":"open","ping_status":"closed","template":"","meta":{"_kad_post_transparent":"","_kad_post_title":"","_kad_post_layout":"","_kad_post_sidebar_id":"","_kad_post_content_style":"","_kad_post_vertical_padding":"","_kad_post_feature":"","_kad_post_feature_position":"","_kad_post_header":false,"_kad_post_footer":false,"_kad_post_classname":""},"product_brand":[],"product_cat":[15020],"product_tag":[],"class_list":{"0":"post-117333","1":"product","2":"type-product","3":"status-publish","4":"has-post-thumbnail","6":"product_cat-bluetooth-arac-kiti-bluetooth-arac-kiti","8":"first","9":"instock","10":"purchasable","11":"product-type-simple","12":"entry","13":"content-bg","14":"loop-entry"},"_links":{"self":[{"href":"https:\/\/www.hediyepazar.com\/index.php?rest_route=\/wp\/v2\/product\/117333","targetHints":{"allow":["GET"]}}],"collection":[{"href":"https:\/\/www.hediyepazar.com\/index.php?rest_route=\/wp\/v2\/product"}],"about":[{"href":"https:\/\/www.hediyepazar.com\/index.php?rest_route=\/wp\/v2\/types\/product"}],"replies":[{"embeddable":true,"href":"https:\/\/www.hediyepazar.com\/index.php?rest_route=%2Fwp%2Fv2%2Fcomments&post=117333"}],"wp:featuredmedia":[{"embeddable":true,"href":"https:\/\/www.hediyepazar.com\/index.php?rest_route=\/wp\/v2\/media\/117332"}],"wp:attachment":[{"href":"https:\/\/www.hediyepazar.com\/index.php?rest_route=%2Fwp%2Fv2%2Fmedia&parent=117333"}],"wp:term":[{"taxonomy":"product_brand","embeddable":true,"href":"https:\/\/www.hediyepazar.com\/index.php?rest_route=%2Fwp%2Fv2%2Fproduct_brand&post=117333"},{"taxonomy":"product_cat","embeddable":true,"href":"https:\/\/www.hediyepazar.com\/index.php?rest_route=%2Fwp%2Fv2%2Fproduct_cat&post=117333"},{"taxonomy":"product_tag","embeddable":true,"href":"https:\/\/www.hediyepazar.com\/index.php?rest_route=%2Fwp%2Fv2%2Fproduct_tag&post=117333"}],"curies":[{"name":"wp","href":"https:\/\/api.w.org\/{rel}","templated":true}]}}