{"id":117343,"date":"2026-05-05T19:36:08","date_gmt":"2026-05-05T22:36:08","guid":{"rendered":"https:\/\/www.hediyepazar.com\/?product=fineblue-f580-klipsli-bluetooth-kulaklik-gurultu-engelleyici-uzun-pil-omurlu"},"modified":"2026-05-05T19:36:08","modified_gmt":"2026-05-05T22:36:08","slug":"fineblue-f580-klipsli-bluetooth-kulaklik-gurultu-engelleyici-uzun-pil-omurlu","status":"publish","type":"product","link":"https:\/\/www.hediyepazar.com\/?product=fineblue-f580-klipsli-bluetooth-kulaklik-gurultu-engelleyici-uzun-pil-omurlu","title":{"rendered":"Fineblue F580 \u2013 Klipsli Bluetooth Kulakl\u0131k G\u00fcr\u00fclt\u00fc Engelleyici Uzun Pil \u00d6m\u00fcrl\u00fc"},"content":{"rendered":"<p>Kablolu kulakl\u0131k kar\u0131\u015f\u0131kl\u0131\u011f\u0131na veda edin. Fineblue F580, geri \u00e7ekilebilir ve d\u00fc\u011f\u00fcm olmayan kablosu, \u015f\u0131k ve ergonomik tasar\u0131m\u0131yla her ortamda konfor sunar.Geli\u015fmi\u015f Bluetooth 5.3 ba\u011flant\u0131s\u0131, h\u0131zl\u0131 e\u015fle\u015fme ve kesintisiz ba\u011flant\u0131 sa\u011flar. \u0130ster i\u015f g\u00f6r\u00fc\u015fmesinde olun, ister m\u00fczik dinleyin \u2013 ba\u011flant\u0131 kopmadan devam eder.Klipsli tasar\u0131m\u0131, kulakl\u0131\u011f\u0131 hareket halinde g\u00fcvenli tutar. \u00d6zellikle yo\u011fun \u00e7al\u0131\u015fan, d\u0131\u015far\u0131da zaman ge\u00e7iren ya da spor yapanlar i\u00e7in birebirdir.Su ge\u00e7irmez g\u00f6vdesi, k\u00f6t\u00fc hava ko\u015fullar\u0131nda dahi g\u00f6n\u00fcl rahatl\u0131\u011f\u0131yla kullan\u0131m sa\u011flar. Type-C h\u0131zl\u0131 \u015farj ve LED ekran g\u00f6stergesiyle pil durumu hep kontrol alt\u0131nda.12 saatlik uzun pil \u00f6mr\u00fc, t\u00fcm g\u00fcn kesintisiz deneyim sunar.<\/p>\n","protected":false},"excerpt":{"rendered":"<p>Kablolu kulakl\u0131k kar\u0131\u015f\u0131kl\u0131\u011f\u0131na veda edin. Fineblue F580, geri \u00e7ekilebilir ve d\u00fc\u011f\u00fcm olmayan kablosu, \u015f\u0131k ve ergonomik tasar\u0131m\u0131yla her ortamda konfor sunar.Geli\u015fmi\u015f Bluetooth 5.3 ba\u011flant\u0131s\u0131, h\u0131zl\u0131 e\u015fle\u015fme ve kesintisiz ba\u011flant\u0131 sa\u011flar. \u0130ster i\u015f g\u00f6r\u00fc\u015fmesinde olun, ister m\u00fczik dinleyin \u2013 ba\u011flant\u0131 kopmadan devam eder.Klipsli tasar\u0131m\u0131, kulakl\u0131\u011f\u0131 hareket halinde g\u00fcvenli tutar. \u00d6zellikle yo\u011fun \u00e7al\u0131\u015fan, d\u0131\u015far\u0131da zaman ge\u00e7iren ya&#8230;<\/p>\n","protected":false},"featured_media":117342,"comment_status":"open","ping_status":"closed","template":"","meta":{"_kad_post_transparent":"","_kad_post_title":"","_kad_post_layout":"","_kad_post_sidebar_id":"","_kad_post_content_style":"","_kad_post_vertical_padding":"","_kad_post_feature":"","_kad_post_feature_position":"","_kad_post_header":false,"_kad_post_footer":false,"_kad_post_classname":""},"product_brand":[],"product_cat":[14957],"product_tag":[],"class_list":{"0":"post-117343","1":"product","2":"type-product","3":"status-publish","4":"has-post-thumbnail","6":"product_cat-kablosuz-kulaklik-kablosuz-kulaklik","8":"first","9":"instock","10":"purchasable","11":"product-type-simple","12":"entry","13":"content-bg","14":"loop-entry"},"_links":{"self":[{"href":"https:\/\/www.hediyepazar.com\/index.php?rest_route=\/wp\/v2\/product\/117343","targetHints":{"allow":["GET"]}}],"collection":[{"href":"https:\/\/www.hediyepazar.com\/index.php?rest_route=\/wp\/v2\/product"}],"about":[{"href":"https:\/\/www.hediyepazar.com\/index.php?rest_route=\/wp\/v2\/types\/product"}],"replies":[{"embeddable":true,"href":"https:\/\/www.hediyepazar.com\/index.php?rest_route=%2Fwp%2Fv2%2Fcomments&post=117343"}],"wp:featuredmedia":[{"embeddable":true,"href":"https:\/\/www.hediyepazar.com\/index.php?rest_route=\/wp\/v2\/media\/117342"}],"wp:attachment":[{"href":"https:\/\/www.hediyepazar.com\/index.php?rest_route=%2Fwp%2Fv2%2Fmedia&parent=117343"}],"wp:term":[{"taxonomy":"product_brand","embeddable":true,"href":"https:\/\/www.hediyepazar.com\/index.php?rest_route=%2Fwp%2Fv2%2Fproduct_brand&post=117343"},{"taxonomy":"product_cat","embeddable":true,"href":"https:\/\/www.hediyepazar.com\/index.php?rest_route=%2Fwp%2Fv2%2Fproduct_cat&post=117343"},{"taxonomy":"product_tag","embeddable":true,"href":"https:\/\/www.hediyepazar.com\/index.php?rest_route=%2Fwp%2Fv2%2Fproduct_tag&post=117343"}],"curies":[{"name":"wp","href":"https:\/\/api.w.org\/{rel}","templated":true}]}}