{"id":117359,"date":"2026-05-05T19:39:02","date_gmt":"2026-05-05T22:39:02","guid":{"rendered":"https:\/\/www.hediyepazar.com\/?product=led-sicaklik-olcerli-250-ml-yalitimli-termos-sise"},"modified":"2026-05-05T19:39:02","modified_gmt":"2026-05-05T22:39:02","slug":"led-sicaklik-olcerli-250-ml-yalitimli-termos-sise","status":"publish","type":"product","link":"https:\/\/www.hediyepazar.com\/?product=led-sicaklik-olcerli-250-ml-yalitimli-termos-sise","title":{"rendered":"LED S\u0131cakl\u0131k \u00d6l\u00e7erli 250 ml Yal\u0131t\u0131ml\u0131 Termos \u015ei\u015fe"},"content":{"rendered":"<p>Estetik a\u00e7\u0131dan modern, minimalist bir g\u00f6r\u00fcn\u00fcme sahip olan bu termos, fonksiyonelli\u011fi ile oldu\u011fu kadar \u015f\u0131kl\u0131\u011f\u0131yla da \u00f6ne \u00e7\u0131kmaktad\u0131r. Mat metalik d\u0131\u015f y\u00fczeyi, hem zarif hem de elde kaymay\u0131 \u00f6nleyen bir y\u00fczey sunar.LED ekran teknolojisi, termos i\u00e7indeki s\u0131v\u0131n\u0131n anl\u0131k s\u0131cakl\u0131\u011f\u0131n\u0131 g\u00f6stererek hem \u00e7ocuklar hem de yeti\u015fkinler i\u00e7in g\u00fcvenli bir i\u00e7im deneyimi sunar. Kullan\u0131m esnas\u0131nda yaln\u0131zca tek bir parmak dokunu\u015fuyla s\u0131cakl\u0131\u011f\u0131 g\u00f6rebilmek m\u00fcmk\u00fcnd\u00fcr. Pil gerektirmeyen, uzun \u00f6m\u00fcrl\u00fc dokunmatik ekran teknolojisi, enerji verimlili\u011fi a\u00e7\u0131s\u0131ndan da \u00f6ne \u00e7\u0131kar.Bu termosun i\u00e7 yap\u0131s\u0131, koku ve tat kal\u0131nt\u0131s\u0131 b\u0131rakmayan y\u00fcksek kaliteli \u00e7elik astar ile donat\u0131lm\u0131\u015ft\u0131r. B\u00f6ylece her kullan\u0131mda i\u00e7ece\u011finizin ger\u00e7ek aromas\u0131n\u0131 ve lezzetini hissedersiniz. 500 ml kapasitesi, g\u00fcnl\u00fck su, \u00e7ay, kahve, bitki \u00e7ay\u0131 veya so\u011fuk i\u00e7ecekler i\u00e7in ideal \u00f6l\u00e7\u00fcdedir. S\u0131zd\u0131rmaz kapa\u011f\u0131 ve hafif yap\u0131s\u0131 sayesinde \u00e7antan\u0131zda, araban\u0131zda ya da masan\u0131zda her zaman g\u00fcvenle bulundurabilirsiniz.&nbsp;<\/p>\n","protected":false},"excerpt":{"rendered":"<p>Estetik a\u00e7\u0131dan modern, minimalist bir g\u00f6r\u00fcn\u00fcme sahip olan bu termos, fonksiyonelli\u011fi ile oldu\u011fu kadar \u015f\u0131kl\u0131\u011f\u0131yla da \u00f6ne \u00e7\u0131kmaktad\u0131r. Mat metalik d\u0131\u015f y\u00fczeyi, hem zarif hem de elde kaymay\u0131 \u00f6nleyen bir y\u00fczey sunar.LED ekran teknolojisi, termos i\u00e7indeki s\u0131v\u0131n\u0131n anl\u0131k s\u0131cakl\u0131\u011f\u0131n\u0131 g\u00f6stererek hem \u00e7ocuklar hem de yeti\u015fkinler i\u00e7in g\u00fcvenli bir i\u00e7im deneyimi sunar. Kullan\u0131m esnas\u0131nda yaln\u0131zca tek&#8230;<\/p>\n","protected":false},"featured_media":117358,"comment_status":"open","ping_status":"closed","template":"","meta":{"_kad_post_transparent":"","_kad_post_title":"","_kad_post_layout":"","_kad_post_sidebar_id":"","_kad_post_content_style":"","_kad_post_vertical_padding":"","_kad_post_feature":"","_kad_post_feature_position":"","_kad_post_header":false,"_kad_post_footer":false,"_kad_post_classname":""},"product_brand":[],"product_cat":[14909],"product_tag":[],"class_list":{"0":"post-117359","1":"product","2":"type-product","3":"status-publish","4":"has-post-thumbnail","6":"product_cat-termos-termos","8":"first","9":"instock","10":"purchasable","11":"product-type-simple","12":"entry","13":"content-bg","14":"loop-entry"},"_links":{"self":[{"href":"https:\/\/www.hediyepazar.com\/index.php?rest_route=\/wp\/v2\/product\/117359","targetHints":{"allow":["GET"]}}],"collection":[{"href":"https:\/\/www.hediyepazar.com\/index.php?rest_route=\/wp\/v2\/product"}],"about":[{"href":"https:\/\/www.hediyepazar.com\/index.php?rest_route=\/wp\/v2\/types\/product"}],"replies":[{"embeddable":true,"href":"https:\/\/www.hediyepazar.com\/index.php?rest_route=%2Fwp%2Fv2%2Fcomments&post=117359"}],"wp:featuredmedia":[{"embeddable":true,"href":"https:\/\/www.hediyepazar.com\/index.php?rest_route=\/wp\/v2\/media\/117358"}],"wp:attachment":[{"href":"https:\/\/www.hediyepazar.com\/index.php?rest_route=%2Fwp%2Fv2%2Fmedia&parent=117359"}],"wp:term":[{"taxonomy":"product_brand","embeddable":true,"href":"https:\/\/www.hediyepazar.com\/index.php?rest_route=%2Fwp%2Fv2%2Fproduct_brand&post=117359"},{"taxonomy":"product_cat","embeddable":true,"href":"https:\/\/www.hediyepazar.com\/index.php?rest_route=%2Fwp%2Fv2%2Fproduct_cat&post=117359"},{"taxonomy":"product_tag","embeddable":true,"href":"https:\/\/www.hediyepazar.com\/index.php?rest_route=%2Fwp%2Fv2%2Fproduct_tag&post=117359"}],"curies":[{"name":"wp","href":"https:\/\/api.w.org\/{rel}","templated":true}]}}