{"id":117363,"date":"2026-05-05T19:39:14","date_gmt":"2026-05-05T22:39:14","guid":{"rendered":"https:\/\/www.hediyepazar.com\/?product=uzun-sure-isi-koruma-saglayan-dijital-gostergeli-termos"},"modified":"2026-05-05T19:39:14","modified_gmt":"2026-05-05T22:39:14","slug":"uzun-sure-isi-koruma-saglayan-dijital-gostergeli-termos","status":"publish","type":"product","link":"https:\/\/www.hediyepazar.com\/?product=uzun-sure-isi-koruma-saglayan-dijital-gostergeli-termos","title":{"rendered":"Uzun S\u00fcre Is\u0131 Koruma Sa\u011flayan Dijital G\u00f6stergeli Termos"},"content":{"rendered":"<p>G\u00fcnl\u00fck ya\u015fam\u0131n yo\u011fun temposunda, i\u00e7eceklerinizin ideal s\u0131cakl\u0131kta kalmas\u0131 hem konfor hem de sa\u011fl\u0131k a\u00e7\u0131s\u0131ndan \u00f6nemlidir. 500 ml kapasiteli bu LED g\u00f6stergeli termos, teknoloji ve ergonomiyi bir araya getiren modern bir tasar\u0131m sunar. \u0130\u00e7 ve d\u0131\u015f y\u00fczeyi paslanmaz \u00e7elikten \u00fcretilmi\u015ftir; bu da termosu uzun \u00f6m\u00fcrl\u00fc, sa\u011flam ve hijyenik hale getirir.\u00dcr\u00fcn\u00fcn kapa\u011f\u0131nda bulunan dokunmatik LED ekran, i\u00e7ece\u011fin anl\u0131k s\u0131cakl\u0131\u011f\u0131n\u0131 g\u00f6stererek kullan\u0131c\u0131ya tam kontrol sa\u011flar. 80.000 kez dokunmaya kadar dayan\u0131kl\u0131 olan bu sens\u00f6r, pil de\u011fi\u015fimine gerek kalmadan y\u0131llarca g\u00fcvenle kullan\u0131labilir. S\u0131cak i\u00e7eceklerinizi 12 saate kadar, so\u011fuk i\u00e7eceklerinizi ise 24 saate kadar ideal s\u0131cakl\u0131kta tutabilen bu termos, g\u00fcn boyu i\u00e7ece\u011finizin lezzetini ve s\u0131cakl\u0131\u011f\u0131n\u0131 korur.Ta\u015f\u0131nabilirli\u011fi kolayla\u015ft\u0131ran kompakt yap\u0131s\u0131 sayesinde \u00e7anta i\u00e7inde rahatl\u0131kla ta\u015f\u0131nabilir. Ofiste, okulda, ara\u00e7ta, y\u00fcr\u00fcy\u00fc\u015fte ya da seyahatte g\u00fcvenle kullan\u0131labilir. S\u0131zd\u0131rmazl\u0131k \u00f6zellikli kapa\u011f\u0131 sayesinde d\u00f6k\u00fclme veya akma gibi sorunlar ya\u015fanmaz. Her kullan\u0131mda rahatl\u0131k, pratiklik ve g\u00fcven sunar.<\/p>\n","protected":false},"excerpt":{"rendered":"<p>G\u00fcnl\u00fck ya\u015fam\u0131n yo\u011fun temposunda, i\u00e7eceklerinizin ideal s\u0131cakl\u0131kta kalmas\u0131 hem konfor hem de sa\u011fl\u0131k a\u00e7\u0131s\u0131ndan \u00f6nemlidir. 500 ml kapasiteli bu LED g\u00f6stergeli termos, teknoloji ve ergonomiyi bir araya getiren modern bir tasar\u0131m sunar. \u0130\u00e7 ve d\u0131\u015f y\u00fczeyi paslanmaz \u00e7elikten \u00fcretilmi\u015ftir; bu da termosu uzun \u00f6m\u00fcrl\u00fc, sa\u011flam ve hijyenik hale getirir.\u00dcr\u00fcn\u00fcn kapa\u011f\u0131nda bulunan dokunmatik LED ekran, i\u00e7ece\u011fin&#8230;<\/p>\n","protected":false},"featured_media":117362,"comment_status":"open","ping_status":"closed","template":"","meta":{"_kad_post_transparent":"","_kad_post_title":"","_kad_post_layout":"","_kad_post_sidebar_id":"","_kad_post_content_style":"","_kad_post_vertical_padding":"","_kad_post_feature":"","_kad_post_feature_position":"","_kad_post_header":false,"_kad_post_footer":false,"_kad_post_classname":""},"product_brand":[],"product_cat":[14909],"product_tag":[],"class_list":{"0":"post-117363","1":"product","2":"type-product","3":"status-publish","4":"has-post-thumbnail","6":"product_cat-termos-termos","8":"first","9":"instock","10":"purchasable","11":"product-type-simple","12":"entry","13":"content-bg","14":"loop-entry"},"_links":{"self":[{"href":"https:\/\/www.hediyepazar.com\/index.php?rest_route=\/wp\/v2\/product\/117363","targetHints":{"allow":["GET"]}}],"collection":[{"href":"https:\/\/www.hediyepazar.com\/index.php?rest_route=\/wp\/v2\/product"}],"about":[{"href":"https:\/\/www.hediyepazar.com\/index.php?rest_route=\/wp\/v2\/types\/product"}],"replies":[{"embeddable":true,"href":"https:\/\/www.hediyepazar.com\/index.php?rest_route=%2Fwp%2Fv2%2Fcomments&post=117363"}],"wp:featuredmedia":[{"embeddable":true,"href":"https:\/\/www.hediyepazar.com\/index.php?rest_route=\/wp\/v2\/media\/117362"}],"wp:attachment":[{"href":"https:\/\/www.hediyepazar.com\/index.php?rest_route=%2Fwp%2Fv2%2Fmedia&parent=117363"}],"wp:term":[{"taxonomy":"product_brand","embeddable":true,"href":"https:\/\/www.hediyepazar.com\/index.php?rest_route=%2Fwp%2Fv2%2Fproduct_brand&post=117363"},{"taxonomy":"product_cat","embeddable":true,"href":"https:\/\/www.hediyepazar.com\/index.php?rest_route=%2Fwp%2Fv2%2Fproduct_cat&post=117363"},{"taxonomy":"product_tag","embeddable":true,"href":"https:\/\/www.hediyepazar.com\/index.php?rest_route=%2Fwp%2Fv2%2Fproduct_tag&post=117363"}],"curies":[{"name":"wp","href":"https:\/\/api.w.org\/{rel}","templated":true}]}}