{"id":117365,"date":"2026-05-05T19:39:19","date_gmt":"2026-05-05T22:39:19","guid":{"rendered":"https:\/\/www.hediyepazar.com\/?product=yuksek-isi-korumasina-sahip-tasinabilir-celik-termos"},"modified":"2026-05-05T19:39:19","modified_gmt":"2026-05-05T22:39:19","slug":"yuksek-isi-korumasina-sahip-tasinabilir-celik-termos","status":"publish","type":"product","link":"https:\/\/www.hediyepazar.com\/?product=yuksek-isi-korumasina-sahip-tasinabilir-celik-termos","title":{"rendered":"Y\u00fcksek Is\u0131 Korumas\u0131na Sahip Ta\u015f\u0131nabilir \u00c7elik Termos"},"content":{"rendered":"<p>Bu modern ve teknolojik \u00f6zelliklerle donat\u0131lm\u0131\u015f 250 ml kapasiteli ak\u0131ll\u0131 termos, kullan\u0131c\u0131lar\u0131na hem estetik hem de i\u015flevsel bir deneyim sunmak \u00fczere tasarlanm\u0131\u015ft\u0131r. Y\u00fcksek kaliteli paslanmaz \u00e7elikten \u00fcretilmi\u015f i\u00e7 ve d\u0131\u015f y\u00fczeyi, uzun \u00f6m\u00fcrl\u00fc ve hijyenik kullan\u0131m sa\u011flar. \u00dcr\u00fcn, hem g\u00fcnl\u00fck kullan\u0131ma hem de d\u0131\u015f mek\u00e2n aktivitelerine uygun kompakt yap\u0131s\u0131yla \u00f6ne \u00e7\u0131kar.Termosun dikkat \u00e7eken en \u00f6nemli \u00f6zelli\u011fi, dokunmatik LED s\u0131cakl\u0131k g\u00f6stergesi ile donat\u0131lm\u0131\u015f kapa\u011f\u0131d\u0131r. Bu g\u00f6sterge, termos i\u00e7indeki s\u0131v\u0131n\u0131n s\u0131cakl\u0131\u011f\u0131n\u0131 anl\u0131k olarak ve y\u00fcksek hassasiyetle \u00f6l\u00e7er. \u00dcstelik LED sens\u00f6r\u00fc, herhangi bir fiziksel d\u00fc\u011fmeye ihtiya\u00e7 duymadan hafif bir dokunu\u015fla aktifle\u015fir, b\u00f6ylece temas\u0131 minimuma indirerek hijyen sa\u011flar. G\u00f6sterge sistemi, yakla\u015f\u0131k 80.000 dokunu\u015f kapasitesine sahiptir; bu da \u00fcr\u00fcn\u00fcn LED panelinin 5 y\u0131l\u0131 a\u015fk\u0131n s\u00fcre bak\u0131m gerektirmeden kullan\u0131labilece\u011fi anlam\u0131na gelir.S\u0131v\u0131 muhafaza performans\u0131 olduk\u00e7a y\u00fcksektir. \u0130\u00e7erdi\u011fi i\u00e7 yal\u0131t\u0131m teknolojisi sayesinde i\u00e7indeki s\u0131v\u0131y\u0131 12 saate kadar s\u0131cak, 24 saate kadar ise so\u011fuk \u015fekilde muhafaza eder. Bu \u00f6zellik, termosu yaln\u0131zca kahve veya \u00e7ay gibi s\u0131cak i\u00e7ecekler i\u00e7in de\u011fil, ayn\u0131 zamanda so\u011fuk su, meyve suyu veya spor i\u00e7ecekleri i\u00e7in de ideal k\u0131lar.\u00dcr\u00fcn, 22,5 cm y\u00fcksekli\u011fi ve 6 cm \u00e7ap\u0131yla \u00e7antalarda ta\u015f\u0131maya uygundur ve hem ofis, okul, ara\u00e7 i\u00e7i kullan\u0131mlar hem de y\u00fcr\u00fcy\u00fc\u015f, kamp ve seyahat gibi etkinlikler i\u00e7in ergonomik bir \u00e7\u00f6z\u00fcm sunar. Kapak yap\u0131s\u0131 s\u0131zd\u0131rmaz \u00f6zellikte tasarlanm\u0131\u015f olup, ta\u015f\u0131rken d\u00f6k\u00fclme riskini ortadan kald\u0131r\u0131r.Paslanmaz \u00e7elik yap\u0131s\u0131, s\u0131v\u0131 ile temas eden y\u00fczeyin kimyasal sal\u0131n\u0131m yapmas\u0131n\u0131 \u00f6nleyerek sa\u011fl\u0131kl\u0131 kullan\u0131m sa\u011flar. Ayr\u0131ca d\u0131\u015f y\u00fczeyin dayan\u0131kl\u0131 yap\u0131s\u0131 sayesinde darbelere kar\u015f\u0131 diren\u00e7lidir ve \u00e7izilmelere kar\u015f\u0131 da koruma sunar.Bu termos, hem teknolojiyi hem de y\u00fcksek kaliteli yal\u0131t\u0131m\u0131 bir araya getirerek, g\u00fcnl\u00fck ya\u015famda s\u0131cakl\u0131k kontrol\u00fcn\u00fc elinizin alt\u0131nda tutman\u0131z\u0131 sa\u011flar. Geli\u015fmi\u015f \u00f6zellikleri, \u015f\u0131k ve minimal tasar\u0131m\u0131yla birle\u015ferek, fonksiyonel oldu\u011fu kadar estetik bir \u00fcr\u00fcn arayan kullan\u0131c\u0131lar i\u00e7in m\u00fckemmel bir tercihtir.&nbsp;<\/p>\n","protected":false},"excerpt":{"rendered":"<p>Bu modern ve teknolojik \u00f6zelliklerle donat\u0131lm\u0131\u015f 250 ml kapasiteli ak\u0131ll\u0131 termos, kullan\u0131c\u0131lar\u0131na hem estetik hem de i\u015flevsel bir deneyim sunmak \u00fczere tasarlanm\u0131\u015ft\u0131r. Y\u00fcksek kaliteli paslanmaz \u00e7elikten \u00fcretilmi\u015f i\u00e7 ve d\u0131\u015f y\u00fczeyi, uzun \u00f6m\u00fcrl\u00fc ve hijyenik kullan\u0131m sa\u011flar. \u00dcr\u00fcn, hem g\u00fcnl\u00fck kullan\u0131ma hem de d\u0131\u015f mek\u00e2n aktivitelerine uygun kompakt yap\u0131s\u0131yla \u00f6ne \u00e7\u0131kar.Termosun dikkat \u00e7eken en \u00f6nemli&#8230;<\/p>\n","protected":false},"featured_media":117364,"comment_status":"open","ping_status":"closed","template":"","meta":{"_kad_post_transparent":"","_kad_post_title":"","_kad_post_layout":"","_kad_post_sidebar_id":"","_kad_post_content_style":"","_kad_post_vertical_padding":"","_kad_post_feature":"","_kad_post_feature_position":"","_kad_post_header":false,"_kad_post_footer":false,"_kad_post_classname":""},"product_brand":[],"product_cat":[14909],"product_tag":[],"class_list":{"0":"post-117365","1":"product","2":"type-product","3":"status-publish","4":"has-post-thumbnail","6":"product_cat-termos-termos","8":"first","9":"instock","10":"purchasable","11":"product-type-simple","12":"entry","13":"content-bg","14":"loop-entry"},"_links":{"self":[{"href":"https:\/\/www.hediyepazar.com\/index.php?rest_route=\/wp\/v2\/product\/117365","targetHints":{"allow":["GET"]}}],"collection":[{"href":"https:\/\/www.hediyepazar.com\/index.php?rest_route=\/wp\/v2\/product"}],"about":[{"href":"https:\/\/www.hediyepazar.com\/index.php?rest_route=\/wp\/v2\/types\/product"}],"replies":[{"embeddable":true,"href":"https:\/\/www.hediyepazar.com\/index.php?rest_route=%2Fwp%2Fv2%2Fcomments&post=117365"}],"wp:featuredmedia":[{"embeddable":true,"href":"https:\/\/www.hediyepazar.com\/index.php?rest_route=\/wp\/v2\/media\/117364"}],"wp:attachment":[{"href":"https:\/\/www.hediyepazar.com\/index.php?rest_route=%2Fwp%2Fv2%2Fmedia&parent=117365"}],"wp:term":[{"taxonomy":"product_brand","embeddable":true,"href":"https:\/\/www.hediyepazar.com\/index.php?rest_route=%2Fwp%2Fv2%2Fproduct_brand&post=117365"},{"taxonomy":"product_cat","embeddable":true,"href":"https:\/\/www.hediyepazar.com\/index.php?rest_route=%2Fwp%2Fv2%2Fproduct_cat&post=117365"},{"taxonomy":"product_tag","embeddable":true,"href":"https:\/\/www.hediyepazar.com\/index.php?rest_route=%2Fwp%2Fv2%2Fproduct_tag&post=117365"}],"curies":[{"name":"wp","href":"https:\/\/api.w.org\/{rel}","templated":true}]}}