{"id":117367,"date":"2026-05-05T19:41:04","date_gmt":"2026-05-05T22:41:04","guid":{"rendered":"https:\/\/www.hediyepazar.com\/?product=250ml-led-ekranli-paslanmaz-celik-akilli-termos"},"modified":"2026-05-05T19:41:04","modified_gmt":"2026-05-05T22:41:04","slug":"250ml-led-ekranli-paslanmaz-celik-akilli-termos","status":"publish","type":"product","link":"https:\/\/www.hediyepazar.com\/?product=250ml-led-ekranli-paslanmaz-celik-akilli-termos","title":{"rendered":"250ml LED Ekranl\u0131 Paslanmaz \u00c7elik Ak\u0131ll\u0131 Termos"},"content":{"rendered":"<p>Bu y\u00fcksek performansl\u0131 g\u00fcne\u015f enerjili termos su \u0131s\u0131t\u0131c\u0131s\u0131, d\u0131\u015f mek\u00e2n aktiviteleri i\u00e7in ideal olan 250 ml kapasitesiyle hem kompakt hem de i\u015flevsel bir \u00e7\u00f6z\u00fcmd\u00fcr. Geli\u015fmi\u015f yal\u0131t\u0131m teknolojisi sayesinde 4 katmanl\u0131 \u0131s\u0131 koruma sistemine sahiptir ve bu sayede 24 saat boyunca s\u0131cakl\u0131\u011f\u0131 sabit tutarak i\u00e7eceklerinizi ideal s\u0131cakl\u0131kta muhafaza eder.\u0130\u00e7 astar\u0131, 304 dereceye kadar \u0131s\u0131ya dayan\u0131kl\u0131, diki\u015fsiz paslanmaz \u00e7elikten \u00fcretilmi\u015ftir. Bu da \u00fcr\u00fcn\u00fc hem hijyenik hem de g\u00fcvenli hale getirirken, geleneksel kaynakl\u0131 i\u00e7 astarlarda g\u00f6r\u00fclebilecek s\u0131z\u0131nt\u0131 ve korozyon riskini ortadan kald\u0131r\u0131r. G\u0131da s\u0131n\u0131f\u0131 PP kapak ve silikon s\u0131zd\u0131rmazl\u0131k halkas\u0131 sayesinde s\u0131v\u0131 s\u0131z\u0131nt\u0131s\u0131 tamamen engellenir. 360\u00b0 s\u0131zd\u0131rmaz tasar\u0131m\u0131, \u00e7antan\u0131zda d\u00f6k\u00fclme riskini ortadan kald\u0131r\u0131r.S\u0131zd\u0131rmaz kapak ve i\u00e7 k\u0131s\u0131mdaki \u00e7ay s\u00fczgeci, \u00f6zellikle s\u0131cak bitki \u00e7ay\u0131 ve filtre kahve t\u00fcketiminde b\u00fcy\u00fck kolayl\u0131k sa\u011flar. Kupan\u0131n yuvarlak ve p\u00fcr\u00fczs\u00fcz a\u011fz\u0131, kullan\u0131m s\u0131ras\u0131nda konfor ve hijyen sunar. Kaymaz taban \u00f6zelli\u011fi, \u00fcr\u00fcn\u00fc her t\u00fcrl\u00fc y\u00fczeyde g\u00fcvenli bir \u015fekilde konumland\u0131rman\u0131za olanak tan\u0131r.Kompakt ve ta\u015f\u0131nabilir yap\u0131s\u0131, \u00f6zellikle do\u011fa y\u00fcr\u00fcy\u00fc\u015fleri, kamp, piknik ve g\u00fcnl\u00fck ofis kullan\u0131m\u0131 i\u00e7in olduk\u00e7a uygundur. Yakla\u015f\u0131k olarak iki k\u00fc\u00e7\u00fck su \u015fi\u015fesine e\u015fde\u011fer kapasiteye sahiptir ve \u00e7antan\u0131zda fazla yer kaplamaz. Geli\u015ftirilmi\u015f d\u0131\u015f y\u00fczeyi ile su ge\u00e7irmez ve darbelere kar\u015f\u0131 dayan\u0131kl\u0131d\u0131r.Estetik tasar\u0131m\u0131yla birlikte sundu\u011fu teknik avantajlar, bu \u00fcr\u00fcn\u00fc yaln\u0131zca bir termos de\u011fil, ayn\u0131 zamanda sa\u011fl\u0131kl\u0131 ve g\u00fcvenli bir i\u00e7ecek ta\u015f\u0131ma \u00e7\u00f6z\u00fcm\u00fc haline getirir.<\/p>\n","protected":false},"excerpt":{"rendered":"<p>Bu y\u00fcksek performansl\u0131 g\u00fcne\u015f enerjili termos su \u0131s\u0131t\u0131c\u0131s\u0131, d\u0131\u015f mek\u00e2n aktiviteleri i\u00e7in ideal olan 250 ml kapasitesiyle hem kompakt hem de i\u015flevsel bir \u00e7\u00f6z\u00fcmd\u00fcr. Geli\u015fmi\u015f yal\u0131t\u0131m teknolojisi sayesinde 4 katmanl\u0131 \u0131s\u0131 koruma sistemine sahiptir ve bu sayede 24 saat boyunca s\u0131cakl\u0131\u011f\u0131 sabit tutarak i\u00e7eceklerinizi ideal s\u0131cakl\u0131kta muhafaza eder.\u0130\u00e7 astar\u0131, 304 dereceye kadar \u0131s\u0131ya dayan\u0131kl\u0131, diki\u015fsiz&#8230;<\/p>\n","protected":false},"featured_media":117366,"comment_status":"open","ping_status":"closed","template":"","meta":{"_kad_post_transparent":"","_kad_post_title":"","_kad_post_layout":"","_kad_post_sidebar_id":"","_kad_post_content_style":"","_kad_post_vertical_padding":"","_kad_post_feature":"","_kad_post_feature_position":"","_kad_post_header":false,"_kad_post_footer":false,"_kad_post_classname":""},"product_brand":[],"product_cat":[14909],"product_tag":[],"class_list":{"0":"post-117367","1":"product","2":"type-product","3":"status-publish","4":"has-post-thumbnail","6":"product_cat-termos-termos","8":"first","9":"instock","10":"purchasable","11":"product-type-simple","12":"entry","13":"content-bg","14":"loop-entry"},"_links":{"self":[{"href":"https:\/\/www.hediyepazar.com\/index.php?rest_route=\/wp\/v2\/product\/117367","targetHints":{"allow":["GET"]}}],"collection":[{"href":"https:\/\/www.hediyepazar.com\/index.php?rest_route=\/wp\/v2\/product"}],"about":[{"href":"https:\/\/www.hediyepazar.com\/index.php?rest_route=\/wp\/v2\/types\/product"}],"replies":[{"embeddable":true,"href":"https:\/\/www.hediyepazar.com\/index.php?rest_route=%2Fwp%2Fv2%2Fcomments&post=117367"}],"wp:featuredmedia":[{"embeddable":true,"href":"https:\/\/www.hediyepazar.com\/index.php?rest_route=\/wp\/v2\/media\/117366"}],"wp:attachment":[{"href":"https:\/\/www.hediyepazar.com\/index.php?rest_route=%2Fwp%2Fv2%2Fmedia&parent=117367"}],"wp:term":[{"taxonomy":"product_brand","embeddable":true,"href":"https:\/\/www.hediyepazar.com\/index.php?rest_route=%2Fwp%2Fv2%2Fproduct_brand&post=117367"},{"taxonomy":"product_cat","embeddable":true,"href":"https:\/\/www.hediyepazar.com\/index.php?rest_route=%2Fwp%2Fv2%2Fproduct_cat&post=117367"},{"taxonomy":"product_tag","embeddable":true,"href":"https:\/\/www.hediyepazar.com\/index.php?rest_route=%2Fwp%2Fv2%2Fproduct_tag&post=117367"}],"curies":[{"name":"wp","href":"https:\/\/api.w.org\/{rel}","templated":true}]}}